{"id":1280,"date":"2017-08-23T10:07:11","date_gmt":"2017-08-23T08:07:11","guid":{"rendered":"http:\/\/krakbau.com.pl\/?page_id=1280\/"},"modified":"2017-09-04T14:41:30","modified_gmt":"2017-09-04T12:41:30","slug":"electrical-works","status":"publish","type":"page","link":"https:\/\/krakbau.com.pl\/en\/electrical-works\/","title":{"rendered":"Electrical works"},"content":{"rendered":"<h1 class=\"title1\">Electrical works<\/h1>\n<p>With their high qualifications and appropriate licences, our specialists managed to execute projects such as: D\u00fcsseldorf International Airport, Borussia-Park in M\u00f6nchengladbach or K\u00f6nig-Palast ice rink in Krefeld \u2013 all of them were carried out for Siemens Building Technologies. The scope of works included in particular: electrical systems, general and emergency lighting systems, fire alarm and electro-acoustic alarm systems, radio and sound systems, installation of electrotechnical equipment such as transformer stations, control systems, high and low voltage switching stations.<\/p>\n<p>The projects received very high marks in terms of professionalism, punctuality and quality of execution.<\/p>\n<h2 class=\"gallery-title\">Electrical works<\/h2><div class=\"vls-gf-breadcrumbs\"><span>Electrical works<\/span><\/div><div class=\"vls-gf-gallery vls-gf-2000 vls-gf-style-light vls-gf-style-none\" data-vls-gf-layout='{\"layout_type\":\"grid\",\"column_count\":3,\"column_count_xs\":1,\"aspect_ratio\":1,\"horizontal_spacing\":4,\"vertical_spacing\":4,\"align_bottom\":false,\"pagination_type\":\"paged-bullets\",\"page_size\":5}' data-vls-gf-settings='{\"pagination_type\":\"paged-bullets\"}'><style type=\"text\/css\">.vls-gf-2000 figure a{display:block;position:absolute;left:0;right:0;top:0;bottom:0;opacity:0;z-index:90;}.vls-gf-2000 figure .vls-gf-overlay{position:absolute;background-color:rgba(0, 0, 0, 0.52);left:0;right:0;bottom:0;opacity:0;z-index:10;transition:opacity 600ms ease;}.vls-gf-2000 figure .vls-gf-overlay .vls-gf-caption{margin:0;padding:10px 10px;color:#fff;text-align:center;font-size:18px;}.vls-gf-2000 figure .vls-gf-overlay .vls-gf-description{margin:0 0 10px 0;padding:2px 10px;color:#fff;font-size:14px;text-align:center;}.vls-gf-2000 figure .vls-gf-overlay .vls-gf-caption em, .vls-gf-description em{font-style:normal;font-weight:600;}.vls-gf-2000 figure:hover .vls-gf-overlay{opacity:1;}<\/style><div class=\"vls-gf-container\"><figure class=\"vls-gf-2001 vls-gf-init vls-gf-lazy\" data-vls-gf-thumbnail-width=\"500\" data-vls-gf-thumbnail-height=\"354\"><a class=\"vls-gf-main\" href=\"https:\/\/krakbau.com.pl\/en\/electrical-works\/dusseldorf-airport-airport-2000-plus-project-germany\"><\/a><div class=\"vls-gf-img\"><img data-src=\"https:\/\/krakbau.com.pl\/wp-content\/gf-uploads\/2017\/09\/preview-m\/Lotnisko-0.jpg?t=1601631083\"><\/div><div class=\"vls-gf-overlay\"><h2 class=\"vls-gf-caption\">D\u00dcSSELDORF AIRPORT \u2013 AIRPORT 2000 PLUS PROJECT, Germany<\/h2><div class=\"vls-gf-description\">Client: SIEMENS BUILDING TECHNOLOGIES GMBH & CO. Scope of works: electrical systems, general and emergency lighting systems, fire alarm and electro-acoustic alarm systems, radio and sound systems.<\/div><\/div><\/figure><figure class=\"vls-gf-2003 vls-gf-init vls-gf-lazy\" data-vls-gf-thumbnail-width=\"500\" data-vls-gf-thumbnail-height=\"328\"><a class=\"vls-gf-main\" href=\"https:\/\/krakbau.com.pl\/en\/electrical-works\/borussia-stadium-monchengladbach-germany\"><\/a><div class=\"vls-gf-img\"><img data-src=\"https:\/\/krakbau.com.pl\/wp-content\/gf-uploads\/2017\/09\/preview-m\/Stadion-ZDJECIE-G\u0141\u00d3WNE-0.jpg?t=1601631083\"><\/div><div class=\"vls-gf-overlay\"><h2 class=\"vls-gf-caption\">BORUSSIA STADIUM, M\u00f6nchengladbach, Germany<\/h2><div class=\"vls-gf-description\">Client: SIEMENS BUILDING TECHNOLOGIES GMBH & CO. HG<\/div><\/div><\/figure><\/div><\/div>\n","protected":false},"excerpt":{"rendered":"<p>Electrical works With their high qualifications and appropriate licences, our specialists managed to execute projects such as: D\u00fcsseldorf International Airport, Borussia-Park in M\u00f6nchengladbach or K\u00f6nig-Palast ice rink in Krefeld \u2013 all of them were carried out for Siemens Building Technologies. &hellip; <a href=\"https:\/\/krakbau.com.pl\/en\/electrical-works\/\">Continued<\/a><\/p>\n","protected":false},"author":1,"featured_media":0,"parent":0,"menu_order":0,"comment_status":"closed","ping_status":"closed","template":"template-1.php","meta":[],"yoast_head":"<!-- This site is optimized with the Yoast SEO plugin v18.4.1 - https:\/\/yoast.com\/wordpress\/plugins\/seo\/ -->\n<title>Electrical works - Krakbau S.A.<\/title>\n<meta name=\"robots\" content=\"index, follow, max-snippet:-1, max-image-preview:large, max-video-preview:-1\" \/>\n<link rel=\"canonical\" href=\"https:\/\/krakbau.com.pl\/en\/electrical-works\/\" \/>\n<meta property=\"og:locale\" content=\"en_US\" \/>\n<meta property=\"og:type\" content=\"article\" \/>\n<meta property=\"og:title\" content=\"Electrical works - Krakbau S.A.\" \/>\n<meta property=\"og:description\" content=\"Electrical works With their high qualifications and appropriate licences, our specialists managed to execute projects such as: D\u00fcsseldorf International Airport, Borussia-Park in M\u00f6nchengladbach or K\u00f6nig-Palast ice rink in Krefeld \u2013 all of them were carried out for Siemens Building Technologies. &hellip; Continued\" \/>\n<meta property=\"og:url\" content=\"https:\/\/krakbau.com.pl\/en\/electrical-works\/\" \/>\n<meta property=\"og:site_name\" content=\"Krakbau S.A.\" \/>\n<meta property=\"article:modified_time\" content=\"2017-09-04T12:41:30+00:00\" \/>\n<meta name=\"twitter:card\" content=\"summary\" \/>\n<meta name=\"twitter:label1\" content=\"Est. reading time\" \/>\n\t<meta name=\"twitter:data1\" content=\"1 minute\" \/>\n<script type=\"application\/ld+json\" class=\"yoast-schema-graph\">{\"@context\":\"https:\/\/schema.org\",\"@graph\":[{\"@type\":\"WebSite\",\"@id\":\"https:\/\/krakbau.com.pl\/#website\",\"url\":\"https:\/\/krakbau.com.pl\/\",\"name\":\"Krakbau S.A.\",\"description\":\"\",\"potentialAction\":[{\"@type\":\"SearchAction\",\"target\":{\"@type\":\"EntryPoint\",\"urlTemplate\":\"https:\/\/krakbau.com.pl\/?s={search_term_string}\"},\"query-input\":\"required name=search_term_string\"}],\"inLanguage\":\"en-US\"},{\"@type\":\"WebPage\",\"@id\":\"https:\/\/krakbau.com.pl\/en\/electrical-works\/#webpage\",\"url\":\"https:\/\/krakbau.com.pl\/en\/electrical-works\/\",\"name\":\"Electrical works - Krakbau S.A.\",\"isPartOf\":{\"@id\":\"https:\/\/krakbau.com.pl\/#website\"},\"datePublished\":\"2017-08-23T08:07:11+00:00\",\"dateModified\":\"2017-09-04T12:41:30+00:00\",\"breadcrumb\":{\"@id\":\"https:\/\/krakbau.com.pl\/en\/electrical-works\/#breadcrumb\"},\"inLanguage\":\"en-US\",\"potentialAction\":[{\"@type\":\"ReadAction\",\"target\":[\"https:\/\/krakbau.com.pl\/en\/electrical-works\/\"]}]},{\"@type\":\"BreadcrumbList\",\"@id\":\"https:\/\/krakbau.com.pl\/en\/electrical-works\/#breadcrumb\",\"itemListElement\":[{\"@type\":\"ListItem\",\"position\":1,\"name\":\"Home\",\"item\":\"https:\/\/krakbau.com.pl\/en\/\"},{\"@type\":\"ListItem\",\"position\":2,\"name\":\"Electrical works\"}]}]}<\/script>\n<!-- \/ Yoast SEO plugin. -->","yoast_head_json":{"title":"Electrical works - Krakbau S.A.","robots":{"index":"index","follow":"follow","max-snippet":"max-snippet:-1","max-image-preview":"max-image-preview:large","max-video-preview":"max-video-preview:-1"},"canonical":"https:\/\/krakbau.com.pl\/en\/electrical-works\/","og_locale":"en_US","og_type":"article","og_title":"Electrical works - Krakbau S.A.","og_description":"Electrical works With their high qualifications and appropriate licences, our specialists managed to execute projects such as: D\u00fcsseldorf International Airport, Borussia-Park in M\u00f6nchengladbach or K\u00f6nig-Palast ice rink in Krefeld \u2013 all of them were carried out for Siemens Building Technologies. &hellip; Continued","og_url":"https:\/\/krakbau.com.pl\/en\/electrical-works\/","og_site_name":"Krakbau S.A.","article_modified_time":"2017-09-04T12:41:30+00:00","twitter_card":"summary","twitter_misc":{"Est. reading time":"1 minute"},"schema":{"@context":"https:\/\/schema.org","@graph":[{"@type":"WebSite","@id":"https:\/\/krakbau.com.pl\/#website","url":"https:\/\/krakbau.com.pl\/","name":"Krakbau S.A.","description":"","potentialAction":[{"@type":"SearchAction","target":{"@type":"EntryPoint","urlTemplate":"https:\/\/krakbau.com.pl\/?s={search_term_string}"},"query-input":"required name=search_term_string"}],"inLanguage":"en-US"},{"@type":"WebPage","@id":"https:\/\/krakbau.com.pl\/en\/electrical-works\/#webpage","url":"https:\/\/krakbau.com.pl\/en\/electrical-works\/","name":"Electrical works - Krakbau S.A.","isPartOf":{"@id":"https:\/\/krakbau.com.pl\/#website"},"datePublished":"2017-08-23T08:07:11+00:00","dateModified":"2017-09-04T12:41:30+00:00","breadcrumb":{"@id":"https:\/\/krakbau.com.pl\/en\/electrical-works\/#breadcrumb"},"inLanguage":"en-US","potentialAction":[{"@type":"ReadAction","target":["https:\/\/krakbau.com.pl\/en\/electrical-works\/"]}]},{"@type":"BreadcrumbList","@id":"https:\/\/krakbau.com.pl\/en\/electrical-works\/#breadcrumb","itemListElement":[{"@type":"ListItem","position":1,"name":"Home","item":"https:\/\/krakbau.com.pl\/en\/"},{"@type":"ListItem","position":2,"name":"Electrical works"}]}]}},"_links":{"self":[{"href":"https:\/\/krakbau.com.pl\/en\/wp-json\/wp\/v2\/pages\/1280"}],"collection":[{"href":"https:\/\/krakbau.com.pl\/en\/wp-json\/wp\/v2\/pages"}],"about":[{"href":"https:\/\/krakbau.com.pl\/en\/wp-json\/wp\/v2\/types\/page"}],"author":[{"embeddable":true,"href":"https:\/\/krakbau.com.pl\/en\/wp-json\/wp\/v2\/users\/1"}],"replies":[{"embeddable":true,"href":"https:\/\/krakbau.com.pl\/en\/wp-json\/wp\/v2\/comments?post=1280"}],"version-history":[{"count":2,"href":"https:\/\/krakbau.com.pl\/en\/wp-json\/wp\/v2\/pages\/1280\/revisions"}],"predecessor-version":[{"id":1431,"href":"https:\/\/krakbau.com.pl\/en\/wp-json\/wp\/v2\/pages\/1280\/revisions\/1431"}],"wp:attachment":[{"href":"https:\/\/krakbau.com.pl\/en\/wp-json\/wp\/v2\/media?parent=1280"}],"curies":[{"name":"wp","href":"https:\/\/api.w.org\/{rel}","templated":true}]}}