{"id":1277,"date":"2017-08-23T10:04:42","date_gmt":"2017-08-23T08:04:42","guid":{"rendered":"http:\/\/krakbau.com.pl\/?page_id=1277\/"},"modified":"2017-09-04T14:43:03","modified_gmt":"2017-09-04T12:43:03","slug":"mining","status":"publish","type":"page","link":"https:\/\/krakbau.com.pl\/en\/mining\/","title":{"rendered":"Mining"},"content":{"rendered":"<h1 class=\"title1\">Mining<\/h1>\n<p>Krakbau Sp\u00f3\u0142ka Akcyjna specialises in typical mining works. We executed these works with two methods: conventional technique (using explosives) and using the AM 105\/045 heading machine. Miners from Krakbau S.A. were employed in the mines of Walsum, Ost-Hamm and Prosper-Haniel in Bottrop.<br \/>\nThe gangways and dog headings created by Krakbau S.A. were of the arch shell type (sections: 21.0 m<sup>2<\/sup> to 41.0 m<sup>2<\/sup>),  and the wall surfaces were of the rectangular shell type (sections: 21.0 m<sup>2<\/sup> to 23.0 m<sup>2<\/sup>).<\/p>\n<h2 class=\"gallery-title\">Mining<\/h2><div class=\"vls-gf-breadcrumbs\"><span>Mining<\/span><\/div><div class=\"vls-gf-gallery vls-gf-1990 vls-gf-style-light vls-gf-style-none\" data-vls-gf-layout='{\"layout_type\":\"grid\",\"column_count\":3,\"column_count_xs\":1,\"aspect_ratio\":1,\"horizontal_spacing\":4,\"vertical_spacing\":4,\"align_bottom\":false,\"pagination_type\":\"paged-bullets\",\"page_size\":5}' data-vls-gf-settings='{\"pagination_type\":\"paged-bullets\"}'><style type=\"text\/css\">.vls-gf-1990 figure a{display:block;position:absolute;left:0;right:0;top:0;bottom:0;opacity:0;z-index:90;}.vls-gf-1990 figure .vls-gf-overlay{position:absolute;background-color:rgba(0, 0, 0, 0.52);left:0;right:0;bottom:0;opacity:0;z-index:10;transition:opacity 600ms ease;}.vls-gf-1990 figure .vls-gf-overlay .vls-gf-caption{margin:0;padding:10px 10px;color:#fff;text-align:center;font-size:18px;}.vls-gf-1990 figure .vls-gf-overlay .vls-gf-description{margin:0 0 10px 0;padding:2px 10px;color:#fff;font-size:14px;text-align:center;}.vls-gf-1990 figure .vls-gf-overlay .vls-gf-caption em, .vls-gf-description em{font-style:normal;font-weight:600;}.vls-gf-1990 figure:hover .vls-gf-overlay{opacity:1;}<\/style><div class=\"vls-gf-container\"><figure class=\"vls-gf-1991 vls-gf-init vls-gf-lazy\" data-vls-gf-thumbnail-width=\"500\" data-vls-gf-thumbnail-height=\"333\"><a class=\"vls-gf-main\" href=\"https:\/\/krakbau.com.pl\/en\/mining\/bergwerk-ost-mine-hamm-germany\"><\/a><div class=\"vls-gf-img\"><img data-src=\"https:\/\/krakbau.com.pl\/wp-content\/gf-uploads\/2017\/09\/preview-m\/Kopalnai-Bergwerk-Zdj\u0119cie-g\u0142\u00f3wne-0.jpg?t=1601631079\"><\/div><div class=\"vls-gf-overlay\"><h2 class=\"vls-gf-caption\">BERGWERK OST MINE, Hamm, Germany<\/h2><div class=\"vls-gf-description\">Client: ALPINE BAU DEUTSCHLAND AG. Sonnenschein D 360 Heading<\/div><\/div><\/figure><figure class=\"vls-gf-1996 vls-gf-init vls-gf-lazy\" data-vls-gf-thumbnail-width=\"500\" data-vls-gf-thumbnail-height=\"335\"><a class=\"vls-gf-main\" href=\"https:\/\/krakbau.com.pl\/en\/mining\/prosper-haniel-mine-bottrop-germany\"><\/a><div class=\"vls-gf-img\"><img data-src=\"https:\/\/krakbau.com.pl\/wp-content\/gf-uploads\/2017\/09\/preview-m\/Kopalnia-Prosper-Haniel-Bottrop-2-ZDJ\u0118CIE-G\u0141\u00d3WNE-0.jpg?t=1601631083\"><\/div><div class=\"vls-gf-overlay\"><h2 class=\"vls-gf-caption\">PROSPER HANIEL MINE , Bottrop, Germany<\/h2><div class=\"vls-gf-description\">Client: ALPINE BAU DEUTSCHLAND AG. Gangway 512.0 at an angular bed bored with the AM 105B heading machine.<\/div><\/div><\/figure><\/div><\/div>\n","protected":false},"excerpt":{"rendered":"<p>Mining Krakbau Sp\u00f3\u0142ka Akcyjna specialises in typical mining works. We executed these works with two methods: conventional technique (using explosives) and using the AM 105\/045 heading machine. Miners from Krakbau S.A. were employed in the mines of Walsum, Ost-Hamm and &hellip; <a href=\"https:\/\/krakbau.com.pl\/en\/mining\/\">Continued<\/a><\/p>\n","protected":false},"author":1,"featured_media":0,"parent":0,"menu_order":0,"comment_status":"closed","ping_status":"closed","template":"template-1.php","meta":[],"yoast_head":"<!-- This site is optimized with the Yoast SEO plugin v18.4.1 - https:\/\/yoast.com\/wordpress\/plugins\/seo\/ -->\n<title>Mining - Krakbau S.A.<\/title>\n<meta name=\"robots\" content=\"index, follow, max-snippet:-1, max-image-preview:large, max-video-preview:-1\" \/>\n<link rel=\"canonical\" href=\"https:\/\/krakbau.com.pl\/en\/mining\/\" \/>\n<meta property=\"og:locale\" content=\"en_US\" \/>\n<meta property=\"og:type\" content=\"article\" \/>\n<meta property=\"og:title\" content=\"Mining - Krakbau S.A.\" \/>\n<meta property=\"og:description\" content=\"Mining Krakbau Sp\u00f3\u0142ka Akcyjna specialises in typical mining works. We executed these works with two methods: conventional technique (using explosives) and using the AM 105\/045 heading machine. Miners from Krakbau S.A. were employed in the mines of Walsum, Ost-Hamm and &hellip; Continued\" \/>\n<meta property=\"og:url\" content=\"https:\/\/krakbau.com.pl\/en\/mining\/\" \/>\n<meta property=\"og:site_name\" content=\"Krakbau S.A.\" \/>\n<meta property=\"article:modified_time\" content=\"2017-09-04T12:43:03+00:00\" \/>\n<meta name=\"twitter:card\" content=\"summary\" \/>\n<script type=\"application\/ld+json\" class=\"yoast-schema-graph\">{\"@context\":\"https:\/\/schema.org\",\"@graph\":[{\"@type\":\"WebSite\",\"@id\":\"https:\/\/krakbau.com.pl\/#website\",\"url\":\"https:\/\/krakbau.com.pl\/\",\"name\":\"Krakbau S.A.\",\"description\":\"\",\"potentialAction\":[{\"@type\":\"SearchAction\",\"target\":{\"@type\":\"EntryPoint\",\"urlTemplate\":\"https:\/\/krakbau.com.pl\/?s={search_term_string}\"},\"query-input\":\"required name=search_term_string\"}],\"inLanguage\":\"en-US\"},{\"@type\":\"WebPage\",\"@id\":\"https:\/\/krakbau.com.pl\/en\/mining\/#webpage\",\"url\":\"https:\/\/krakbau.com.pl\/en\/mining\/\",\"name\":\"Mining - Krakbau S.A.\",\"isPartOf\":{\"@id\":\"https:\/\/krakbau.com.pl\/#website\"},\"datePublished\":\"2017-08-23T08:04:42+00:00\",\"dateModified\":\"2017-09-04T12:43:03+00:00\",\"breadcrumb\":{\"@id\":\"https:\/\/krakbau.com.pl\/en\/mining\/#breadcrumb\"},\"inLanguage\":\"en-US\",\"potentialAction\":[{\"@type\":\"ReadAction\",\"target\":[\"https:\/\/krakbau.com.pl\/en\/mining\/\"]}]},{\"@type\":\"BreadcrumbList\",\"@id\":\"https:\/\/krakbau.com.pl\/en\/mining\/#breadcrumb\",\"itemListElement\":[{\"@type\":\"ListItem\",\"position\":1,\"name\":\"Home\",\"item\":\"https:\/\/krakbau.com.pl\/en\/\"},{\"@type\":\"ListItem\",\"position\":2,\"name\":\"Mining\"}]}]}<\/script>\n<!-- \/ Yoast SEO plugin. -->","yoast_head_json":{"title":"Mining - Krakbau S.A.","robots":{"index":"index","follow":"follow","max-snippet":"max-snippet:-1","max-image-preview":"max-image-preview:large","max-video-preview":"max-video-preview:-1"},"canonical":"https:\/\/krakbau.com.pl\/en\/mining\/","og_locale":"en_US","og_type":"article","og_title":"Mining - Krakbau S.A.","og_description":"Mining Krakbau Sp\u00f3\u0142ka Akcyjna specialises in typical mining works. We executed these works with two methods: conventional technique (using explosives) and using the AM 105\/045 heading machine. Miners from Krakbau S.A. were employed in the mines of Walsum, Ost-Hamm and &hellip; Continued","og_url":"https:\/\/krakbau.com.pl\/en\/mining\/","og_site_name":"Krakbau S.A.","article_modified_time":"2017-09-04T12:43:03+00:00","twitter_card":"summary","schema":{"@context":"https:\/\/schema.org","@graph":[{"@type":"WebSite","@id":"https:\/\/krakbau.com.pl\/#website","url":"https:\/\/krakbau.com.pl\/","name":"Krakbau S.A.","description":"","potentialAction":[{"@type":"SearchAction","target":{"@type":"EntryPoint","urlTemplate":"https:\/\/krakbau.com.pl\/?s={search_term_string}"},"query-input":"required name=search_term_string"}],"inLanguage":"en-US"},{"@type":"WebPage","@id":"https:\/\/krakbau.com.pl\/en\/mining\/#webpage","url":"https:\/\/krakbau.com.pl\/en\/mining\/","name":"Mining - Krakbau S.A.","isPartOf":{"@id":"https:\/\/krakbau.com.pl\/#website"},"datePublished":"2017-08-23T08:04:42+00:00","dateModified":"2017-09-04T12:43:03+00:00","breadcrumb":{"@id":"https:\/\/krakbau.com.pl\/en\/mining\/#breadcrumb"},"inLanguage":"en-US","potentialAction":[{"@type":"ReadAction","target":["https:\/\/krakbau.com.pl\/en\/mining\/"]}]},{"@type":"BreadcrumbList","@id":"https:\/\/krakbau.com.pl\/en\/mining\/#breadcrumb","itemListElement":[{"@type":"ListItem","position":1,"name":"Home","item":"https:\/\/krakbau.com.pl\/en\/"},{"@type":"ListItem","position":2,"name":"Mining"}]}]}},"_links":{"self":[{"href":"https:\/\/krakbau.com.pl\/en\/wp-json\/wp\/v2\/pages\/1277"}],"collection":[{"href":"https:\/\/krakbau.com.pl\/en\/wp-json\/wp\/v2\/pages"}],"about":[{"href":"https:\/\/krakbau.com.pl\/en\/wp-json\/wp\/v2\/types\/page"}],"author":[{"embeddable":true,"href":"https:\/\/krakbau.com.pl\/en\/wp-json\/wp\/v2\/users\/1"}],"replies":[{"embeddable":true,"href":"https:\/\/krakbau.com.pl\/en\/wp-json\/wp\/v2\/comments?post=1277"}],"version-history":[{"count":2,"href":"https:\/\/krakbau.com.pl\/en\/wp-json\/wp\/v2\/pages\/1277\/revisions"}],"predecessor-version":[{"id":1432,"href":"https:\/\/krakbau.com.pl\/en\/wp-json\/wp\/v2\/pages\/1277\/revisions\/1432"}],"wp:attachment":[{"href":"https:\/\/krakbau.com.pl\/en\/wp-json\/wp\/v2\/media?parent=1277"}],"curies":[{"name":"wp","href":"https:\/\/api.w.org\/{rel}","templated":true}]}}