{"id":1275,"date":"2017-08-23T10:00:37","date_gmt":"2017-08-23T08:00:37","guid":{"rendered":"http:\/\/krakbau.com.pl\/?page_id=1275\/"},"modified":"2017-09-04T14:30:04","modified_gmt":"2017-09-04T12:30:04","slug":"conservation-works","status":"publish","type":"page","link":"https:\/\/krakbau.com.pl\/en\/conservation-works\/","title":{"rendered":"Conservation works"},"content":{"rendered":"<h1 class=\"title1\">Conservation works<\/h1>\n<p>By employing highly qualified mason conservators, Krakbau Sp\u00f3\u0142ka Akcyjna specialises in the renovation and restoration of historic stone facades.<br \/>\nOur projects in this field include the restoration of historic churches from the 17th century, located in Karlsruhe and B\u00fchl Vimbuch.<\/p>\n<h2 class=\"gallery-title\">Conservation works<\/h2><div class=\"vls-gf-breadcrumbs\"><span>Conservation works<\/span><\/div><div class=\"vls-gf-gallery vls-gf-1983 vls-gf-style-light vls-gf-style-none\" data-vls-gf-layout='{\"layout_type\":\"grid\",\"column_count\":3,\"column_count_xs\":1,\"aspect_ratio\":1,\"horizontal_spacing\":4,\"vertical_spacing\":4,\"align_bottom\":false,\"pagination_type\":\"paged-bullets\",\"page_size\":5}' data-vls-gf-settings='{\"pagination_type\":\"paged-bullets\"}'><style type=\"text\/css\">.vls-gf-1983 figure a{display:block;position:absolute;left:0;right:0;top:0;bottom:0;opacity:0;z-index:90;}.vls-gf-1983 figure .vls-gf-overlay{position:absolute;background-color:rgba(0, 0, 0, 0.52);left:0;right:0;bottom:0;opacity:0;z-index:10;transition:opacity 600ms ease;}.vls-gf-1983 figure .vls-gf-overlay .vls-gf-caption{margin:0;padding:10px 10px;color:#fff;text-align:center;font-size:18px;}.vls-gf-1983 figure .vls-gf-overlay .vls-gf-description{margin:0 0 10px 0;padding:2px 10px;color:#fff;font-size:14px;text-align:center;}.vls-gf-1983 figure .vls-gf-overlay .vls-gf-caption em, .vls-gf-description em{font-style:normal;font-weight:600;}.vls-gf-1983 figure:hover .vls-gf-overlay{opacity:1;}<\/style><div class=\"vls-gf-container\"><figure class=\"vls-gf-1984 vls-gf-init vls-gf-lazy\" data-vls-gf-thumbnail-width=\"375\" data-vls-gf-thumbnail-height=\"500\"><a class=\"vls-gf-main\" href=\"https:\/\/krakbau.com.pl\/en\/conservation-works\/catholic-church-of-st-johann-buhl-vimbuch-germany\"><\/a><div class=\"vls-gf-img\"><img data-src=\"https:\/\/krakbau.com.pl\/wp-content\/gf-uploads\/2017\/09\/preview-m\/Ko\u015bci\u00f3\u0142-1-ZDJ\u0118CIE-G\u0141\u00d3WNE-0.jpg?t=1601631076\"><\/div><div class=\"vls-gf-overlay\"><h2 class=\"vls-gf-caption\">CATHOLIC CHURCH OF ST. JOHANN, B\u00fchl \u2013 Vimbuch, Germany<\/h2><div class=\"vls-gf-description\">Client: FRANZ GR\u00d6TZ NATURSTEINE GMBH. Scope of works: conservation of sand and granite stone in a church built in 1888 - 1891.<\/div><\/div><\/figure><\/div><\/div>\n","protected":false},"excerpt":{"rendered":"<p>Conservation works By employing highly qualified mason conservators, Krakbau Sp\u00f3\u0142ka Akcyjna specialises in the renovation and restoration of historic stone facades. Our projects in this field include the restoration of historic churches from the 17th century, located in Karlsruhe and &hellip; <a href=\"https:\/\/krakbau.com.pl\/en\/conservation-works\/\">Continued<\/a><\/p>\n","protected":false},"author":1,"featured_media":0,"parent":0,"menu_order":0,"comment_status":"closed","ping_status":"closed","template":"template-1.php","meta":[],"yoast_head":"<!-- This site is optimized with the Yoast SEO plugin v18.4.1 - https:\/\/yoast.com\/wordpress\/plugins\/seo\/ -->\n<title>Conservation works - Krakbau S.A.<\/title>\n<meta name=\"robots\" content=\"index, follow, max-snippet:-1, max-image-preview:large, max-video-preview:-1\" \/>\n<link rel=\"canonical\" href=\"https:\/\/krakbau.com.pl\/en\/conservation-works\/\" \/>\n<meta property=\"og:locale\" content=\"en_US\" \/>\n<meta property=\"og:type\" content=\"article\" \/>\n<meta property=\"og:title\" content=\"Conservation works - Krakbau S.A.\" \/>\n<meta property=\"og:description\" content=\"Conservation works By employing highly qualified mason conservators, Krakbau Sp\u00f3\u0142ka Akcyjna specialises in the renovation and restoration of historic stone facades. Our projects in this field include the restoration of historic churches from the 17th century, located in Karlsruhe and &hellip; Continued\" \/>\n<meta property=\"og:url\" content=\"https:\/\/krakbau.com.pl\/en\/conservation-works\/\" \/>\n<meta property=\"og:site_name\" content=\"Krakbau S.A.\" \/>\n<meta property=\"article:modified_time\" content=\"2017-09-04T12:30:04+00:00\" \/>\n<meta name=\"twitter:card\" content=\"summary\" \/>\n<script type=\"application\/ld+json\" class=\"yoast-schema-graph\">{\"@context\":\"https:\/\/schema.org\",\"@graph\":[{\"@type\":\"WebSite\",\"@id\":\"https:\/\/krakbau.com.pl\/#website\",\"url\":\"https:\/\/krakbau.com.pl\/\",\"name\":\"Krakbau S.A.\",\"description\":\"\",\"potentialAction\":[{\"@type\":\"SearchAction\",\"target\":{\"@type\":\"EntryPoint\",\"urlTemplate\":\"https:\/\/krakbau.com.pl\/?s={search_term_string}\"},\"query-input\":\"required name=search_term_string\"}],\"inLanguage\":\"en-US\"},{\"@type\":\"WebPage\",\"@id\":\"https:\/\/krakbau.com.pl\/en\/conservation-works\/#webpage\",\"url\":\"https:\/\/krakbau.com.pl\/en\/conservation-works\/\",\"name\":\"Conservation works - Krakbau S.A.\",\"isPartOf\":{\"@id\":\"https:\/\/krakbau.com.pl\/#website\"},\"datePublished\":\"2017-08-23T08:00:37+00:00\",\"dateModified\":\"2017-09-04T12:30:04+00:00\",\"breadcrumb\":{\"@id\":\"https:\/\/krakbau.com.pl\/en\/conservation-works\/#breadcrumb\"},\"inLanguage\":\"en-US\",\"potentialAction\":[{\"@type\":\"ReadAction\",\"target\":[\"https:\/\/krakbau.com.pl\/en\/conservation-works\/\"]}]},{\"@type\":\"BreadcrumbList\",\"@id\":\"https:\/\/krakbau.com.pl\/en\/conservation-works\/#breadcrumb\",\"itemListElement\":[{\"@type\":\"ListItem\",\"position\":1,\"name\":\"Home\",\"item\":\"https:\/\/krakbau.com.pl\/en\/\"},{\"@type\":\"ListItem\",\"position\":2,\"name\":\"Conservation works\"}]}]}<\/script>\n<!-- \/ Yoast SEO plugin. -->","yoast_head_json":{"title":"Conservation works - Krakbau S.A.","robots":{"index":"index","follow":"follow","max-snippet":"max-snippet:-1","max-image-preview":"max-image-preview:large","max-video-preview":"max-video-preview:-1"},"canonical":"https:\/\/krakbau.com.pl\/en\/conservation-works\/","og_locale":"en_US","og_type":"article","og_title":"Conservation works - Krakbau S.A.","og_description":"Conservation works By employing highly qualified mason conservators, Krakbau Sp\u00f3\u0142ka Akcyjna specialises in the renovation and restoration of historic stone facades. Our projects in this field include the restoration of historic churches from the 17th century, located in Karlsruhe and &hellip; Continued","og_url":"https:\/\/krakbau.com.pl\/en\/conservation-works\/","og_site_name":"Krakbau S.A.","article_modified_time":"2017-09-04T12:30:04+00:00","twitter_card":"summary","schema":{"@context":"https:\/\/schema.org","@graph":[{"@type":"WebSite","@id":"https:\/\/krakbau.com.pl\/#website","url":"https:\/\/krakbau.com.pl\/","name":"Krakbau S.A.","description":"","potentialAction":[{"@type":"SearchAction","target":{"@type":"EntryPoint","urlTemplate":"https:\/\/krakbau.com.pl\/?s={search_term_string}"},"query-input":"required name=search_term_string"}],"inLanguage":"en-US"},{"@type":"WebPage","@id":"https:\/\/krakbau.com.pl\/en\/conservation-works\/#webpage","url":"https:\/\/krakbau.com.pl\/en\/conservation-works\/","name":"Conservation works - Krakbau S.A.","isPartOf":{"@id":"https:\/\/krakbau.com.pl\/#website"},"datePublished":"2017-08-23T08:00:37+00:00","dateModified":"2017-09-04T12:30:04+00:00","breadcrumb":{"@id":"https:\/\/krakbau.com.pl\/en\/conservation-works\/#breadcrumb"},"inLanguage":"en-US","potentialAction":[{"@type":"ReadAction","target":["https:\/\/krakbau.com.pl\/en\/conservation-works\/"]}]},{"@type":"BreadcrumbList","@id":"https:\/\/krakbau.com.pl\/en\/conservation-works\/#breadcrumb","itemListElement":[{"@type":"ListItem","position":1,"name":"Home","item":"https:\/\/krakbau.com.pl\/en\/"},{"@type":"ListItem","position":2,"name":"Conservation works"}]}]}},"_links":{"self":[{"href":"https:\/\/krakbau.com.pl\/en\/wp-json\/wp\/v2\/pages\/1275"}],"collection":[{"href":"https:\/\/krakbau.com.pl\/en\/wp-json\/wp\/v2\/pages"}],"about":[{"href":"https:\/\/krakbau.com.pl\/en\/wp-json\/wp\/v2\/types\/page"}],"author":[{"embeddable":true,"href":"https:\/\/krakbau.com.pl\/en\/wp-json\/wp\/v2\/users\/1"}],"replies":[{"embeddable":true,"href":"https:\/\/krakbau.com.pl\/en\/wp-json\/wp\/v2\/comments?post=1275"}],"version-history":[{"count":2,"href":"https:\/\/krakbau.com.pl\/en\/wp-json\/wp\/v2\/pages\/1275\/revisions"}],"predecessor-version":[{"id":1430,"href":"https:\/\/krakbau.com.pl\/en\/wp-json\/wp\/v2\/pages\/1275\/revisions\/1430"}],"wp:attachment":[{"href":"https:\/\/krakbau.com.pl\/en\/wp-json\/wp\/v2\/media?parent=1275"}],"curies":[{"name":"wp","href":"https:\/\/api.w.org\/{rel}","templated":true}]}}