{"id":1271,"date":"2017-08-23T09:53:59","date_gmt":"2017-08-23T07:53:59","guid":{"rendered":"http:\/\/krakbau.com.pl\/?page_id=1271\/"},"modified":"2017-09-04T14:26:55","modified_gmt":"2017-09-04T12:26:55","slug":"offshore-and-bridge-construction","status":"publish","type":"page","link":"https:\/\/krakbau.com.pl\/en\/offshore-and-bridge-construction\/","title":{"rendered":"Offshore and bridge construction"},"content":{"rendered":"<h1 class=\"title1\">Offshore and bridge construction<\/h1>\n<p>Krakbau Sp\u00f3\u0142ka Akcyjna specialises in the erection of complex bridge structures, both using traditional methods and with modern technologies, formworks and mobile scaffoldings.<\/p>\n<p>In offshore construction, Krakbau S.A. built reinforced concrete wharf protections in Cuxhaven port.<\/p>\n<h2 class=\"gallery-title\">Offshore and bridge construction<\/h2><div class=\"vls-gf-breadcrumbs\"><span>Offshore and bridge construction<\/span><\/div><div class=\"vls-gf-gallery vls-gf-1753 vls-gf-style-light vls-gf-style-none\" data-vls-gf-layout='{\"layout_type\":\"grid\",\"column_count\":3,\"column_count_xs\":1,\"aspect_ratio\":1,\"horizontal_spacing\":4,\"vertical_spacing\":4,\"align_bottom\":false,\"pagination_type\":\"paged-bullets\",\"page_size\":5}' data-vls-gf-settings='{\"pagination_type\":\"paged-bullets\"}'><style type=\"text\/css\">.vls-gf-1753 figure a{display:block;position:absolute;left:0;right:0;top:0;bottom:0;opacity:0;z-index:90;}.vls-gf-1753 figure .vls-gf-overlay{position:absolute;background-color:rgba(0, 0, 0, 0.52);left:0;right:0;bottom:0;opacity:0;z-index:10;transition:opacity 600ms ease;}.vls-gf-1753 figure .vls-gf-overlay .vls-gf-caption{margin:0;padding:10px 10px;color:#fff;text-align:center;font-size:18px;}.vls-gf-1753 figure .vls-gf-overlay .vls-gf-description{margin:0 0 10px 0;padding:2px 10px;color:#fff;font-size:14px;text-align:center;}.vls-gf-1753 figure .vls-gf-overlay .vls-gf-caption em, .vls-gf-description em{font-style:normal;font-weight:600;}.vls-gf-1753 figure:hover .vls-gf-overlay{opacity:1;}<\/style><div class=\"vls-gf-container\"><figure class=\"vls-gf-3616 vls-gf-init vls-gf-lazy\" data-vls-gf-thumbnail-width=\"800\" data-vls-gf-thumbnail-height=\"450\"><a class=\"vls-gf-main\" href=\"https:\/\/krakbau.com.pl\/en\/offshore-and-bridge-construction\/port-of-esbjerg-esbjerg-denmark\"><\/a><div class=\"vls-gf-img\"><img data-src=\"https:\/\/krakbau.com.pl\/wp-content\/gf-uploads\/2018\/03\/preview-m\/ZDJ\u0118CIE-G\u0141\u00d3WNE-Esbjerg-2-1-0.jpg?t=1520520918\"><\/div><div class=\"vls-gf-overlay\"><h2 class=\"vls-gf-caption\">PORT OF ESBJERG, Esbjerg, Denmark<\/h2><div class=\"vls-gf-description\">Client: CG Jensen A\/S<\/div><\/div><\/figure><figure class=\"vls-gf-3631 vls-gf-init vls-gf-lazy\" data-vls-gf-thumbnail-width=\"800\" data-vls-gf-thumbnail-height=\"450\"><a class=\"vls-gf-main\" href=\"https:\/\/krakbau.com.pl\/en\/offshore-and-bridge-construction\/mobile-scaffoldings-stathelle-norway\"><\/a><div class=\"vls-gf-img\"><img data-src=\"https:\/\/krakbau.com.pl\/wp-content\/gf-uploads\/2018\/03\/preview-m\/Stathelle-6-1-0.jpg?t=1520519382\"><\/div><div class=\"vls-gf-overlay\"><h2 class=\"vls-gf-caption\">MOBILE SCAFFOLDINGS, Stathelle, Norway<\/h2><div class=\"vls-gf-description\">Client: thyssenkrupp Infrastructure GmbH<\/div><\/div><\/figure><figure class=\"vls-gf-3688 vls-gf-init vls-gf-lazy\" data-vls-gf-thumbnail-width=\"800\" data-vls-gf-thumbnail-height=\"533\"><a class=\"vls-gf-main\" href=\"https:\/\/krakbau.com.pl\/en\/offshore-and-bridge-construction\/talbrucke-kalteiche-haiger-germany\"><\/a><div class=\"vls-gf-img\"><img data-src=\"https:\/\/krakbau.com.pl\/wp-content\/gf-uploads\/2018\/03\/preview-m\/ZDJ\u0118CIE-G\u0141\u00d3WNE-Talbrucke-3-2-0.jpg?t=1520583151\"><\/div><div class=\"vls-gf-overlay\"><h2 class=\"vls-gf-caption\">TALBR\u00dcCKE, Kalteiche Haiger, Germany<\/h2><div class=\"vls-gf-description\">Client: thyssenkrupp Infrastructure GmbH<\/div><\/div><\/figure><figure class=\"vls-gf-1754 vls-gf-init vls-gf-lazy\" data-vls-gf-thumbnail-width=\"500\" data-vls-gf-thumbnail-height=\"333\"><a class=\"vls-gf-main\" href=\"https:\/\/krakbau.com.pl\/en\/offshore-and-bridge-construction\/a3-lahntalbrucke-limburg-germany\"><\/a><div class=\"vls-gf-img\"><img data-src=\"https:\/\/krakbau.com.pl\/wp-content\/gf-uploads\/2017\/09\/preview-m\/Limburg-27-0.jpg?t=1601630947\"><\/div><div class=\"vls-gf-overlay\"><h2 class=\"vls-gf-caption\">A3 LAHNTALBR\u00dcCKE, Limburg, Germany<\/h2><div class=\"vls-gf-description\">Client: THYSSENKRUPP INFRASTRUCTURE GMBH<\/div><\/div><\/figure><figure class=\"vls-gf-1788 vls-gf-init vls-gf-lazy\" data-vls-gf-thumbnail-width=\"500\" data-vls-gf-thumbnail-height=\"375\"><a class=\"vls-gf-main\" href=\"https:\/\/krakbau.com.pl\/en\/offshore-and-bridge-construction\/bridge-works-at-a-45-motorway-lutzelbachtalbrucke-dillenburg-germany\"><\/a><div class=\"vls-gf-img\"><img data-src=\"https:\/\/krakbau.com.pl\/wp-content\/gf-uploads\/2017\/09\/preview-m\/Dilenburg-Niederscheld-10-0.jpg?t=1601630960\"><\/div><div class=\"vls-gf-overlay\"><h2 class=\"vls-gf-caption\">BRIDGE WORKS AT A-45 MOTORWAY - L\u00dcTZELBACHTALBR\u00dcCKE, Dillenburg, Germany<\/h2><div class=\"vls-gf-description\">Client: THYSSENKRUPP INFRASTRUCTURE GMBH<\/div><\/div><\/figure><figure class=\"vls-gf-1801 vls-gf-init vls-gf-lazy\" data-vls-gf-thumbnail-width=\"500\" data-vls-gf-thumbnail-height=\"375\"><a class=\"vls-gf-main\" href=\"https:\/\/krakbau.com.pl\/en\/offshore-and-bridge-construction\/construction-of-a-railway-section-from-erfurt-to-halle-halle-salle-germany\"><\/a><div class=\"vls-gf-img\"><img data-src=\"https:\/\/krakbau.com.pl\/wp-content\/gf-uploads\/2017\/09\/preview-m\/Budowa-Odcinka-kolejowego-Erfurt-Halle-ZDJ\u0118CIE-G\u0141\u00d3WNE-0.jpg?t=1601630963\"><\/div><div class=\"vls-gf-overlay\"><h2 class=\"vls-gf-caption\">CONSTRUCTION OF A RAILWAY SECTION FROM ERFURT TO HALLE, Halle \/ Salle, Germany<\/h2><div class=\"vls-gf-description\">Client: THYSSENKRUPP BAUSERVICE GMBH GESCH\u00c4FTSBEREICH R\u00d6RO TRAGGER\u00dcSSYSTEME. Scope of works: erection and operation of a mobile scaffolding.<\/div><\/div><\/figure><figure class=\"vls-gf-1805 vls-gf-init vls-gf-lazy\" data-vls-gf-thumbnail-width=\"500\" data-vls-gf-thumbnail-height=\"375\"><a class=\"vls-gf-main\" href=\"https:\/\/krakbau.com.pl\/en\/offshore-and-bridge-construction\/mobile-scaffoldings-under-a-railway-flyover-modena-italy\"><\/a><div class=\"vls-gf-img\"><img data-src=\"https:\/\/krakbau.com.pl\/wp-content\/gf-uploads\/2017\/09\/preview-m\/Wiadukt-Modena-16-0.jpg?t=1601630973\"><\/div><div class=\"vls-gf-overlay\"><h2 class=\"vls-gf-caption\">MOBILE SCAFFOLDINGS UNDER A RAILWAY FLYOVER, Modena, Italy<\/h2><div class=\"vls-gf-description\">Client: THYSSENKRUPP BAUSERVICE GMBH<\/div><\/div><\/figure><figure class=\"vls-gf-1916 vls-gf-init vls-gf-lazy\" data-vls-gf-thumbnail-width=\"500\" data-vls-gf-thumbnail-height=\"375\"><a class=\"vls-gf-main\" href=\"https:\/\/krakbau.com.pl\/en\/offshore-and-bridge-construction\/mobile-scaffoldings-under-muhlenbach-bridge-wismar-damelov-germany\"><\/a><div class=\"vls-gf-img\"><img data-src=\"https:\/\/krakbau.com.pl\/wp-content\/gf-uploads\/2017\/09\/preview-m\/Most-Muhlenbach-1-ZDJECIE-G\u0141\u00d3WNE-0.jpg?t=1601631040\"><\/div><div class=\"vls-gf-overlay\"><h2 class=\"vls-gf-caption\">MOBILE SCAFFOLDINGS UNDER M\u00dcHLENBACH BRIDGE, Wismar D\u00e4melov, Germany<\/h2><div class=\"vls-gf-description\">Client: R\u00d6RO TRAGGER\u00dcSSYSTEME GESCH\u00c4FTSBEREICH DER THYSSENKRUPP BAUSERVICE GMBH<\/div><\/div><\/figure><figure class=\"vls-gf-1919 vls-gf-init vls-gf-lazy\" data-vls-gf-thumbnail-width=\"500\" data-vls-gf-thumbnail-height=\"375\"><a class=\"vls-gf-main\" href=\"https:\/\/krakbau.com.pl\/en\/offshore-and-bridge-construction\/mobile-scaffoldings-for-the-construction-of-scherkondetalbrucke-bridge-krautheim-germany\"><\/a><div class=\"vls-gf-img\"><img data-src=\"https:\/\/krakbau.com.pl\/wp-content\/gf-uploads\/2017\/09\/preview-m\/Scherkondetalbrucke-0.jpg?t=1601631040\"><\/div><div class=\"vls-gf-overlay\"><h2 class=\"vls-gf-caption\">MOBILE SCAFFOLDINGS FOR THE CONSTRUCTION OF SCHERKONDETALBR\u00dcCKE BRIDGE, Krautheim, Germany<\/h2><div class=\"vls-gf-description\">Client: R\u00d6RO TRAGGER\u00dcSSYSTEME GESCH\u00c4FTSBEREICH DER THYSSENKRUPP BAUSERVICE GMBH<\/div><\/div><\/figure><figure class=\"vls-gf-1921 vls-gf-init vls-gf-lazy\" data-vls-gf-thumbnail-width=\"500\" data-vls-gf-thumbnail-height=\"281\"><a class=\"vls-gf-main\" href=\"https:\/\/krakbau.com.pl\/en\/offshore-and-bridge-construction\/left-bank-flyover-along-the-motorway-bypass-of-wroclaw-wroclaw\"><\/a><div class=\"vls-gf-img\"><img data-src=\"https:\/\/krakbau.com.pl\/wp-content\/gf-uploads\/2017\/09\/preview-m\/Wroc\u0142aw-7-ZDJECIE-G\u0141\u00d3WNE-0.jpg?t=1601631046\"><\/div><div class=\"vls-gf-overlay\"><h2 class=\"vls-gf-caption\">LEFT-BANK FLYOVER ALONG THE MOTORWAY BYPASS OF WROC\u0141AW, Wroc\u0142aw<\/h2><div class=\"vls-gf-description\">Client: THYSSENKRUPP BAUSERVICE GMBH<\/div><\/div><\/figure><figure class=\"vls-gf-1931 vls-gf-init vls-gf-lazy\" data-vls-gf-thumbnail-width=\"500\" data-vls-gf-thumbnail-height=\"344\"><a class=\"vls-gf-main\" href=\"https:\/\/krakbau.com.pl\/en\/offshore-and-bridge-construction\/bridge-over-rhine-rheinbrucke-koln-rodenkirchen-germany\"><\/a><div class=\"vls-gf-img\"><img data-src=\"https:\/\/krakbau.com.pl\/wp-content\/gf-uploads\/2017\/09\/preview-m\/Rheinbrucke-Koln-0.jpg?t=1601631047\"><\/div><div class=\"vls-gf-overlay\"><h2 class=\"vls-gf-caption\">BRIDGE OVER RHINE, RHEINBR\u00dcCKE K\u00d6LN, Rodenkirchen, Germany<\/h2><div class=\"vls-gf-description\">Client: R\u00d6RO GER\u00dcSTBAU GMBH (currently THYSSENKRUPP XERVON GMBH)<\/div><\/div><\/figure><figure class=\"vls-gf-1933 vls-gf-init vls-gf-lazy\" data-vls-gf-thumbnail-width=\"500\" data-vls-gf-thumbnail-height=\"375\"><a class=\"vls-gf-main\" href=\"https:\/\/krakbau.com.pl\/en\/offshore-and-bridge-construction\/mobile-saffoldings-under-a-bridge-umea-sweden\"><\/a><div class=\"vls-gf-img\"><img data-src=\"https:\/\/krakbau.com.pl\/wp-content\/gf-uploads\/2017\/09\/preview-m\/Most-Umea-ZDJ\u0118CIE-G\u0141\u00d3WNE-0.jpg?t=1601631047\"><\/div><div class=\"vls-gf-overlay\"><h2 class=\"vls-gf-caption\">MOBILE SAFFOLDINGS UNDER A BRIDGE, Umea, Sweden<\/h2><div class=\"vls-gf-description\">Client: THYSSENKRUPP BAUSERVICE GMBH<\/div><\/div><\/figure><figure class=\"vls-gf-1969 vls-gf-init vls-gf-lazy\" data-vls-gf-thumbnail-width=\"500\" data-vls-gf-thumbnail-height=\"375\"><a class=\"vls-gf-main\" href=\"https:\/\/krakbau.com.pl\/en\/offshore-and-bridge-construction\/serbia\"><\/a><div class=\"vls-gf-img\"><img data-src=\"https:\/\/krakbau.com.pl\/wp-content\/gf-uploads\/2017\/09\/preview-m\/Belgrad-Serbia-1-ZDJECIE-G\u0141\u00d3WNE-0.jpg?t=1601631070\"><\/div><div class=\"vls-gf-overlay\"><h2 class=\"vls-gf-caption\">Serbia - SOUTHERN BYPASS OF BELGRADE \u2013 BRIDGE OVER SAVA, Belgrade, Serbia<\/h2><div class=\"vls-gf-description\">Client: THYSSENKRUPP BAUSERVICE GMBH GESCH\u00c4FTSBEREICH R\u00d6RO TRAGGER\u00dcSSYSTEME<\/div><\/div><\/figure><figure class=\"vls-gf-1975 vls-gf-init vls-gf-lazy\" data-vls-gf-thumbnail-width=\"360\" data-vls-gf-thumbnail-height=\"500\"><a class=\"vls-gf-main\" href=\"https:\/\/krakbau.com.pl\/en\/offshore-and-bridge-construction\/marine-wharf-breakwaters-cuxhaven-germany\"><\/a><div class=\"vls-gf-img\"><img data-src=\"https:\/\/krakbau.com.pl\/wp-content\/gf-uploads\/2017\/09\/preview-m\/Nabrze\u017ce-morskie-0.jpg?t=1601631073\"><\/div><div class=\"vls-gf-overlay\"><h2 class=\"vls-gf-caption\">MARINE WHARF - BREAKWATERS, Cuxhaven, Germany<\/h2><div class=\"vls-gf-description\">Client: ARGE ALBKAI CUXHAVEN (AUG. PRIEN BAUUNTERNEHMUNG GMBH & CO., DYCKERHOFF & WIDMANN AG, HEINRICH HECKER GMBH & CO. KG, LUDWIG VOSS GMBH & CO. KG, ED. Z\u00dcBLIN AG. Scope of works: rough carpentry, concrete works.<\/div><\/div><\/figure><figure class=\"vls-gf-1977 vls-gf-init vls-gf-lazy\" data-vls-gf-thumbnail-width=\"500\" data-vls-gf-thumbnail-height=\"342\"><a class=\"vls-gf-main\" href=\"https:\/\/krakbau.com.pl\/en\/offshore-and-bridge-construction\/bw14-bridge-oberhausen-germany\"><\/a><div class=\"vls-gf-img\"><img data-src=\"https:\/\/krakbau.com.pl\/wp-content\/gf-uploads\/2017\/09\/preview-m\/Most-BW14-0.jpg?t=1601631073\"><\/div><div class=\"vls-gf-overlay\"><h2 class=\"vls-gf-caption\">BW14 BRIDGE, Oberhausen, Germany<\/h2><div class=\"vls-gf-description\">Client: ADAM H\u00d6RNIG BAUGESELLSCHAFT GMBH & CO. Road bridge along B 448 and B 445 roads.<\/div><\/div><\/figure><figure class=\"vls-gf-1979 vls-gf-init vls-gf-lazy\" data-vls-gf-thumbnail-width=\"500\" data-vls-gf-thumbnail-height=\"372\"><a class=\"vls-gf-main\" href=\"https:\/\/krakbau.com.pl\/en\/offshore-and-bridge-construction\/bw13-bridge-oberhausen-germany\"><\/a><div class=\"vls-gf-img\"><img data-src=\"https:\/\/krakbau.com.pl\/wp-content\/gf-uploads\/2017\/09\/preview-m\/Most-BW13-0.jpg?t=1601631076\"><\/div><div class=\"vls-gf-overlay\"><h2 class=\"vls-gf-caption\">BW13 BRIDGE, Oberhausen, Germany<\/h2><div class=\"vls-gf-description\">Client: ADAM H\u00d6RNIG BAUGESELLSCHAFT GMBH & CO. Road bridge along B 448 and B 445 roads.<\/div><\/div><\/figure><figure class=\"vls-gf-1981 vls-gf-init vls-gf-lazy\" data-vls-gf-thumbnail-width=\"500\" data-vls-gf-thumbnail-height=\"335\"><a class=\"vls-gf-main\" href=\"https:\/\/krakbau.com.pl\/en\/offshore-and-bridge-construction\/bridge-over-talbrucke-dickesbach-idar-oberstein-germany\"><\/a><div class=\"vls-gf-img\"><img data-src=\"https:\/\/krakbau.com.pl\/wp-content\/gf-uploads\/2017\/09\/preview-m\/Most-Talbrucke-0.jpg?t=1601631076\"><\/div><div class=\"vls-gf-overlay\"><h2 class=\"vls-gf-caption\">BRIDGE OVER TALBR\u00dcCKE DICKESBACH, Idar - Oberstein, Germany<\/h2><div class=\"vls-gf-description\">Client: P.A. BUDAU GMBH & CO. KG. Bridge along B 41 national road.<\/div><\/div><\/figure><\/div><\/div>\n","protected":false},"excerpt":{"rendered":"<p>Offshore and bridge construction Krakbau Sp\u00f3\u0142ka Akcyjna specialises in the erection of complex bridge structures, both using traditional methods and with modern technologies, formworks and mobile scaffoldings. In offshore construction, Krakbau S.A. built reinforced concrete wharf protections in Cuxhaven port.<\/p>\n","protected":false},"author":1,"featured_media":0,"parent":0,"menu_order":0,"comment_status":"closed","ping_status":"closed","template":"template-1.php","meta":[],"yoast_head":"<!-- This site is optimized with the Yoast SEO plugin v18.4.1 - https:\/\/yoast.com\/wordpress\/plugins\/seo\/ -->\n<title>Offshore and bridge construction - Krakbau S.A.<\/title>\n<meta name=\"robots\" content=\"index, follow, max-snippet:-1, max-image-preview:large, max-video-preview:-1\" \/>\n<link rel=\"canonical\" href=\"https:\/\/krakbau.com.pl\/en\/offshore-and-bridge-construction\/\" \/>\n<meta property=\"og:locale\" content=\"en_US\" \/>\n<meta property=\"og:type\" content=\"article\" \/>\n<meta property=\"og:title\" content=\"Offshore and bridge construction - Krakbau S.A.\" \/>\n<meta property=\"og:description\" content=\"Offshore and bridge construction Krakbau Sp\u00f3\u0142ka Akcyjna specialises in the erection of complex bridge structures, both using traditional methods and with modern technologies, formworks and mobile scaffoldings. In offshore construction, Krakbau S.A. built reinforced concrete wharf protections in Cuxhaven port.\" \/>\n<meta property=\"og:url\" content=\"https:\/\/krakbau.com.pl\/en\/offshore-and-bridge-construction\/\" \/>\n<meta property=\"og:site_name\" content=\"Krakbau S.A.\" \/>\n<meta property=\"article:modified_time\" content=\"2017-09-04T12:26:55+00:00\" \/>\n<meta name=\"twitter:card\" content=\"summary\" \/>\n<script type=\"application\/ld+json\" class=\"yoast-schema-graph\">{\"@context\":\"https:\/\/schema.org\",\"@graph\":[{\"@type\":\"WebSite\",\"@id\":\"https:\/\/krakbau.com.pl\/#website\",\"url\":\"https:\/\/krakbau.com.pl\/\",\"name\":\"Krakbau S.A.\",\"description\":\"\",\"potentialAction\":[{\"@type\":\"SearchAction\",\"target\":{\"@type\":\"EntryPoint\",\"urlTemplate\":\"https:\/\/krakbau.com.pl\/?s={search_term_string}\"},\"query-input\":\"required name=search_term_string\"}],\"inLanguage\":\"en-US\"},{\"@type\":\"WebPage\",\"@id\":\"https:\/\/krakbau.com.pl\/en\/offshore-and-bridge-construction\/#webpage\",\"url\":\"https:\/\/krakbau.com.pl\/en\/offshore-and-bridge-construction\/\",\"name\":\"Offshore and bridge construction - Krakbau S.A.\",\"isPartOf\":{\"@id\":\"https:\/\/krakbau.com.pl\/#website\"},\"datePublished\":\"2017-08-23T07:53:59+00:00\",\"dateModified\":\"2017-09-04T12:26:55+00:00\",\"breadcrumb\":{\"@id\":\"https:\/\/krakbau.com.pl\/en\/offshore-and-bridge-construction\/#breadcrumb\"},\"inLanguage\":\"en-US\",\"potentialAction\":[{\"@type\":\"ReadAction\",\"target\":[\"https:\/\/krakbau.com.pl\/en\/offshore-and-bridge-construction\/\"]}]},{\"@type\":\"BreadcrumbList\",\"@id\":\"https:\/\/krakbau.com.pl\/en\/offshore-and-bridge-construction\/#breadcrumb\",\"itemListElement\":[{\"@type\":\"ListItem\",\"position\":1,\"name\":\"Home\",\"item\":\"https:\/\/krakbau.com.pl\/en\/\"},{\"@type\":\"ListItem\",\"position\":2,\"name\":\"Offshore and bridge construction\"}]}]}<\/script>\n<!-- \/ Yoast SEO plugin. -->","yoast_head_json":{"title":"Offshore and bridge construction - Krakbau S.A.","robots":{"index":"index","follow":"follow","max-snippet":"max-snippet:-1","max-image-preview":"max-image-preview:large","max-video-preview":"max-video-preview:-1"},"canonical":"https:\/\/krakbau.com.pl\/en\/offshore-and-bridge-construction\/","og_locale":"en_US","og_type":"article","og_title":"Offshore and bridge construction - Krakbau S.A.","og_description":"Offshore and bridge construction Krakbau Sp\u00f3\u0142ka Akcyjna specialises in the erection of complex bridge structures, both using traditional methods and with modern technologies, formworks and mobile scaffoldings. In offshore construction, Krakbau S.A. built reinforced concrete wharf protections in Cuxhaven port.","og_url":"https:\/\/krakbau.com.pl\/en\/offshore-and-bridge-construction\/","og_site_name":"Krakbau S.A.","article_modified_time":"2017-09-04T12:26:55+00:00","twitter_card":"summary","schema":{"@context":"https:\/\/schema.org","@graph":[{"@type":"WebSite","@id":"https:\/\/krakbau.com.pl\/#website","url":"https:\/\/krakbau.com.pl\/","name":"Krakbau S.A.","description":"","potentialAction":[{"@type":"SearchAction","target":{"@type":"EntryPoint","urlTemplate":"https:\/\/krakbau.com.pl\/?s={search_term_string}"},"query-input":"required name=search_term_string"}],"inLanguage":"en-US"},{"@type":"WebPage","@id":"https:\/\/krakbau.com.pl\/en\/offshore-and-bridge-construction\/#webpage","url":"https:\/\/krakbau.com.pl\/en\/offshore-and-bridge-construction\/","name":"Offshore and bridge construction - Krakbau S.A.","isPartOf":{"@id":"https:\/\/krakbau.com.pl\/#website"},"datePublished":"2017-08-23T07:53:59+00:00","dateModified":"2017-09-04T12:26:55+00:00","breadcrumb":{"@id":"https:\/\/krakbau.com.pl\/en\/offshore-and-bridge-construction\/#breadcrumb"},"inLanguage":"en-US","potentialAction":[{"@type":"ReadAction","target":["https:\/\/krakbau.com.pl\/en\/offshore-and-bridge-construction\/"]}]},{"@type":"BreadcrumbList","@id":"https:\/\/krakbau.com.pl\/en\/offshore-and-bridge-construction\/#breadcrumb","itemListElement":[{"@type":"ListItem","position":1,"name":"Home","item":"https:\/\/krakbau.com.pl\/en\/"},{"@type":"ListItem","position":2,"name":"Offshore and bridge construction"}]}]}},"_links":{"self":[{"href":"https:\/\/krakbau.com.pl\/en\/wp-json\/wp\/v2\/pages\/1271"}],"collection":[{"href":"https:\/\/krakbau.com.pl\/en\/wp-json\/wp\/v2\/pages"}],"about":[{"href":"https:\/\/krakbau.com.pl\/en\/wp-json\/wp\/v2\/types\/page"}],"author":[{"embeddable":true,"href":"https:\/\/krakbau.com.pl\/en\/wp-json\/wp\/v2\/users\/1"}],"replies":[{"embeddable":true,"href":"https:\/\/krakbau.com.pl\/en\/wp-json\/wp\/v2\/comments?post=1271"}],"version-history":[{"count":3,"href":"https:\/\/krakbau.com.pl\/en\/wp-json\/wp\/v2\/pages\/1271\/revisions"}],"predecessor-version":[{"id":1428,"href":"https:\/\/krakbau.com.pl\/en\/wp-json\/wp\/v2\/pages\/1271\/revisions\/1428"}],"wp:attachment":[{"href":"https:\/\/krakbau.com.pl\/en\/wp-json\/wp\/v2\/media?parent=1271"}],"curies":[{"name":"wp","href":"https:\/\/api.w.org\/{rel}","templated":true}]}}