{"id":1265,"date":"2017-08-23T09:46:55","date_gmt":"2017-08-23T07:46:55","guid":{"rendered":"http:\/\/krakbau.com.pl\/?page_id=1265\/"},"modified":"2017-09-12T12:44:40","modified_gmt":"2017-09-12T10:44:40","slug":"map-of-projects","status":"publish","type":"page","link":"https:\/\/krakbau.com.pl\/en\/map-of-projects\/","title":{"rendered":"Map of projects"},"content":{"rendered":"<div class=\"map-level\">\n<div class=\"container\">\n<h1 class=\"title1\">Map of projects<\/h1>\n<p>Key:<\/p>\n<div class=\"row\">\n<div class=\"col-sm-6 col-md-3 col-lg-2\">\n<div class=\"map-l l1\">\noffshore and bridge construction\n<\/div>\n<\/div>\n<div class=\"col-sm-6 col-md-3 col-lg-2\">\n<div class=\"map-l l2\">\ngeneral construction\n<\/div>\n<\/div>\n<div class=\"col-sm-6 col-md-3 col-lg-2\">\n<div class=\"map-l l3\">\n tunnels and mining\n<\/div>\n<\/div>\n<div class=\"col-sm-6 col-md-3 col-lg-2\">\n<div class=\"map-l l4\">\nerection of scaffoldings\n<\/div>\n<\/div>\n<div class=\"col-sm-6 col-md-3 col-lg-2\">\n<div class=\"map-l l5\">\nelectrical works\n<\/div>\n<\/div>\n<div class=\"col-sm-6 col-md-3 col-lg-2\">\n<div class=\"map-l l6\">\nconservation works\n<\/div>\n<\/div>\n<\/div>\n<\/div>\n<\/div>\n<div id=\"unique_iwm_0\"><div class='iwm_map_canvas'><div id='map_canvas_2' data-map-id='2'  class='i_world_map ' class='iwm_map_canvas'><div class='iwm_placeholder'><img width='32px' alt='realizacje (eng) Placeholder' title='realizacje (eng)' src='https:\/\/krakbau.com.pl\/wp-content\/plugins\/interactive-world-maps\/imgs\/placeholder.png'><br>realizacje (eng)<\/div><\/div><\/div><div id='imap2message' style='display:none;'>\n\t\t\t\t<div id=\"map_2_message_Stockholm\" style=\"display:block;\">\/en\/tunnel-construction\/tunel-vasa-sweden\/<\/div><div id=\"map_2_message_Malm\u00f6\" style=\"display:block;\">\/en\/tunnel-construction\/tunel-and-station-triangeln-sweden\/<\/div><div id=\"map_2_message_Copenhagen\" style=\"display:block;\">\/en\/tunnel-construction\/amagervaerket-shaft-and-heating-tunnel-copenhagen-denmark\/<\/div><div id=\"map_2_message_Nordhavn\" style=\"display:block;\">\/en\/tunnel-construction\/tunele-linii-metra-nordhavn-denmark\/<\/div><div id=\"map_2_message_Betzdorf\" style=\"display:block;\">\/en\/tunnel-construction\/tunel-siegkreisel-betzdorf-germany\/<\/div><div id=\"map_2_message_N\u00fcrnberg\" style=\"display:block;\">\/en\/tunnel-construction\/construction-of-u3-subway-line-section-nuremberg-germany\/<\/div><div id=\"map_2_message_BadStaffelsstein\" style=\"display:block;\">\/en\/tunnel-construction\/tunel-kulch-bad-staffelsstein-germany\/<\/div><div id=\"map_2_message_Schluchtern\" style=\"display:block;\">\/en\/tunnel-construction\/tunel-schluchtern-schluchtern-germany\/<\/div><div id=\"map_2_message_Stuttgart\" style=\"display:block;\">\/en\/tunnel-construction\/tunel-bad-cannstatt-s-21-stuttgart-germany\/<\/div><div id=\"map_2_message_FrankfurtKolonia\" style=\"display:block;\">\/en\/tunnel-construction\/tunel-sigauer-frankfurt-cologne-germany\/<\/div><div id=\"map_2_message_N\u00fcrnbergIngolstadt\" style=\"display:block;\">\/en\/tunnel-construction\/tunel-euerwang-nurnberg-ingolstadt-germany\/<\/div><div id=\"map_2_message_Konigshain\" style=\"display:block;\">\/en\/tunnel-construction\/tunel-konigshainer-berge-germany\/<\/div><div id=\"map_2_message_Eisenach\" style=\"display:block;\">\/en\/tunnel-construction\/tunel-rennsteig-germany\/<\/div><div id=\"map_2_message_HessischLichtenau\" style=\"display:block;\">\/en\/tunnel-construction\/tunel-walberg-hopfenberg-hessisch-lichtenau-germany\/<\/div><div id=\"map_2_message_Akwizgran\" style=\"display:block;\">\/en\/tunnel-construction\/tunel-bad-cannstatt-s-21-stuttgart-germany\/<\/div><div id=\"map_2_message_Ulm\" style=\"display:block;\">\/en\/tunnel-construction\/tunel-albabstieg-ulm-germany\/<\/div><div id=\"map_2_message_Bottrop\" style=\"display:block;\">\/en\/mining\/prosper-haniel-mine-bottrop-germany\/<\/div><div id=\"map_2_message_Hamm\" style=\"display:block;\">\/en\/mining\/bergwerk-ost-mine-hamm-germany\/<\/div><div id=\"map_2_message_Vianden\" style=\"display:block;\">\/en\/tunnel-construction\/lu-vianden\/<\/div><div id=\"map_2_message_Umea\" style=\"display:block;\">\/en\/offshore-and-bridge-construction\/mobile-saffoldings-under-a-bridge-umea-sweden\/<\/div><div id=\"map_2_message_Wroclaw\" style=\"display:block;\">\/en\/offshore-and-bridge-construction\/left-bank-flyover-along-the-motorway-bypass-of-wroclaw-wroclaw\/<\/div><div id=\"map_2_message_Wismar\" style=\"display:block;\">\/en\/offshore-and-bridge-construction\/mobile-scaffoldings-under-muhlenbach-bridge-wismar-damelov-germany\/<\/div><div id=\"map_2_message_Krautheim\" style=\"display:block;\">\/en\/offshore-and-bridge-construction\/mobile-scaffoldings-for-the-construction-of-scherkondetalbrucke-bridge-krautheim-germany\/<\/div><div id=\"map_2_message_Halle\" style=\"display:block;\">\/en\/offshore-and-bridge-construction\/construction-of-a-railway-section-from-erfurt-to-halle-halle-salle-germany\/<\/div><div id=\"map_2_message_Dilenburg\" style=\"display:block;\">\/en\/offshore-and-bridge-construction\/bridge-works-at-a-45-motorway-lutzelbachtalbrucke-dillenburg-germany\/<\/div><div id=\"map_2_message_Limburg\" style=\"display:block;\">\/en\/offshore-and-bridge-construction\/a3-lahntalbrucke-limburg-germany\/<\/div><div id=\"map_2_message_Cuxhaven\" style=\"display:block;\">\/en\/offshore-and-bridge-construction\/bw14-bridge-oberhausen-germany\/<\/div><div id=\"map_2_message_Oberhausen\" style=\"display:block;\">\/en\/offshore-and-bridge-construction\/bw13-bridge-oberhausen-germany\/<\/div><div id=\"map_2_message_IdarOberstein\" style=\"display:block;\">\/en\/offshore-and-bridge-construction\/bridge-over-talbrucke-dickesbach-idar-oberstein-germany\/<\/div><div id=\"map_2_message_Rodenkirchen\" style=\"display:block;\">\/en\/offshore-and-bridge-construction\/bridge-over-rhine-rheinbrucke-koln-rodenkirchen-germany\/<\/div><div id=\"map_2_message_Modena\" style=\"display:block;\">\/en\/offshore-and-bridge-construction\/mobile-scaffoldings-under-a-railway-flyover-modena-italy\/<\/div><div id=\"map_2_message_Belgrad\" style=\"display:block;\">\/en\/offshore-and-bridge-construction\/serbia\/<\/div><div id=\"map_2_message_Cracow\" style=\"display:block;\">\/en\/general-construction\/poland\/conference-centre-faculty-of-medicine\/<\/div><div id=\"map_2_message_\u015awierad\u00f3wZdr\u00f3j\" style=\"display:block;\">\/en\/general-construction\/poland\/gondolowa-rail\/<\/div><div id=\"map_2_message_Bednary\" style=\"display:block;\">\/en\/general-construction\/poland\/building-of-transportation-for-driving-by-car-and-building-office-buildings-bednary-near-poznan\/<\/div><div id=\"map_2_message_Tuluza\" style=\"display:block;\">\/en\/general-construction\/france\/<\/div><div id=\"map_2_message_Montpellier\" style=\"display:block;\">\/en\/general-construction\/france\/<\/div><div id=\"map_2_message_CastanetTolosan\" style=\"display:block;\">\/en\/general-construction\/france\/<\/div><div id=\"map_2_message_Pamiers\" style=\"display:block;\">\/en\/general-construction\/france\/<\/div><div id=\"map_2_message_ParkdeLisieux\" style=\"display:block;\">\/en\/general-construction\/france\/<\/div><div id=\"map_2_message_Sete\" style=\"display:block;\">\/en\/general-construction\/france\/<\/div><div id=\"map_2_message_Gramat\" style=\"display:block;\">\/en\/general-construction\/france\/<\/div><div id=\"map_2_message_SaintEmilion\" style=\"display:block;\">\/en\/general-construction\/france\/<\/div><div id=\"map_2_message_Orleans\" style=\"display:block;\">\/en\/general-construction\/france\/<\/div><div id=\"map_2_message_FontRomeu\" style=\"display:block;\">\/en\/general-construction\/france\/<\/div><div id=\"map_2_message_LeCr\u00e8s\" style=\"display:block;\">\/en\/general-construction\/france\/<\/div><div id=\"map_2_message_LeParkdelaMaurine\" style=\"display:block;\">\/en\/general-construction\/france\/<\/div><div id=\"map_2_message_Ramonville\" style=\"display:block;\">\/en\/general-construction\/france\/<\/div><div id=\"map_2_message_Beauzelle\" style=\"display:block;\">\/en\/general-construction\/france\/<\/div><div id=\"map_2_message_Munich\" style=\"display:block;\">\/en\/general-construction\/germany\/<\/div><div id=\"map_2_message_Mainz\" style=\"display:block;\">\/en\/general-construction\/germany\/<\/div><div id=\"map_2_message_Kartagena\" style=\"display:block;\"><\/div><div id=\"map_2_message_Tarragona\" style=\"display:block;\">\/en\/erection-of-industrial-scaffoldings\/offshore-and-bridge-construction-en\/refinery-tarragona\/<\/div><div id=\"map_2_message_Bilbao\" style=\"display:block;\">\/en\/erection-of-industrial-scaffoldings\/offshore-and-bridge-construction-en\/bilbao-residental-building\/<\/div><div id=\"map_2_message_NeurathGermany\" style=\"display:block;\">\/en\/erection-of-industrial-scaffoldings\/offshore-and-bridge-construction-de\/lignite-power-station\/<\/div><div id=\"map_2_message_Mannheim\" style=\"display:block;\">\/en\/erection-of-industrial-scaffoldings\/offshore-and-bridge-construction-de\/mannheim-refinery\/<\/div><div id=\"map_2_message_Godorf\" style=\"display:block;\">\/en\/erection-of-industrial-scaffoldings\/offshore-and-bridge-construction-de\/godorf-shell\/<\/div><div id=\"map_2_message_Rotterdam\" style=\"display:block;\">\/en\/erection-of-industrial-scaffoldings\/offshore-and-bridge-construction-nl\/maasvlakte-power-station\/<\/div><div id=\"map_2_message_Eemshaven\" style=\"display:block;\">\/en\/erection-of-industrial-scaffoldings\/offshore-and-bridge-construction-nl\/eemshaven-power-station\/<\/div><div id=\"map_2_message_Dusseldorf\" style=\"display:block;\">\/en\/electrical-works\/dusseldorf-airport-airport-2000-plus-project-germany\/<\/div><div id=\"map_2_message_Monchengladbach\" style=\"display:block;\">\/en\/electrical-works\/borussia-stadium-monchengladbach-germany\/<\/div><div id=\"map_2_message_BuhlVimbuch\" style=\"display:block;\">\/en\/conservation-works\/catholic-church-of-st-johann-buhl-vimbuch-germany\/<\/div><div id=\"map_2_message_Frankfurt\" style=\"display:block;\">\/en\/erection-of-industrial-scaffoldings\/offshore-and-bridge-construction-de\/<\/div><div id=\"map_2_message_Bergheim\" style=\"display:block;\">\/en\/erection-of-industrial-scaffoldings\/offshore-and-bridge-construction-de\/neurath-power-station\/<\/div><div id=\"map_2_message_Albstadt\" style=\"display:block;\"><\/div><div id=\"map_2_message_L\u00fcdenscheid\" style=\"display:block;\"><\/div><div id=\"map_2_message_SanktGoarshausen\" style=\"display:block;\"><\/div><div id=\"map_2_message_Esbjerg\" style=\"display:block;\">\/en\/offshore-and-bridge-construction\/port-of-esbjerg-esbjerg-denmark\/<\/div><div id=\"map_2_message_Stathelle\" style=\"display:block;\">\/en\/offshore-and-bridge-construction\/mobile-scaffoldings-stathelle-norway\/<\/div><div id=\"map_2_message_Blessberg\" style=\"display:block;\">\/en\/tunnel-construction\/boring-of-shaft-blessberg-germany\/<\/div><div id=\"map_2_message_Trimberg\" style=\"display:block;\">\/en\/tunnel-construction\/tunnelworks-trimberg-germany\/<\/div><div id=\"map_2_message_KalteicheHaiger\" style=\"display:block;\">\/en\/offshore-and-bridge-construction\/talbrucke-kalteiche-haiger-germany\/<\/div>\n\t\t\t\t<\/div><\/div>\n","protected":false},"excerpt":{"rendered":"<p>Map of projects Key: offshore and bridge construction general construction tunnels and mining erection of scaffoldings electrical works conservation works<\/p>\n","protected":false},"author":1,"featured_media":0,"parent":0,"menu_order":0,"comment_status":"closed","ping_status":"closed","template":"template-0.php","meta":[],"yoast_head":"<!-- This site is optimized with the Yoast SEO plugin v18.4.1 - https:\/\/yoast.com\/wordpress\/plugins\/seo\/ -->\n<title>Map of projects - Krakbau S.A.<\/title>\n<meta name=\"robots\" content=\"index, follow, max-snippet:-1, max-image-preview:large, max-video-preview:-1\" \/>\n<link rel=\"canonical\" href=\"https:\/\/krakbau.com.pl\/en\/map-of-projects\/\" \/>\n<meta property=\"og:locale\" content=\"en_US\" \/>\n<meta property=\"og:type\" content=\"article\" \/>\n<meta property=\"og:title\" content=\"Map of projects - Krakbau S.A.\" \/>\n<meta property=\"og:description\" content=\"Map of projects Key: offshore and bridge construction general construction tunnels and mining erection of scaffoldings electrical works conservation works\" \/>\n<meta property=\"og:url\" content=\"https:\/\/krakbau.com.pl\/en\/map-of-projects\/\" \/>\n<meta property=\"og:site_name\" content=\"Krakbau S.A.\" \/>\n<meta property=\"article:modified_time\" content=\"2017-09-12T10:44:40+00:00\" \/>\n<meta name=\"twitter:card\" content=\"summary\" \/>\n<script type=\"application\/ld+json\" class=\"yoast-schema-graph\">{\"@context\":\"https:\/\/schema.org\",\"@graph\":[{\"@type\":\"WebSite\",\"@id\":\"https:\/\/krakbau.com.pl\/#website\",\"url\":\"https:\/\/krakbau.com.pl\/\",\"name\":\"Krakbau S.A.\",\"description\":\"\",\"potentialAction\":[{\"@type\":\"SearchAction\",\"target\":{\"@type\":\"EntryPoint\",\"urlTemplate\":\"https:\/\/krakbau.com.pl\/?s={search_term_string}\"},\"query-input\":\"required name=search_term_string\"}],\"inLanguage\":\"en-US\"},{\"@type\":\"WebPage\",\"@id\":\"https:\/\/krakbau.com.pl\/en\/map-of-projects\/#webpage\",\"url\":\"https:\/\/krakbau.com.pl\/en\/map-of-projects\/\",\"name\":\"Map of projects - Krakbau S.A.\",\"isPartOf\":{\"@id\":\"https:\/\/krakbau.com.pl\/#website\"},\"datePublished\":\"2017-08-23T07:46:55+00:00\",\"dateModified\":\"2017-09-12T10:44:40+00:00\",\"breadcrumb\":{\"@id\":\"https:\/\/krakbau.com.pl\/en\/map-of-projects\/#breadcrumb\"},\"inLanguage\":\"en-US\",\"potentialAction\":[{\"@type\":\"ReadAction\",\"target\":[\"https:\/\/krakbau.com.pl\/en\/map-of-projects\/\"]}]},{\"@type\":\"BreadcrumbList\",\"@id\":\"https:\/\/krakbau.com.pl\/en\/map-of-projects\/#breadcrumb\",\"itemListElement\":[{\"@type\":\"ListItem\",\"position\":1,\"name\":\"Home\",\"item\":\"https:\/\/krakbau.com.pl\/en\/\"},{\"@type\":\"ListItem\",\"position\":2,\"name\":\"Map of projects\"}]}]}<\/script>\n<!-- \/ Yoast SEO plugin. -->","yoast_head_json":{"title":"Map of projects - Krakbau S.A.","robots":{"index":"index","follow":"follow","max-snippet":"max-snippet:-1","max-image-preview":"max-image-preview:large","max-video-preview":"max-video-preview:-1"},"canonical":"https:\/\/krakbau.com.pl\/en\/map-of-projects\/","og_locale":"en_US","og_type":"article","og_title":"Map of projects - Krakbau S.A.","og_description":"Map of projects Key: offshore and bridge construction general construction tunnels and mining erection of scaffoldings electrical works conservation works","og_url":"https:\/\/krakbau.com.pl\/en\/map-of-projects\/","og_site_name":"Krakbau S.A.","article_modified_time":"2017-09-12T10:44:40+00:00","twitter_card":"summary","schema":{"@context":"https:\/\/schema.org","@graph":[{"@type":"WebSite","@id":"https:\/\/krakbau.com.pl\/#website","url":"https:\/\/krakbau.com.pl\/","name":"Krakbau S.A.","description":"","potentialAction":[{"@type":"SearchAction","target":{"@type":"EntryPoint","urlTemplate":"https:\/\/krakbau.com.pl\/?s={search_term_string}"},"query-input":"required name=search_term_string"}],"inLanguage":"en-US"},{"@type":"WebPage","@id":"https:\/\/krakbau.com.pl\/en\/map-of-projects\/#webpage","url":"https:\/\/krakbau.com.pl\/en\/map-of-projects\/","name":"Map of projects - Krakbau S.A.","isPartOf":{"@id":"https:\/\/krakbau.com.pl\/#website"},"datePublished":"2017-08-23T07:46:55+00:00","dateModified":"2017-09-12T10:44:40+00:00","breadcrumb":{"@id":"https:\/\/krakbau.com.pl\/en\/map-of-projects\/#breadcrumb"},"inLanguage":"en-US","potentialAction":[{"@type":"ReadAction","target":["https:\/\/krakbau.com.pl\/en\/map-of-projects\/"]}]},{"@type":"BreadcrumbList","@id":"https:\/\/krakbau.com.pl\/en\/map-of-projects\/#breadcrumb","itemListElement":[{"@type":"ListItem","position":1,"name":"Home","item":"https:\/\/krakbau.com.pl\/en\/"},{"@type":"ListItem","position":2,"name":"Map of projects"}]}]}},"_links":{"self":[{"href":"https:\/\/krakbau.com.pl\/en\/wp-json\/wp\/v2\/pages\/1265"}],"collection":[{"href":"https:\/\/krakbau.com.pl\/en\/wp-json\/wp\/v2\/pages"}],"about":[{"href":"https:\/\/krakbau.com.pl\/en\/wp-json\/wp\/v2\/types\/page"}],"author":[{"embeddable":true,"href":"https:\/\/krakbau.com.pl\/en\/wp-json\/wp\/v2\/users\/1"}],"replies":[{"embeddable":true,"href":"https:\/\/krakbau.com.pl\/en\/wp-json\/wp\/v2\/comments?post=1265"}],"version-history":[{"count":2,"href":"https:\/\/krakbau.com.pl\/en\/wp-json\/wp\/v2\/pages\/1265\/revisions"}],"predecessor-version":[{"id":1449,"href":"https:\/\/krakbau.com.pl\/en\/wp-json\/wp\/v2\/pages\/1265\/revisions\/1449"}],"wp:attachment":[{"href":"https:\/\/krakbau.com.pl\/en\/wp-json\/wp\/v2\/media?parent=1265"}],"curies":[{"name":"wp","href":"https:\/\/api.w.org\/{rel}","templated":true}]}}