{"id":1257,"date":"2017-08-23T09:32:30","date_gmt":"2017-08-23T07:32:30","guid":{"rendered":"http:\/\/krakbau.com.pl\/?page_id=1257\/"},"modified":"2018-03-26T09:19:02","modified_gmt":"2018-03-26T07:19:02","slug":"partners","status":"publish","type":"page","link":"https:\/\/krakbau.com.pl\/en\/partners\/","title":{"rendered":"Partners"},"content":{"rendered":"<h1 class=\"title1\">Partners<\/h1>\n<h2 class=\"tp2\">Partners in Poland<\/h2>\n<ul>\n<li>Mostostal-Export S.A. <\/li>\n<li>Pascal Polska Sp. z o.o. <\/li>\n<li>M-Investment Sp. z o.o.\u00a0<\/li>\n<li>Sobies\u0142aw Zasada Ltd Sp. z o.o. <\/li>\n<li>Impol Sp. z o.o.<\/li>\n<li>Zak\u0142ady Produkcyjno-Us\u0142ugowe \u201eGeo\u201d <\/li>\n<li>Urz\u0105d Gminy w Micha\u0142owicach <\/li>\n<li>Havre Sp. z o.o.<\/li>\n<li>Puget\u00f3w Palace <\/li>\n<li>Viamot <\/li>\n<li>Wadowscy Sp. z o.o. <\/li>\n<li>Efekt &#8211; Hotele Sp. z o.o.<\/li>\n<li>Jagiellonian University \u2013 Collegium Medicum<\/li>\n<li>Krakowskie Zak\u0142ady Automatyki S.A.\u00a0<\/li>\n<li>Galinvest Polonijna Sp. z o.o. <\/li>\n<li>Instal Krak\u00f3w S.A. <\/li>\n<li>Eland Management Sp. z o.o. S.K.A.<\/li>\n<li>Test &#038; Training Safety Centre Sp. z o.o. Sp. k.<\/li>\n<li>CBL Sp. z o.o.\u00a0<\/li>\n<li>Roman Catholic Perish of the Most Sacred Heart of Jesus <\/li>\n<li>Sinah-bud Sp. z o.o.<\/li>\n<li>TBS Krak System S.A. <\/li>\n<li>Kolej Gondolowa \u015awierad\u00f3w-Zdr\u00f3j Sp. z o.o. <\/li>\n<li>K.P.H. Sp. z o.o.\u00a0<\/li>\n<li>Hermann Kirchner Polska Sp. z o.o.\u00a0<\/li>\n<li>Krakowskie Towarzystwo Inwestycyjne Krak Sp. z o.o.\u00a0<\/li>\n<li>Donimirski Pa\u0142ac Puget\u00f3w Business Center<\/li>\n<li>Zistechnika Sp. z o.o.<\/li>\n<\/ul>\n<ul class=\"kiwi-logo-carousel kiwi-logo-carousel-pl default align-center col4\"><li style=\"height:100px;\" ><div class=\"helper\" style=\"height:100px; width:150px;\" ><img src=\"https:\/\/krakbau.com.pl\/wp-content\/uploads\/2017\/06\/CBL-Sp.-z-o.-o..jpg\" alt=\"\" title=\"\" style=\"max-width:150px; padding-left: 0px; padding-right:0px\" ><\/div><\/li><li style=\"height:100px;\" ><div class=\"helper\" style=\"height:100px; width:150px;\" ><img src=\"https:\/\/krakbau.com.pl\/wp-content\/uploads\/2017\/06\/CBL-Sp.-z-o.o..jpg\" alt=\"\" title=\"\" style=\"max-width:150px; padding-left: 0px; padding-right:0px\" ><\/div><\/li><li style=\"height:100px;\" ><div class=\"helper\" style=\"height:100px; width:150px;\" ><img src=\"https:\/\/krakbau.com.pl\/wp-content\/uploads\/2017\/06\/Donimirski-Palac-Pugetow-Business-Center.jpg\" alt=\"\" title=\"\" style=\"max-width:150px; padding-left: 0px; padding-right:0px\" ><\/div><\/li><li style=\"height:100px;\" ><div class=\"helper\" style=\"height:100px; width:150px;\" ><img src=\"https:\/\/krakbau.com.pl\/wp-content\/uploads\/2017\/06\/Efekt-Hotele-Sp.-z-o.-o..png\" alt=\"\" title=\"\" style=\"max-width:150px; padding-left: 0px; padding-right:0px\" ><\/div><\/li><li style=\"height:100px;\" ><div class=\"helper\" style=\"height:100px; width:150px;\" ><img src=\"https:\/\/krakbau.com.pl\/wp-content\/uploads\/2017\/06\/Eland-Management-Sp.-z-o.o.-S.-K.-A..jpg\" alt=\"\" title=\"\" style=\"max-width:150px; padding-left: 0px; padding-right:0px\" ><\/div><\/li><li style=\"height:100px;\" ><div class=\"helper\" style=\"height:100px; width:150px;\" ><img src=\"https:\/\/krakbau.com.pl\/wp-content\/uploads\/2017\/06\/Galinvest.png\" alt=\"\" title=\"\" style=\"max-width:150px; padding-left: 0px; padding-right:0px\" ><\/div><\/li><li style=\"height:100px;\" ><div class=\"helper\" style=\"height:100px; width:150px;\" ><img src=\"https:\/\/krakbau.com.pl\/wp-content\/uploads\/2017\/06\/Hermann-Kirchner-Polska-Sp.-z-o.o..gif\" alt=\"\" title=\"\" style=\"max-width:150px; padding-left: 0px; padding-right:0px\" ><\/div><\/li><li style=\"height:100px;\" ><div class=\"helper\" style=\"height:100px; width:150px;\" ><img src=\"https:\/\/krakbau.com.pl\/wp-content\/uploads\/2017\/06\/Impol-Sp.-z-o.-o..png\" alt=\"\" title=\"\" style=\"max-width:150px; padding-left: 0px; padding-right:0px\" ><\/div><\/li><li style=\"height:100px;\" ><div class=\"helper\" style=\"height:100px; width:150px;\" ><img src=\"https:\/\/krakbau.com.pl\/wp-content\/uploads\/2017\/06\/Instal-Krakow-S.A.jpg\" alt=\"\" title=\"\" style=\"max-width:150px; padding-left: 0px; padding-right:0px\" ><\/div><\/li><li style=\"height:100px;\" ><div class=\"helper\" style=\"height:100px; width:150px;\" ><img src=\"https:\/\/krakbau.com.pl\/wp-content\/uploads\/2017\/06\/K-Z-A-S.A..jpg\" alt=\"\" title=\"\" style=\"max-width:150px; padding-left: 0px; padding-right:0px\" ><\/div><\/li><li style=\"height:100px;\" ><div class=\"helper\" style=\"height:100px; width:150px;\" ><img src=\"https:\/\/krakbau.com.pl\/wp-content\/uploads\/2017\/06\/K.P.H.-Sp.-z-o.o..jpg\" alt=\"\" title=\"\" style=\"max-width:150px; padding-left: 0px; padding-right:0px\" ><\/div><\/li><li style=\"height:100px;\" ><div class=\"helper\" style=\"height:100px; width:150px;\" ><img src=\"https:\/\/krakbau.com.pl\/wp-content\/uploads\/2017\/06\/Kolej-Gondolowa-\u015awierad\u00f3w-Zdr\u00f3j-Sp.-z-o.o..png\" alt=\"\" title=\"\" style=\"max-width:150px; padding-left: 0px; padding-right:0px\" ><\/div><\/li><li style=\"height:100px;\" ><div class=\"helper\" style=\"height:100px; width:150px;\" ><img src=\"https:\/\/krakbau.com.pl\/wp-content\/uploads\/2017\/06\/Mostostal-Export-S.-A..jpg\" alt=\"\" title=\"\" style=\"max-width:150px; padding-left: 0px; padding-right:0px\" ><\/div><\/li><li style=\"height:100px;\" ><div class=\"helper\" style=\"height:100px; width:150px;\" ><img src=\"https:\/\/krakbau.com.pl\/wp-content\/uploads\/2017\/06\/Pascal.png\" alt=\"\" title=\"\" style=\"max-width:150px; padding-left: 0px; padding-right:0px\" ><\/div><\/li><li style=\"height:100px;\" ><div class=\"helper\" style=\"height:100px; width:150px;\" ><img src=\"https:\/\/krakbau.com.pl\/wp-content\/uploads\/2017\/06\/Sobies\u0142aw-Zasada-Sp.-z-o.-o..png\" alt=\"\" title=\"\" style=\"max-width:150px; padding-left: 0px; padding-right:0px\" ><\/div><\/li><li style=\"height:100px;\" ><div class=\"helper\" style=\"height:100px; width:150px;\" ><img src=\"https:\/\/krakbau.com.pl\/wp-content\/uploads\/2017\/06\/TBS-Krak-System-S.A..png\" alt=\"\" title=\"\" style=\"max-width:150px; padding-left: 0px; padding-right:0px\" ><\/div><\/li><li style=\"height:100px;\" ><div class=\"helper\" style=\"height:100px; width:150px;\" ><img src=\"https:\/\/krakbau.com.pl\/wp-content\/uploads\/2017\/06\/Test-and-Training-Safety-Centre-Sp.-z-o.o.-Sp.-k..png\" alt=\"\" title=\"\" style=\"max-width:150px; padding-left: 0px; padding-right:0px\" ><\/div><\/li><li style=\"height:100px;\" ><div class=\"helper\" style=\"height:100px; width:150px;\" ><img src=\"https:\/\/krakbau.com.pl\/wp-content\/uploads\/2017\/06\/UJ-CM.jpg\" alt=\"\" title=\"\" style=\"max-width:150px; padding-left: 0px; padding-right:0px\" ><\/div><\/li><li style=\"height:100px;\" ><div class=\"helper\" style=\"height:100px; width:150px;\" ><img src=\"https:\/\/krakbau.com.pl\/wp-content\/uploads\/2017\/06\/Urz\u0105d-Gminy-w-Micha\u0142owicach.png\" alt=\"\" title=\"\" style=\"max-width:150px; padding-left: 0px; padding-right:0px\" ><\/div><\/li><li style=\"height:100px;\" ><div class=\"helper\" style=\"height:100px; width:150px;\" ><img src=\"https:\/\/krakbau.com.pl\/wp-content\/uploads\/2017\/06\/Viamot-S.A..jpg\" alt=\"\" title=\"\" style=\"max-width:150px; padding-left: 0px; padding-right:0px\" ><\/div><\/li><li style=\"height:100px;\" ><div class=\"helper\" style=\"height:100px; width:150px;\" ><img src=\"https:\/\/krakbau.com.pl\/wp-content\/uploads\/2017\/06\/Volvo-Wadowscy-Sp.-z-o.o..jpg\" alt=\"\" title=\"\" style=\"max-width:150px; padding-left: 0px; padding-right:0px\" ><\/div><\/li><li style=\"height:100px;\" ><div class=\"helper\" style=\"height:100px; width:150px;\" ><img src=\"https:\/\/krakbau.com.pl\/wp-content\/uploads\/2017\/06\/Zak\u0142ady-Produkcyjno-Us\u0142ugowe-Geo.png\" alt=\"\" title=\"\" style=\"max-width:150px; padding-left: 0px; padding-right:0px\" ><\/div><\/li><li style=\"height:100px;\" ><div class=\"helper\" style=\"height:100px; width:150px;\" ><img src=\"https:\/\/krakbau.com.pl\/wp-content\/uploads\/2018\/03\/zistechnika.jpg\" alt=\"Zistechnika\" title=\"Zistechnika\" style=\"max-width:150px; padding-left: 0px; padding-right:0px\" ><\/div><\/li><\/ul>\n<h2 class=\"tp2\">Denmark<\/h2>\n<ul>\n<li>KFT-JV K\u00d8BENHAVNS FJERNVARME TUNNEL<\/li>\n<li>METNORD JV I\/S<\/li>\n<li>CG Jensen A\/S<\/li>\n<li>GAP ENTERPRISE ApS<\/li>\n<\/ul>\n<ul class=\"kiwi-logo-carousel kiwi-logo-carousel-dk default align-center col4\"><li style=\"height:100px;\" ><div class=\"helper\" style=\"height:100px; width:150px;\" ><img src=\"https:\/\/krakbau.com.pl\/wp-content\/uploads\/2017\/06\/KFT-JV-Kobenhavns-Fjernvarme-Tunnel.png\" alt=\"\" title=\"\" style=\"max-width:150px; padding-left: 0px; padding-right:0px\" ><\/div><\/li><li style=\"height:100px;\" ><div class=\"helper\" style=\"height:100px; width:150px;\" ><img src=\"https:\/\/krakbau.com.pl\/wp-content\/uploads\/2017\/06\/MetNord-JV.png\" alt=\"\" title=\"\" style=\"max-width:150px; padding-left: 0px; padding-right:0px\" ><\/div><\/li><li style=\"height:100px;\" ><div class=\"helper\" style=\"height:100px; width:150px;\" ><img src=\"https:\/\/krakbau.com.pl\/wp-content\/uploads\/2018\/03\/CG-Jensen-2.png\" alt=\"CG\" title=\"CG\" style=\"max-width:150px; padding-left: 0px; padding-right:0px\" ><\/div><\/li><li style=\"height:100px;\" ><div class=\"helper\" style=\"height:100px; width:150px;\" ><img src=\"https:\/\/krakbau.com.pl\/wp-content\/uploads\/2018\/03\/logo-gap.jpg\" alt=\"GAP\" title=\"GAP\" style=\"max-width:150px; padding-left: 0px; padding-right:0px\" ><\/div><\/li><\/ul>\n<h2 class=\"tp2\">France<\/h2>\n<ul>\n<li>DUMEZ SUD<\/li>\n<li>E.C.A.D<\/li>\n<li>SPIE BATIGNOLLES OUEST<\/li>\n<li>TOLEDO CONSTRUCTION<\/li>\n<li>TSMO<\/li>\n<li>LTR<\/li>\n<li>VENDOME CONSTRUCTION<\/li>\n<li>SAS LGS<\/li>\n<\/ul>\n<ul class=\"kiwi-logo-carousel kiwi-logo-carousel-fr default align-center col4\"><li style=\"height:100px;\" ><div class=\"helper\" style=\"height:100px; width:150px;\" ><img src=\"https:\/\/krakbau.com.pl\/wp-content\/uploads\/2017\/06\/Dumez-Sud.jpg\" alt=\"\" title=\"\" style=\"max-width:150px; padding-left: 0px; padding-right:0px\" ><\/div><\/li><li style=\"height:100px;\" ><div class=\"helper\" style=\"height:100px; width:150px;\" ><img src=\"https:\/\/krakbau.com.pl\/wp-content\/uploads\/2017\/06\/ECAD-Batiment.png\" alt=\"\" title=\"\" style=\"max-width:150px; padding-left: 0px; padding-right:0px\" ><\/div><\/li><li style=\"height:100px;\" ><div class=\"helper\" style=\"height:100px; width:150px;\" ><img src=\"https:\/\/krakbau.com.pl\/wp-content\/uploads\/2017\/06\/La-Tradition-Cevenole.png\" alt=\"\" title=\"\" style=\"max-width:150px; padding-left: 0px; padding-right:0px\" ><\/div><\/li><li style=\"height:100px;\" ><div class=\"helper\" style=\"height:100px; width:150px;\" ><img src=\"https:\/\/krakbau.com.pl\/wp-content\/uploads\/2017\/06\/Spie-Batignolles-Ouest.jpg\" alt=\"\" title=\"\" style=\"max-width:150px; padding-left: 0px; padding-right:0px\" ><\/div><\/li><\/ul>\n<h2 class=\"tp2\">Spain<\/h2>\n<ul>\n<li>THYSSENKRUPP XERVON GmbH\u00a0<\/li>\n<li>MECCANO MONTAJES S.A.<\/li>\n<\/ul>\n<ul class=\"kiwi-logo-carousel kiwi-logo-carousel-e default align-center col4\"><li style=\"height:100px;\" ><div class=\"helper\" style=\"height:100px; width:150px;\" ><img src=\"https:\/\/krakbau.com.pl\/wp-content\/uploads\/2017\/06\/Meccano-Montajes.jpg\" alt=\"\" title=\"\" style=\"max-width:150px; padding-left: 0px; padding-right:0px\" ><\/div><\/li><\/ul>\n<h2 class=\"tp2\">Sweden<\/h2>\n<ul>\n<li>MCG MALM\u00d6 Citytunnel Group HB<\/li>\n<li>Bilfinger Construction Odenplan AB<\/li>\n<\/ul>\n<ul class=\"kiwi-logo-carousel kiwi-logo-carousel-se default align-center col4\"><li style=\"height:100px;\" ><div class=\"helper\" style=\"height:100px; width:150px;\" ><img src=\"https:\/\/krakbau.com.pl\/wp-content\/uploads\/2017\/06\/Bilfinger-Implenia.jpg\" alt=\"\" title=\"\" style=\"max-width:150px; padding-left: 0px; padding-right:0px\" ><\/div><\/li><li style=\"height:100px;\" ><div class=\"helper\" style=\"height:100px; width:150px;\" ><img src=\"https:\/\/krakbau.com.pl\/wp-content\/uploads\/2017\/06\/MCG-Malmo-Citytunnel-Group-HB.png\" alt=\"\" title=\"\" style=\"max-width:150px; padding-left: 0px; padding-right:0px\" ><\/div><\/li><\/ul>\n<h2 class=\"tp2\">Italy<\/h2>\n<ul>\n<li>THYSSENKRUPP XERVON GmbH<\/li>\n<\/ul>\n<h2 class=\"tp2\">Germany<\/h2>\n<ul>\n<li>Hochtief Contruction AG<\/li>\n<li>Ed. Z\u00fcblin AG<\/li>\n<li>Bilfinger Berger AG<\/li>\n<li>Xervon GmbH<\/li>\n<li>Bilfinger arnholdt GmbH<\/li>\n<li>Johannn Rohrer GmbH<\/li>\n<li>WEBER Ger\u00fcstbau GmbH<\/li>\n<li>Ger\u00fcstbau Block GmbH&#038;Co.KG<\/li>\n<li>BeMo Tunnelling GmbH<\/li>\n<li>Thyssenkrupp Infrastructure GmbH<\/li>\n<li>Arge Tunnel Cannstatt S21<\/li>\n<li>Arge Tunnel Albabstieg<\/li>\n<li>Siemens Building Technologies GmbH&#038;Co.oHG<\/li>\n<li>Strabag AG<\/li>\n<\/ul>\n<ul class=\"kiwi-logo-carousel kiwi-logo-carousel-de default align-center col4\"><li style=\"height:100px;\" ><div class=\"helper\" style=\"height:100px; width:150px;\" ><img src=\"https:\/\/krakbau.com.pl\/wp-content\/uploads\/2017\/06\/Adam-Hornig-Baugesellschaft-GmbH-Co.-KG.png\" alt=\"\" title=\"\" style=\"max-width:150px; padding-left: 0px; padding-right:0px\" ><\/div><\/li><li style=\"height:100px;\" ><div class=\"helper\" style=\"height:100px; width:150px;\" ><img src=\"https:\/\/krakbau.com.pl\/wp-content\/uploads\/2017\/06\/Alpine-Untertagebau-GmbH.jpg\" alt=\"\" title=\"\" style=\"max-width:150px; padding-left: 0px; padding-right:0px\" ><\/div><\/li><li style=\"height:100px;\" ><div class=\"helper\" style=\"height:100px; width:150px;\" ><img src=\"https:\/\/krakbau.com.pl\/wp-content\/uploads\/2017\/06\/Arge-Tunnel-Albabstieg.jpg\" alt=\"\" title=\"\" style=\"max-width:150px; padding-left: 0px; padding-right:0px\" ><\/div><\/li><li style=\"height:100px;\" ><div class=\"helper\" style=\"height:100px; width:150px;\" ><img src=\"https:\/\/krakbau.com.pl\/wp-content\/uploads\/2017\/06\/Arge-Tunnel-Cannstatt-S21.jpg\" alt=\"\" title=\"\" style=\"max-width:150px; padding-left: 0px; padding-right:0px\" ><\/div><\/li><li style=\"height:100px;\" ><div class=\"helper\" style=\"height:100px; width:150px;\" ><img src=\"https:\/\/krakbau.com.pl\/wp-content\/uploads\/2017\/06\/BeMo-Tunnelling-GmbH.png\" alt=\"\" title=\"\" style=\"max-width:150px; padding-left: 0px; padding-right:0px\" ><\/div><\/li><li style=\"height:100px;\" ><div class=\"helper\" style=\"height:100px; width:150px;\" ><img src=\"https:\/\/krakbau.com.pl\/wp-content\/uploads\/2017\/06\/Bilfinger-arnholdt-GmbH.png\" alt=\"\" title=\"\" style=\"max-width:150px; padding-left: 0px; padding-right:0px\" ><\/div><\/li><li style=\"height:100px;\" ><div class=\"helper\" style=\"height:100px; width:150px;\" ><img src=\"https:\/\/krakbau.com.pl\/wp-content\/uploads\/2017\/06\/Bilfinger-Berger-AG.jpg\" alt=\"\" title=\"\" style=\"max-width:150px; padding-left: 0px; padding-right:0px\" ><\/div><\/li><li style=\"height:100px;\" ><div class=\"helper\" style=\"height:100px; width:150px;\" ><img src=\"https:\/\/krakbau.com.pl\/wp-content\/uploads\/2017\/06\/Ed.-Zublin-AG-2.jpg\" alt=\"\" title=\"\" style=\"max-width:150px; padding-left: 0px; padding-right:0px\" ><\/div><\/li><li style=\"height:100px;\" ><div class=\"helper\" style=\"height:100px; width:150px;\" ><img src=\"https:\/\/krakbau.com.pl\/wp-content\/uploads\/2017\/06\/Ed.-Zublin-AG.jpg\" alt=\"\" title=\"\" style=\"max-width:150px; padding-left: 0px; padding-right:0px\" ><\/div><\/li><li style=\"height:100px;\" ><div class=\"helper\" style=\"height:100px; width:150px;\" ><img src=\"https:\/\/krakbau.com.pl\/wp-content\/uploads\/2017\/06\/Gerustbau-Block-GmbH-Co.-KG.gif\" alt=\"\" title=\"\" style=\"max-width:150px; padding-left: 0px; padding-right:0px\" ><\/div><\/li><li style=\"height:100px;\" ><div class=\"helper\" style=\"height:100px; width:150px;\" ><img src=\"https:\/\/krakbau.com.pl\/wp-content\/uploads\/2017\/06\/Hochtief-Construction-AG.jpg\" alt=\"\" title=\"\" style=\"max-width:150px; padding-left: 0px; padding-right:0px\" ><\/div><\/li><li style=\"height:100px;\" ><div class=\"helper\" style=\"height:100px; width:150px;\" ><img src=\"https:\/\/krakbau.com.pl\/wp-content\/uploads\/2017\/06\/Hochtief-Infrastructure.jpg\" alt=\"\" title=\"\" style=\"max-width:150px; padding-left: 0px; padding-right:0px\" ><\/div><\/li><li style=\"height:100px;\" ><div class=\"helper\" style=\"height:100px; width:150px;\" ><img src=\"https:\/\/krakbau.com.pl\/wp-content\/uploads\/2017\/06\/Johann-Rohrer-GmbH.png\" alt=\"\" title=\"\" style=\"max-width:150px; padding-left: 0px; padding-right:0px\" ><\/div><\/li><li style=\"height:100px;\" ><div class=\"helper\" style=\"height:100px; width:150px;\" ><img src=\"https:\/\/krakbau.com.pl\/wp-content\/uploads\/2017\/06\/Max-Bogl-Bauunternehmung-GmbH-Co.-KG.png\" alt=\"\" title=\"\" style=\"max-width:150px; padding-left: 0px; padding-right:0px\" ><\/div><\/li><li style=\"height:100px;\" ><div class=\"helper\" style=\"height:100px; width:150px;\" ><img src=\"https:\/\/krakbau.com.pl\/wp-content\/uploads\/2017\/06\/P.-A.-Budau-GmbH-Co.-KG.gif\" alt=\"\" title=\"\" style=\"max-width:150px; padding-left: 0px; padding-right:0px\" ><\/div><\/li><li style=\"height:100px;\" ><div class=\"helper\" style=\"height:100px; width:150px;\" ><img src=\"https:\/\/krakbau.com.pl\/wp-content\/uploads\/2017\/06\/Schulz-Gerustbau-GmbH-Co.-KG.jpg\" alt=\"\" title=\"\" style=\"max-width:150px; padding-left: 0px; padding-right:0px\" ><\/div><\/li><li style=\"height:100px;\" ><div class=\"helper\" style=\"height:100px; width:150px;\" ><img src=\"https:\/\/krakbau.com.pl\/wp-content\/uploads\/2017\/06\/Siemens-Building-Technologies-GmbHCo.-OHG.png\" alt=\"\" title=\"\" style=\"max-width:150px; padding-left: 0px; padding-right:0px\" ><\/div><\/li><li style=\"height:100px;\" ><div class=\"helper\" style=\"height:100px; width:150px;\" ><img src=\"https:\/\/krakbau.com.pl\/wp-content\/uploads\/2017\/06\/Strabag-AG.jpg\" alt=\"\" title=\"\" style=\"max-width:150px; padding-left: 0px; padding-right:0px\" ><\/div><\/li><li style=\"height:100px;\" ><div class=\"helper\" style=\"height:100px; width:150px;\" ><img src=\"https:\/\/krakbau.com.pl\/wp-content\/uploads\/2017\/06\/ThyssenKrupp-Infrastructure-GmbH.jpg\" alt=\"\" title=\"\" style=\"max-width:150px; padding-left: 0px; padding-right:0px\" ><\/div><\/li><li style=\"height:100px;\" ><div class=\"helper\" style=\"height:100px; width:150px;\" ><img src=\"https:\/\/krakbau.com.pl\/wp-content\/uploads\/2017\/06\/ThyssenKrupp-Xervon.jpg\" alt=\"\" title=\"\" style=\"max-width:150px; padding-left: 0px; padding-right:0px\" ><\/div><\/li><li style=\"height:100px;\" ><div class=\"helper\" style=\"height:100px; width:150px;\" ><img src=\"https:\/\/krakbau.com.pl\/wp-content\/uploads\/2017\/06\/Wayss-Freytag-Ingenierbau-AG.png\" alt=\"\" title=\"\" style=\"max-width:150px; padding-left: 0px; padding-right:0px\" ><\/div><\/li><li style=\"height:100px;\" ><div class=\"helper\" style=\"height:100px; width:150px;\" ><img src=\"https:\/\/krakbau.com.pl\/wp-content\/uploads\/2017\/06\/Weber-Gerustbau-GmbH.jpg\" alt=\"\" title=\"\" style=\"max-width:150px; padding-left: 0px; padding-right:0px\" ><\/div><\/li><li style=\"height:100px;\" ><div class=\"helper\" style=\"height:100px; width:150px;\" ><img src=\"https:\/\/krakbau.com.pl\/wp-content\/uploads\/2017\/06\/Xervon-GmbH.jpg\" alt=\"\" title=\"\" style=\"max-width:150px; padding-left: 0px; padding-right:0px\" ><\/div><\/li><\/ul>\n","protected":false},"excerpt":{"rendered":"<p>Partners Partners in Poland Mostostal-Export S.A. Pascal Polska Sp. z o.o. M-Investment Sp. z o.o.\u00a0 Sobies\u0142aw Zasada Ltd Sp. z o.o. Impol Sp. z o.o. Zak\u0142ady Produkcyjno-Us\u0142ugowe \u201eGeo\u201d Urz\u0105d Gminy w Micha\u0142owicach Havre Sp. z o.o. Puget\u00f3w Palace Viamot Wadowscy &hellip; <a href=\"https:\/\/krakbau.com.pl\/en\/partners\/\">Continued<\/a><\/p>\n","protected":false},"author":1,"featured_media":0,"parent":0,"menu_order":0,"comment_status":"closed","ping_status":"closed","template":"template-1.php","meta":[],"yoast_head":"<!-- This site is optimized with the Yoast SEO plugin v18.4.1 - https:\/\/yoast.com\/wordpress\/plugins\/seo\/ -->\n<title>Partners - Krakbau S.A.<\/title>\n<meta name=\"robots\" content=\"index, follow, max-snippet:-1, max-image-preview:large, max-video-preview:-1\" \/>\n<link rel=\"canonical\" href=\"https:\/\/krakbau.com.pl\/en\/partners\/\" \/>\n<meta property=\"og:locale\" content=\"en_US\" \/>\n<meta property=\"og:type\" content=\"article\" \/>\n<meta property=\"og:title\" content=\"Partners - Krakbau S.A.\" \/>\n<meta property=\"og:description\" content=\"Partners Partners in Poland Mostostal-Export S.A. Pascal Polska Sp. z o.o. M-Investment Sp. z o.o.\u00a0 Sobies\u0142aw Zasada Ltd Sp. z o.o. Impol Sp. z o.o. Zak\u0142ady Produkcyjno-Us\u0142ugowe \u201eGeo\u201d Urz\u0105d Gminy w Micha\u0142owicach Havre Sp. z o.o. Puget\u00f3w Palace Viamot Wadowscy &hellip; Continued\" \/>\n<meta property=\"og:url\" content=\"https:\/\/krakbau.com.pl\/en\/partners\/\" \/>\n<meta property=\"og:site_name\" content=\"Krakbau S.A.\" \/>\n<meta property=\"article:modified_time\" content=\"2018-03-26T07:19:02+00:00\" \/>\n<meta name=\"twitter:card\" content=\"summary\" \/>\n<meta name=\"twitter:label1\" content=\"Est. reading time\" \/>\n\t<meta name=\"twitter:data1\" content=\"1 minute\" \/>\n<script type=\"application\/ld+json\" class=\"yoast-schema-graph\">{\"@context\":\"https:\/\/schema.org\",\"@graph\":[{\"@type\":\"WebSite\",\"@id\":\"https:\/\/krakbau.com.pl\/#website\",\"url\":\"https:\/\/krakbau.com.pl\/\",\"name\":\"Krakbau S.A.\",\"description\":\"\",\"potentialAction\":[{\"@type\":\"SearchAction\",\"target\":{\"@type\":\"EntryPoint\",\"urlTemplate\":\"https:\/\/krakbau.com.pl\/?s={search_term_string}\"},\"query-input\":\"required name=search_term_string\"}],\"inLanguage\":\"en-US\"},{\"@type\":\"WebPage\",\"@id\":\"https:\/\/krakbau.com.pl\/en\/partners\/#webpage\",\"url\":\"https:\/\/krakbau.com.pl\/en\/partners\/\",\"name\":\"Partners - Krakbau S.A.\",\"isPartOf\":{\"@id\":\"https:\/\/krakbau.com.pl\/#website\"},\"datePublished\":\"2017-08-23T07:32:30+00:00\",\"dateModified\":\"2018-03-26T07:19:02+00:00\",\"breadcrumb\":{\"@id\":\"https:\/\/krakbau.com.pl\/en\/partners\/#breadcrumb\"},\"inLanguage\":\"en-US\",\"potentialAction\":[{\"@type\":\"ReadAction\",\"target\":[\"https:\/\/krakbau.com.pl\/en\/partners\/\"]}]},{\"@type\":\"BreadcrumbList\",\"@id\":\"https:\/\/krakbau.com.pl\/en\/partners\/#breadcrumb\",\"itemListElement\":[{\"@type\":\"ListItem\",\"position\":1,\"name\":\"Home\",\"item\":\"https:\/\/krakbau.com.pl\/en\/\"},{\"@type\":\"ListItem\",\"position\":2,\"name\":\"Partners\"}]}]}<\/script>\n<!-- \/ Yoast SEO plugin. -->","yoast_head_json":{"title":"Partners - Krakbau S.A.","robots":{"index":"index","follow":"follow","max-snippet":"max-snippet:-1","max-image-preview":"max-image-preview:large","max-video-preview":"max-video-preview:-1"},"canonical":"https:\/\/krakbau.com.pl\/en\/partners\/","og_locale":"en_US","og_type":"article","og_title":"Partners - Krakbau S.A.","og_description":"Partners Partners in Poland Mostostal-Export S.A. Pascal Polska Sp. z o.o. M-Investment Sp. z o.o.\u00a0 Sobies\u0142aw Zasada Ltd Sp. z o.o. Impol Sp. z o.o. Zak\u0142ady Produkcyjno-Us\u0142ugowe \u201eGeo\u201d Urz\u0105d Gminy w Micha\u0142owicach Havre Sp. z o.o. Puget\u00f3w Palace Viamot Wadowscy &hellip; Continued","og_url":"https:\/\/krakbau.com.pl\/en\/partners\/","og_site_name":"Krakbau S.A.","article_modified_time":"2018-03-26T07:19:02+00:00","twitter_card":"summary","twitter_misc":{"Est. reading time":"1 minute"},"schema":{"@context":"https:\/\/schema.org","@graph":[{"@type":"WebSite","@id":"https:\/\/krakbau.com.pl\/#website","url":"https:\/\/krakbau.com.pl\/","name":"Krakbau S.A.","description":"","potentialAction":[{"@type":"SearchAction","target":{"@type":"EntryPoint","urlTemplate":"https:\/\/krakbau.com.pl\/?s={search_term_string}"},"query-input":"required name=search_term_string"}],"inLanguage":"en-US"},{"@type":"WebPage","@id":"https:\/\/krakbau.com.pl\/en\/partners\/#webpage","url":"https:\/\/krakbau.com.pl\/en\/partners\/","name":"Partners - Krakbau S.A.","isPartOf":{"@id":"https:\/\/krakbau.com.pl\/#website"},"datePublished":"2017-08-23T07:32:30+00:00","dateModified":"2018-03-26T07:19:02+00:00","breadcrumb":{"@id":"https:\/\/krakbau.com.pl\/en\/partners\/#breadcrumb"},"inLanguage":"en-US","potentialAction":[{"@type":"ReadAction","target":["https:\/\/krakbau.com.pl\/en\/partners\/"]}]},{"@type":"BreadcrumbList","@id":"https:\/\/krakbau.com.pl\/en\/partners\/#breadcrumb","itemListElement":[{"@type":"ListItem","position":1,"name":"Home","item":"https:\/\/krakbau.com.pl\/en\/"},{"@type":"ListItem","position":2,"name":"Partners"}]}]}},"_links":{"self":[{"href":"https:\/\/krakbau.com.pl\/en\/wp-json\/wp\/v2\/pages\/1257"}],"collection":[{"href":"https:\/\/krakbau.com.pl\/en\/wp-json\/wp\/v2\/pages"}],"about":[{"href":"https:\/\/krakbau.com.pl\/en\/wp-json\/wp\/v2\/types\/page"}],"author":[{"embeddable":true,"href":"https:\/\/krakbau.com.pl\/en\/wp-json\/wp\/v2\/users\/1"}],"replies":[{"embeddable":true,"href":"https:\/\/krakbau.com.pl\/en\/wp-json\/wp\/v2\/comments?post=1257"}],"version-history":[{"count":8,"href":"https:\/\/krakbau.com.pl\/en\/wp-json\/wp\/v2\/pages\/1257\/revisions"}],"predecessor-version":[{"id":1623,"href":"https:\/\/krakbau.com.pl\/en\/wp-json\/wp\/v2\/pages\/1257\/revisions\/1623"}],"wp:attachment":[{"href":"https:\/\/krakbau.com.pl\/en\/wp-json\/wp\/v2\/media?parent=1257"}],"curies":[{"name":"wp","href":"https:\/\/api.w.org\/{rel}","templated":true}]}}