{"id":1352,"date":"2017-08-28T12:56:38","date_gmt":"2017-08-28T10:56:38","guid":{"rendered":"http:\/\/krakbau.com.pl\/?page_id=1352\/"},"modified":"2018-05-14T09:22:02","modified_gmt":"2018-05-14T07:22:02","slug":"arbeit-in-krakbau","status":"publish","type":"page","link":"https:\/\/krakbau.com.pl\/de\/arbeit-in-krakbau\/","title":{"rendered":"Arbeit in Krakbau"},"content":{"rendered":"<h1 class=\"title1\">Arbeit in Krakbau<\/h1>\n<p>F\u00fcr die Umsetzung ihrer Aufgaben in Polen und im Ausland sucht Krakbau Sp\u00f3\u0142ka Akcyjna hochqualifizierte Fachkr\u00e4fte:<\/p>\n<ul>\n<li>Ger\u00fcstbauer und Ger\u00fcstbauerhelfer f\u00fcr <a href=\"http:\/\/www.layher.com\/\" target=\"_blank\">LAYHER<\/a>-Ger\u00fcste,<\/li>\n<li>Bauer der <a href=\"https:\/\/www.peri.com.pl\/\" target=\"_blank\"> PERI <\/a>und <a href=\"https:\/\/www.doka.com\/pl\/index\" target=\"_blank\"> DOKA<\/a> &#8211; Schalungssysteme,<\/li>\n<li>Eisenflechter \u2013 Betonbauer \u2013 Maurer,<\/li>\n<li>Bau- und Stra\u00dfenmaschinenf\u00fchrer: Bohrwagen mit mehreren Bohrlafetten, Lademaschinen, Bagger, Spritzbetonaggregate, Vorschubmaschinen,<\/li>\n<li>Elektroinstallateure<\/li>\n<\/ul>\n<p>sowie<\/p>\n<ul>\n<li>Meister und Projektleiter mit Englisch- und Deutschkenntnissen.<\/li>\n<\/ul>\n<p>\nGegenw\u00e4rtig suchen wir Mitarbeiter f\u00fcr die folgenden Stellen:<\/p>\n<table class=\"tabwork\">\n<thead>\n<tr>\n<th>Stelle<\/th>\n<th>Arbeitsort<\/th>\n<\/tr>\n<\/thead>\n<tbody>\n<tr class=\"offerwork\">\n<td><a rel=\"nofollow\" target=\"_blank\" href=\"\/wp-content\/uploads\/2018\/04\/monter.pdf\">Ger\u00fcstbauer<\/a><\/td>\n<td>Deutschland<\/td>\n<\/tr>\n<\/tbody>\n<\/table>\n<p>Ihre Bewerbungsunterlagen senden Sie bitte an die E-Mail-Adresse: <a href=\"mailto:praca@krakbau.com.pl\">praca@krakbau.com.pl<\/a> oder an die Sitzadresse des Unternehmens.<\/p>\n<p><strong>Bitte f\u00fcgen Sie Ihrer Bewerbung folgende Datenschutzerkl\u00e4rung bei: \u201eIch erkl\u00e4re mich damit einverstanden, dass meine personenbezogenen Daten, die in Bewerbungsunterlagen enthalten sind,  zum Zwecke der Personalbeschaffung in Bewerbungsvorhaben gem\u00e4\u00df den Bestimmungen des Gesetzes vom 29.08.1997 \u00fcber den Schutz der personenbezogenen Daten (poln. Gesetzbl. Dz. U. 2002, Nr. 101, Pos. 926) durch Krakbau S.A. mit Sitz in Krak\u00f3w, ul. Hamernia 50, 30-145 Krak\u00f3w verarbeitet werden.<\/strong><\/p>\n<div class=\"form-praca\">\n<h2 class=\"title1\">Jetzt bewerben<\/h2>\n<div role=\"form\" class=\"wpcf7\" id=\"wpcf7-f1406-o1\" lang=\"pl-PL\" dir=\"ltr\">\n<div class=\"screen-reader-response\"><p role=\"status\" aria-live=\"polite\" aria-atomic=\"true\"><\/p> <ul><\/ul><\/div>\n<form action=\"\/de\/wp-json\/wp\/v2\/pages\/1352#wpcf7-f1406-o1\" method=\"post\" class=\"wpcf7-form init\" enctype=\"multipart\/form-data\" novalidate=\"novalidate\" data-status=\"init\">\n<div style=\"display: none;\">\n<input type=\"hidden\" name=\"_wpcf7\" value=\"1406\" \/>\n<input type=\"hidden\" name=\"_wpcf7_version\" value=\"5.5.6.1\" \/>\n<input type=\"hidden\" name=\"_wpcf7_locale\" value=\"pl_PL\" \/>\n<input type=\"hidden\" name=\"_wpcf7_unit_tag\" value=\"wpcf7-f1406-o1\" \/>\n<input type=\"hidden\" name=\"_wpcf7_container_post\" value=\"0\" \/>\n<input type=\"hidden\" name=\"_wpcf7_posted_data_hash\" value=\"\" \/>\n<\/div>\n<div class=\"row\">\n<div class=\" col-xs-12 col-sm-6\">\n<p>    <span class=\"wpcf7-form-control-wrap your-name\"><input type=\"text\" name=\"your-name\" value=\"\" size=\"40\" class=\"wpcf7-form-control wpcf7-text wpcf7-validates-as-required\" aria-required=\"true\" aria-invalid=\"false\" placeholder=\"Vorname und Nachname *\" \/><\/span>\n<\/p><\/div>\n<div class=\" col-xs-12 col-sm-6\">\n<p>    <span class=\"wpcf7-form-control-wrap your-email\"><input type=\"email\" name=\"your-email\" value=\"\" size=\"40\" class=\"wpcf7-form-control wpcf7-text wpcf7-email wpcf7-validates-as-required wpcf7-validates-as-email\" aria-required=\"true\" aria-invalid=\"false\" placeholder=\"E-Mail-Adresse *\" \/><\/span>\n<\/p><\/div>\n<div class=\" col-xs-12 col-sm-6\">\n<p>    <span class=\"wpcf7-form-control-wrap your-phone\"><input type=\"text\" name=\"your-phone\" value=\"\" size=\"40\" class=\"wpcf7-form-control wpcf7-text\" aria-invalid=\"false\" placeholder=\"Telefonnummer\" \/><\/span>\n<\/p><\/div>\n<div class=\" col-xs-12 col-sm-6\">\n<p>    <span class=\"wpcf7-form-control-wrap your-subject\"><input type=\"text\" name=\"your-subject\" value=\"\" size=\"40\" class=\"wpcf7-form-control wpcf7-text\" aria-invalid=\"false\" placeholder=\"Betreff\" \/><\/span>\n<\/p><\/div>\n<div class=\" col-xs-12\">\n<p>    <span class=\"wpcf7-form-control-wrap your-message\"><textarea name=\"your-message\" cols=\"40\" rows=\"10\" class=\"wpcf7-form-control wpcf7-textarea\" aria-invalid=\"false\" placeholder=\"Inhalt der Nachricht\"><\/textarea><\/span><\/p>\n<p class=\"text-left small\"><span>*<\/span> - Pflichtfeld<\/p>\n<p><span class=\"wpcf7-form-control-wrap file-999\"><input type=\"file\" name=\"file-999\" size=\"40\" class=\"wpcf7-form-control wpcf7-file\" accept=\".pdf,.rar,.xlsx,.xls,.xml,.doc,.docx,.zip,.zuz,.puz,.ath\" aria-invalid=\"false\" \/><\/span><br \/>\n[anr_nocaptcha g-recaptcha-response]<\/p>\n<p><input type=\"submit\" value=\"Senden\" class=\"wpcf7-form-control has-spinner wpcf7-submit\" \/><\/p>\n<\/div>\n<\/div>\n<div class=\"wpcf7-response-output\" aria-hidden=\"true\"><\/div><\/form><\/div><\/div>\n","protected":false},"excerpt":{"rendered":"<p>Arbeit in Krakbau F\u00fcr die Umsetzung ihrer Aufgaben in Polen und im Ausland sucht Krakbau Sp\u00f3\u0142ka Akcyjna hochqualifizierte Fachkr\u00e4fte: Ger\u00fcstbauer und Ger\u00fcstbauerhelfer f\u00fcr LAYHER-Ger\u00fcste, Bauer der PERI und DOKA &#8211; Schalungssysteme, Eisenflechter \u2013 Betonbauer \u2013 Maurer, Bau- und Stra\u00dfenmaschinenf\u00fchrer: Bohrwagen &hellip; <a href=\"https:\/\/krakbau.com.pl\/de\/arbeit-in-krakbau\/\">Continued<\/a><\/p>\n","protected":false},"author":1,"featured_media":0,"parent":0,"menu_order":0,"comment_status":"closed","ping_status":"closed","template":"template-1.php","meta":[],"yoast_head":"<!-- This site is optimized with the Yoast SEO plugin v18.4.1 - https:\/\/yoast.com\/wordpress\/plugins\/seo\/ -->\n<title>Arbeit in Krakbau - Krakbau S.A.<\/title>\n<meta name=\"robots\" content=\"index, follow, max-snippet:-1, max-image-preview:large, max-video-preview:-1\" \/>\n<link rel=\"canonical\" href=\"https:\/\/krakbau.com.pl\/de\/arbeit-in-krakbau\/\" \/>\n<meta property=\"og:locale\" content=\"de_DE\" \/>\n<meta property=\"og:type\" content=\"article\" \/>\n<meta property=\"og:title\" content=\"Arbeit in Krakbau - Krakbau S.A.\" \/>\n<meta property=\"og:description\" content=\"Arbeit in Krakbau F\u00fcr die Umsetzung ihrer Aufgaben in Polen und im Ausland sucht Krakbau Sp\u00f3\u0142ka Akcyjna hochqualifizierte Fachkr\u00e4fte: Ger\u00fcstbauer und Ger\u00fcstbauerhelfer f\u00fcr LAYHER-Ger\u00fcste, Bauer der PERI und DOKA &#8211; Schalungssysteme, Eisenflechter \u2013 Betonbauer \u2013 Maurer, Bau- und Stra\u00dfenmaschinenf\u00fchrer: Bohrwagen &hellip; Continued\" \/>\n<meta property=\"og:url\" content=\"https:\/\/krakbau.com.pl\/de\/arbeit-in-krakbau\/\" \/>\n<meta property=\"og:site_name\" content=\"Krakbau S.A.\" \/>\n<meta property=\"article:modified_time\" content=\"2018-05-14T07:22:02+00:00\" \/>\n<meta name=\"twitter:card\" content=\"summary\" \/>\n<meta name=\"twitter:label1\" content=\"Gesch\u00e4tzte Lesezeit\" \/>\n\t<meta name=\"twitter:data1\" content=\"1\u00a0Minute\" \/>\n<script type=\"application\/ld+json\" class=\"yoast-schema-graph\">{\"@context\":\"https:\/\/schema.org\",\"@graph\":[{\"@type\":\"WebSite\",\"@id\":\"https:\/\/krakbau.com.pl\/#website\",\"url\":\"https:\/\/krakbau.com.pl\/\",\"name\":\"Krakbau S.A.\",\"description\":\"\",\"potentialAction\":[{\"@type\":\"SearchAction\",\"target\":{\"@type\":\"EntryPoint\",\"urlTemplate\":\"https:\/\/krakbau.com.pl\/?s={search_term_string}\"},\"query-input\":\"required name=search_term_string\"}],\"inLanguage\":\"de\"},{\"@type\":\"WebPage\",\"@id\":\"https:\/\/krakbau.com.pl\/de\/arbeit-in-krakbau\/#webpage\",\"url\":\"https:\/\/krakbau.com.pl\/de\/arbeit-in-krakbau\/\",\"name\":\"Arbeit in Krakbau - Krakbau S.A.\",\"isPartOf\":{\"@id\":\"https:\/\/krakbau.com.pl\/#website\"},\"datePublished\":\"2017-08-28T10:56:38+00:00\",\"dateModified\":\"2018-05-14T07:22:02+00:00\",\"breadcrumb\":{\"@id\":\"https:\/\/krakbau.com.pl\/de\/arbeit-in-krakbau\/#breadcrumb\"},\"inLanguage\":\"de\",\"potentialAction\":[{\"@type\":\"ReadAction\",\"target\":[\"https:\/\/krakbau.com.pl\/de\/arbeit-in-krakbau\/\"]}]},{\"@type\":\"BreadcrumbList\",\"@id\":\"https:\/\/krakbau.com.pl\/de\/arbeit-in-krakbau\/#breadcrumb\",\"itemListElement\":[{\"@type\":\"ListItem\",\"position\":1,\"name\":\"Home\",\"item\":\"https:\/\/krakbau.com.pl\/de\/\"},{\"@type\":\"ListItem\",\"position\":2,\"name\":\"Arbeit in Krakbau\"}]}]}<\/script>\n<!-- \/ Yoast SEO plugin. -->","yoast_head_json":{"title":"Arbeit in Krakbau - Krakbau S.A.","robots":{"index":"index","follow":"follow","max-snippet":"max-snippet:-1","max-image-preview":"max-image-preview:large","max-video-preview":"max-video-preview:-1"},"canonical":"https:\/\/krakbau.com.pl\/de\/arbeit-in-krakbau\/","og_locale":"de_DE","og_type":"article","og_title":"Arbeit in Krakbau - Krakbau S.A.","og_description":"Arbeit in Krakbau F\u00fcr die Umsetzung ihrer Aufgaben in Polen und im Ausland sucht Krakbau Sp\u00f3\u0142ka Akcyjna hochqualifizierte Fachkr\u00e4fte: Ger\u00fcstbauer und Ger\u00fcstbauerhelfer f\u00fcr LAYHER-Ger\u00fcste, Bauer der PERI und DOKA &#8211; Schalungssysteme, Eisenflechter \u2013 Betonbauer \u2013 Maurer, Bau- und Stra\u00dfenmaschinenf\u00fchrer: Bohrwagen &hellip; Continued","og_url":"https:\/\/krakbau.com.pl\/de\/arbeit-in-krakbau\/","og_site_name":"Krakbau S.A.","article_modified_time":"2018-05-14T07:22:02+00:00","twitter_card":"summary","twitter_misc":{"Gesch\u00e4tzte Lesezeit":"1\u00a0Minute"},"schema":{"@context":"https:\/\/schema.org","@graph":[{"@type":"WebSite","@id":"https:\/\/krakbau.com.pl\/#website","url":"https:\/\/krakbau.com.pl\/","name":"Krakbau S.A.","description":"","potentialAction":[{"@type":"SearchAction","target":{"@type":"EntryPoint","urlTemplate":"https:\/\/krakbau.com.pl\/?s={search_term_string}"},"query-input":"required name=search_term_string"}],"inLanguage":"de"},{"@type":"WebPage","@id":"https:\/\/krakbau.com.pl\/de\/arbeit-in-krakbau\/#webpage","url":"https:\/\/krakbau.com.pl\/de\/arbeit-in-krakbau\/","name":"Arbeit in Krakbau - Krakbau S.A.","isPartOf":{"@id":"https:\/\/krakbau.com.pl\/#website"},"datePublished":"2017-08-28T10:56:38+00:00","dateModified":"2018-05-14T07:22:02+00:00","breadcrumb":{"@id":"https:\/\/krakbau.com.pl\/de\/arbeit-in-krakbau\/#breadcrumb"},"inLanguage":"de","potentialAction":[{"@type":"ReadAction","target":["https:\/\/krakbau.com.pl\/de\/arbeit-in-krakbau\/"]}]},{"@type":"BreadcrumbList","@id":"https:\/\/krakbau.com.pl\/de\/arbeit-in-krakbau\/#breadcrumb","itemListElement":[{"@type":"ListItem","position":1,"name":"Home","item":"https:\/\/krakbau.com.pl\/de\/"},{"@type":"ListItem","position":2,"name":"Arbeit in Krakbau"}]}]}},"_links":{"self":[{"href":"https:\/\/krakbau.com.pl\/de\/wp-json\/wp\/v2\/pages\/1352"}],"collection":[{"href":"https:\/\/krakbau.com.pl\/de\/wp-json\/wp\/v2\/pages"}],"about":[{"href":"https:\/\/krakbau.com.pl\/de\/wp-json\/wp\/v2\/types\/page"}],"author":[{"embeddable":true,"href":"https:\/\/krakbau.com.pl\/de\/wp-json\/wp\/v2\/users\/1"}],"replies":[{"embeddable":true,"href":"https:\/\/krakbau.com.pl\/de\/wp-json\/wp\/v2\/comments?post=1352"}],"version-history":[{"count":15,"href":"https:\/\/krakbau.com.pl\/de\/wp-json\/wp\/v2\/pages\/1352\/revisions"}],"predecessor-version":[{"id":1643,"href":"https:\/\/krakbau.com.pl\/de\/wp-json\/wp\/v2\/pages\/1352\/revisions\/1643"}],"wp:attachment":[{"href":"https:\/\/krakbau.com.pl\/de\/wp-json\/wp\/v2\/media?parent=1352"}],"curies":[{"name":"wp","href":"https:\/\/api.w.org\/{rel}","templated":true}]}}