{"id":1350,"date":"2017-08-28T12:48:47","date_gmt":"2017-08-28T10:48:47","guid":{"rendered":"http:\/\/krakbau.com.pl\/?page_id=1350\/"},"modified":"2017-09-04T14:48:06","modified_gmt":"2017-09-04T12:48:06","slug":"elektroarbeiten","status":"publish","type":"page","link":"https:\/\/krakbau.com.pl\/de\/elektroarbeiten\/","title":{"rendered":"Elektroarbeiten"},"content":{"rendered":"<h1 class=\"title1\">Elektroarbeiten<\/h1>\n<p>Unsere hochqualifizierten Fachkr\u00e4fte mit entsprechenden beruflichen Zulassungen haben erfolgreich solche Projekte wie: internationaler Flughafen in D\u00fcsseldorf, Borussia-Park Stadion in M\u00f6nchengladbach, Eisbahn K\u00f6nig-Palast in Krefeld \u2013 alle f\u00fcr Siemens Building Technologies &#8211; umgesetzt. Die Arbeiten umfassten insbesondere: Elektroinstallationen, Allgemeinbeleuchtung, Notbeleuchtung, Installationen des elektroakustischen Brandalarmsystems, Rundfunk- und Beschallungsinstallationen sowie Montage der elektrotechnischen Einrichtungen wie: Trafostationen, Steuersysteme, Hoch- und Niederspannungsschaltanlagen.<\/p>\n<p>Die umgesetzten Projekte wurden hinsichtlich der Fachkompetenz, Termingerechtigkeit und Qualit\u00e4t der Leistung sehr hoch bewertet.<\/p>\n<h2 class=\"gallery-title\">Elektroarbeiten<\/h2><div class=\"vls-gf-breadcrumbs\"><span>Elektroarbeiten<\/span><\/div><div class=\"vls-gf-gallery vls-gf-2006 vls-gf-style-light vls-gf-style-none\" data-vls-gf-layout='{\"layout_type\":\"grid\",\"column_count\":3,\"column_count_xs\":1,\"aspect_ratio\":1,\"horizontal_spacing\":4,\"vertical_spacing\":4,\"align_bottom\":false,\"pagination_type\":\"paged-bullets\",\"page_size\":5}' data-vls-gf-settings='{\"pagination_type\":\"paged-bullets\"}'><style type=\"text\/css\">.vls-gf-2006 figure a{display:block;position:absolute;left:0;right:0;top:0;bottom:0;opacity:0;z-index:90;}.vls-gf-2006 figure .vls-gf-overlay{position:absolute;background-color:rgba(0, 0, 0, 0.52);left:0;right:0;bottom:0;opacity:0;z-index:10;transition:opacity 600ms ease;}.vls-gf-2006 figure .vls-gf-overlay .vls-gf-caption{margin:0;padding:10px 10px;color:#fff;text-align:center;font-size:18px;}.vls-gf-2006 figure .vls-gf-overlay .vls-gf-description{margin:0 0 10px 0;padding:2px 10px;color:#fff;font-size:14px;text-align:center;}.vls-gf-2006 figure .vls-gf-overlay .vls-gf-caption em, .vls-gf-description em{font-style:normal;font-weight:600;}.vls-gf-2006 figure:hover .vls-gf-overlay{opacity:1;}<\/style><div class=\"vls-gf-container\"><figure class=\"vls-gf-2008 vls-gf-init vls-gf-lazy\" data-vls-gf-thumbnail-width=\"500\" data-vls-gf-thumbnail-height=\"354\"><a class=\"vls-gf-main\" href=\"https:\/\/krakbau.com.pl\/de\/elektroarbeiten\/flughafen-dusseldorf-projekt-airport-2000-plus-deutschland\"><\/a><div class=\"vls-gf-img\"><img data-src=\"https:\/\/krakbau.com.pl\/wp-content\/gf-uploads\/2017\/09\/preview-m\/Lotnisko-1-0.jpg?t=1601631086\"><\/div><div class=\"vls-gf-overlay\"><h2 class=\"vls-gf-caption\"><\/h2><div class=\"vls-gf-description\">Auftraggeber: SIEMENS BUILDING TECHNOLOGIES GMBH & CO. Umfang der Arbeiten: Elektroinstallationen, Allgemeinbeleuchtung, Notbeleuchtung, Installationen des elektroakustischen Brandalarmsystems, Rundfunk- und Beschallungsinstallationen.<\/div><\/div><\/figure><figure class=\"vls-gf-2010 vls-gf-init vls-gf-lazy\" data-vls-gf-thumbnail-width=\"500\" data-vls-gf-thumbnail-height=\"328\"><a class=\"vls-gf-main\" href=\"https:\/\/krakbau.com.pl\/de\/elektroarbeiten\/stadion-borussia-monchengladbach-deutschland\"><\/a><div class=\"vls-gf-img\"><img data-src=\"https:\/\/krakbau.com.pl\/wp-content\/gf-uploads\/2017\/09\/preview-m\/Stadion-ZDJECIE-G\u0141\u00d3WNE-1-0.jpg?t=1601631086\"><\/div><div class=\"vls-gf-overlay\"><h2 class=\"vls-gf-caption\">STADION BORUSSIA, M\u00f6nchengladbach, Deutschland<\/h2><div class=\"vls-gf-description\">Auftraggeber: SIEMENS BUILDING TECHNOLOGIES GMBH & CO. HG<\/div><\/div><\/figure><\/div><\/div>\n","protected":false},"excerpt":{"rendered":"<p>Elektroarbeiten Unsere hochqualifizierten Fachkr\u00e4fte mit entsprechenden beruflichen Zulassungen haben erfolgreich solche Projekte wie: internationaler Flughafen in D\u00fcsseldorf, Borussia-Park Stadion in M\u00f6nchengladbach, Eisbahn K\u00f6nig-Palast in Krefeld \u2013 alle f\u00fcr Siemens Building Technologies &#8211; umgesetzt. Die Arbeiten umfassten insbesondere: Elektroinstallationen, Allgemeinbeleuchtung, Notbeleuchtung, &hellip; <a href=\"https:\/\/krakbau.com.pl\/de\/elektroarbeiten\/\">Continued<\/a><\/p>\n","protected":false},"author":1,"featured_media":0,"parent":0,"menu_order":0,"comment_status":"closed","ping_status":"closed","template":"template-1.php","meta":[],"yoast_head":"<!-- This site is optimized with the Yoast SEO plugin v18.4.1 - https:\/\/yoast.com\/wordpress\/plugins\/seo\/ -->\n<title>Elektroarbeiten - Krakbau S.A.<\/title>\n<meta name=\"robots\" content=\"index, follow, max-snippet:-1, max-image-preview:large, max-video-preview:-1\" \/>\n<link rel=\"canonical\" href=\"https:\/\/krakbau.com.pl\/de\/elektroarbeiten\/\" \/>\n<meta property=\"og:locale\" content=\"de_DE\" \/>\n<meta property=\"og:type\" content=\"article\" \/>\n<meta property=\"og:title\" content=\"Elektroarbeiten - Krakbau S.A.\" \/>\n<meta property=\"og:description\" content=\"Elektroarbeiten Unsere hochqualifizierten Fachkr\u00e4fte mit entsprechenden beruflichen Zulassungen haben erfolgreich solche Projekte wie: internationaler Flughafen in D\u00fcsseldorf, Borussia-Park Stadion in M\u00f6nchengladbach, Eisbahn K\u00f6nig-Palast in Krefeld \u2013 alle f\u00fcr Siemens Building Technologies &#8211; umgesetzt. Die Arbeiten umfassten insbesondere: Elektroinstallationen, Allgemeinbeleuchtung, Notbeleuchtung, &hellip; Continued\" \/>\n<meta property=\"og:url\" content=\"https:\/\/krakbau.com.pl\/de\/elektroarbeiten\/\" \/>\n<meta property=\"og:site_name\" content=\"Krakbau S.A.\" \/>\n<meta property=\"article:modified_time\" content=\"2017-09-04T12:48:06+00:00\" \/>\n<meta name=\"twitter:card\" content=\"summary\" \/>\n<script type=\"application\/ld+json\" class=\"yoast-schema-graph\">{\"@context\":\"https:\/\/schema.org\",\"@graph\":[{\"@type\":\"WebSite\",\"@id\":\"https:\/\/krakbau.com.pl\/#website\",\"url\":\"https:\/\/krakbau.com.pl\/\",\"name\":\"Krakbau S.A.\",\"description\":\"\",\"potentialAction\":[{\"@type\":\"SearchAction\",\"target\":{\"@type\":\"EntryPoint\",\"urlTemplate\":\"https:\/\/krakbau.com.pl\/?s={search_term_string}\"},\"query-input\":\"required name=search_term_string\"}],\"inLanguage\":\"de\"},{\"@type\":\"WebPage\",\"@id\":\"https:\/\/krakbau.com.pl\/de\/elektroarbeiten\/#webpage\",\"url\":\"https:\/\/krakbau.com.pl\/de\/elektroarbeiten\/\",\"name\":\"Elektroarbeiten - Krakbau S.A.\",\"isPartOf\":{\"@id\":\"https:\/\/krakbau.com.pl\/#website\"},\"datePublished\":\"2017-08-28T10:48:47+00:00\",\"dateModified\":\"2017-09-04T12:48:06+00:00\",\"breadcrumb\":{\"@id\":\"https:\/\/krakbau.com.pl\/de\/elektroarbeiten\/#breadcrumb\"},\"inLanguage\":\"de\",\"potentialAction\":[{\"@type\":\"ReadAction\",\"target\":[\"https:\/\/krakbau.com.pl\/de\/elektroarbeiten\/\"]}]},{\"@type\":\"BreadcrumbList\",\"@id\":\"https:\/\/krakbau.com.pl\/de\/elektroarbeiten\/#breadcrumb\",\"itemListElement\":[{\"@type\":\"ListItem\",\"position\":1,\"name\":\"Home\",\"item\":\"https:\/\/krakbau.com.pl\/de\/\"},{\"@type\":\"ListItem\",\"position\":2,\"name\":\"Elektroarbeiten\"}]}]}<\/script>\n<!-- \/ Yoast SEO plugin. -->","yoast_head_json":{"title":"Elektroarbeiten - Krakbau S.A.","robots":{"index":"index","follow":"follow","max-snippet":"max-snippet:-1","max-image-preview":"max-image-preview:large","max-video-preview":"max-video-preview:-1"},"canonical":"https:\/\/krakbau.com.pl\/de\/elektroarbeiten\/","og_locale":"de_DE","og_type":"article","og_title":"Elektroarbeiten - Krakbau S.A.","og_description":"Elektroarbeiten Unsere hochqualifizierten Fachkr\u00e4fte mit entsprechenden beruflichen Zulassungen haben erfolgreich solche Projekte wie: internationaler Flughafen in D\u00fcsseldorf, Borussia-Park Stadion in M\u00f6nchengladbach, Eisbahn K\u00f6nig-Palast in Krefeld \u2013 alle f\u00fcr Siemens Building Technologies &#8211; umgesetzt. Die Arbeiten umfassten insbesondere: Elektroinstallationen, Allgemeinbeleuchtung, Notbeleuchtung, &hellip; Continued","og_url":"https:\/\/krakbau.com.pl\/de\/elektroarbeiten\/","og_site_name":"Krakbau S.A.","article_modified_time":"2017-09-04T12:48:06+00:00","twitter_card":"summary","schema":{"@context":"https:\/\/schema.org","@graph":[{"@type":"WebSite","@id":"https:\/\/krakbau.com.pl\/#website","url":"https:\/\/krakbau.com.pl\/","name":"Krakbau S.A.","description":"","potentialAction":[{"@type":"SearchAction","target":{"@type":"EntryPoint","urlTemplate":"https:\/\/krakbau.com.pl\/?s={search_term_string}"},"query-input":"required name=search_term_string"}],"inLanguage":"de"},{"@type":"WebPage","@id":"https:\/\/krakbau.com.pl\/de\/elektroarbeiten\/#webpage","url":"https:\/\/krakbau.com.pl\/de\/elektroarbeiten\/","name":"Elektroarbeiten - Krakbau S.A.","isPartOf":{"@id":"https:\/\/krakbau.com.pl\/#website"},"datePublished":"2017-08-28T10:48:47+00:00","dateModified":"2017-09-04T12:48:06+00:00","breadcrumb":{"@id":"https:\/\/krakbau.com.pl\/de\/elektroarbeiten\/#breadcrumb"},"inLanguage":"de","potentialAction":[{"@type":"ReadAction","target":["https:\/\/krakbau.com.pl\/de\/elektroarbeiten\/"]}]},{"@type":"BreadcrumbList","@id":"https:\/\/krakbau.com.pl\/de\/elektroarbeiten\/#breadcrumb","itemListElement":[{"@type":"ListItem","position":1,"name":"Home","item":"https:\/\/krakbau.com.pl\/de\/"},{"@type":"ListItem","position":2,"name":"Elektroarbeiten"}]}]}},"_links":{"self":[{"href":"https:\/\/krakbau.com.pl\/de\/wp-json\/wp\/v2\/pages\/1350"}],"collection":[{"href":"https:\/\/krakbau.com.pl\/de\/wp-json\/wp\/v2\/pages"}],"about":[{"href":"https:\/\/krakbau.com.pl\/de\/wp-json\/wp\/v2\/types\/page"}],"author":[{"embeddable":true,"href":"https:\/\/krakbau.com.pl\/de\/wp-json\/wp\/v2\/users\/1"}],"replies":[{"embeddable":true,"href":"https:\/\/krakbau.com.pl\/de\/wp-json\/wp\/v2\/comments?post=1350"}],"version-history":[{"count":2,"href":"https:\/\/krakbau.com.pl\/de\/wp-json\/wp\/v2\/pages\/1350\/revisions"}],"predecessor-version":[{"id":1433,"href":"https:\/\/krakbau.com.pl\/de\/wp-json\/wp\/v2\/pages\/1350\/revisions\/1433"}],"wp:attachment":[{"href":"https:\/\/krakbau.com.pl\/de\/wp-json\/wp\/v2\/media?parent=1350"}],"curies":[{"name":"wp","href":"https:\/\/api.w.org\/{rel}","templated":true}]}}