{"id":1348,"date":"2017-08-28T12:45:11","date_gmt":"2017-08-28T10:45:11","guid":{"rendered":"http:\/\/krakbau.com.pl\/?page_id=1348\/"},"modified":"2017-09-04T14:49:35","modified_gmt":"2017-09-04T12:49:35","slug":"bergbau","status":"publish","type":"page","link":"https:\/\/krakbau.com.pl\/de\/bergbau\/","title":{"rendered":"Bergbau"},"content":{"rendered":"<h1 class=\"title1\">Bergbau<\/h1>\n<p>Firma Krakbau Sp\u00f3\u0142ka Akcyjna spezialisiert sich auf typische Bergbauarbeiten. Bei diesen Arbeiten haben wir zwei unterschiedlichen Methoden verwendet: konventionelle Methode (mit Sprengstoffen) und Einsatz der Vortriebsmaschine AM 105\/045. Die Bergleute von Krakbau S.A. waren in Bergwerken Walsum, Ost-Hamm und Prosper-Haniel in Bottrop besch\u00e4ftigt.<br \/>\nDie Strecken und G\u00e4nge wurden im Bogenausbau (Querschnitte von 21,0 m<sup>2<\/sup> bis zu 41,0 m<sup>2<\/sup>), die Wandfl\u00e4chen in Rechtseckausbau durch Krakbau S.A. ausgef\u00fchrt. (Querschnitte von 21,0 m<sup>2<\/sup> bis zu 23,0 m<sup>2<\/sup>)<\/p>\n<h2 class=\"gallery-title\">Bergbau<\/h2><div class=\"vls-gf-breadcrumbs\"><span>Bergbau<\/span><\/div><div class=\"vls-gf-gallery vls-gf-2014 vls-gf-style-light vls-gf-style-none\" data-vls-gf-layout='{\"layout_type\":\"grid\",\"column_count\":3,\"column_count_xs\":1,\"aspect_ratio\":1,\"horizontal_spacing\":4,\"vertical_spacing\":4,\"align_bottom\":false,\"pagination_type\":\"paged-bullets\",\"page_size\":5}' data-vls-gf-settings='{\"pagination_type\":\"paged-bullets\"}'><style type=\"text\/css\">.vls-gf-2014 figure a{display:block;position:absolute;left:0;right:0;top:0;bottom:0;opacity:0;z-index:90;}.vls-gf-2014 figure .vls-gf-overlay{position:absolute;background-color:rgba(0, 0, 0, 0.52);left:0;right:0;bottom:0;opacity:0;z-index:10;transition:opacity 600ms ease;}.vls-gf-2014 figure .vls-gf-overlay .vls-gf-caption{margin:0;padding:10px 10px;color:#fff;text-align:center;font-size:18px;}.vls-gf-2014 figure .vls-gf-overlay .vls-gf-description{margin:0 0 10px 0;padding:2px 10px;color:#fff;font-size:14px;text-align:center;}.vls-gf-2014 figure .vls-gf-overlay .vls-gf-caption em, .vls-gf-description em{font-style:normal;font-weight:600;}.vls-gf-2014 figure:hover .vls-gf-overlay{opacity:1;}<\/style><div class=\"vls-gf-container\"><figure class=\"vls-gf-2015 vls-gf-init vls-gf-lazy\" data-vls-gf-thumbnail-width=\"500\" data-vls-gf-thumbnail-height=\"333\"><a class=\"vls-gf-main\" href=\"https:\/\/krakbau.com.pl\/de\/bergbau\/bergwerk-ost-hamm-deutschland\"><\/a><div class=\"vls-gf-img\"><img data-src=\"https:\/\/krakbau.com.pl\/wp-content\/gf-uploads\/2017\/09\/preview-m\/Kopalnai-Bergwerk-Zdj\u0119cie-g\u0142\u00f3wne-1-0.jpg?t=1601631086\"><\/div><div class=\"vls-gf-overlay\"><h2 class=\"vls-gf-caption\">BERGWERK OST, Hamm, Deutschland<\/h2><div class=\"vls-gf-description\">Auftraggeber: ALPINE BAU DEUTSCHLAND AG. Strecke Sonnenschein D 360<\/div><\/div><\/figure><figure class=\"vls-gf-2020 vls-gf-init vls-gf-lazy\" data-vls-gf-thumbnail-width=\"500\" data-vls-gf-thumbnail-height=\"335\"><a class=\"vls-gf-main\" href=\"https:\/\/krakbau.com.pl\/de\/bergbau\/bergwerk-prosper-haniel-bottrop-deutschland\"><\/a><div class=\"vls-gf-img\"><img data-src=\"https:\/\/krakbau.com.pl\/wp-content\/gf-uploads\/2017\/09\/preview-m\/Kopalnia-Prosper-Haniel-Bottrop-2-ZDJ\u0118CIE-G\u0141\u00d3WNE-1-0.jpg?t=1601631089\"><\/div><div class=\"vls-gf-overlay\"><h2 class=\"vls-gf-caption\">BERGWERK PROSPER HANIEL , Bottrop, Deutschland<\/h2><div class=\"vls-gf-description\">Auftraggeber: ALPINE BAU DEUTSCHLAND AG. Fl\u00f6zstrecke 512.0 mit Vortriebsmaschine AM 105B gebohrt.<\/div><\/div><\/figure><\/div><\/div>\n","protected":false},"excerpt":{"rendered":"<p>Bergbau Firma Krakbau Sp\u00f3\u0142ka Akcyjna spezialisiert sich auf typische Bergbauarbeiten. Bei diesen Arbeiten haben wir zwei unterschiedlichen Methoden verwendet: konventionelle Methode (mit Sprengstoffen) und Einsatz der Vortriebsmaschine AM 105\/045. Die Bergleute von Krakbau S.A. waren in Bergwerken Walsum, Ost-Hamm und &hellip; <a href=\"https:\/\/krakbau.com.pl\/de\/bergbau\/\">Continued<\/a><\/p>\n","protected":false},"author":1,"featured_media":0,"parent":0,"menu_order":0,"comment_status":"closed","ping_status":"closed","template":"template-1.php","meta":[],"yoast_head":"<!-- This site is optimized with the Yoast SEO plugin v18.4.1 - https:\/\/yoast.com\/wordpress\/plugins\/seo\/ -->\n<title>Bergbau - Krakbau S.A.<\/title>\n<meta name=\"robots\" content=\"index, follow, max-snippet:-1, max-image-preview:large, max-video-preview:-1\" \/>\n<link rel=\"canonical\" href=\"https:\/\/krakbau.com.pl\/de\/bergbau\/\" \/>\n<meta property=\"og:locale\" content=\"de_DE\" \/>\n<meta property=\"og:type\" content=\"article\" \/>\n<meta property=\"og:title\" content=\"Bergbau - Krakbau S.A.\" \/>\n<meta property=\"og:description\" content=\"Bergbau Firma Krakbau Sp\u00f3\u0142ka Akcyjna spezialisiert sich auf typische Bergbauarbeiten. Bei diesen Arbeiten haben wir zwei unterschiedlichen Methoden verwendet: konventionelle Methode (mit Sprengstoffen) und Einsatz der Vortriebsmaschine AM 105\/045. Die Bergleute von Krakbau S.A. waren in Bergwerken Walsum, Ost-Hamm und &hellip; Continued\" \/>\n<meta property=\"og:url\" content=\"https:\/\/krakbau.com.pl\/de\/bergbau\/\" \/>\n<meta property=\"og:site_name\" content=\"Krakbau S.A.\" \/>\n<meta property=\"article:modified_time\" content=\"2017-09-04T12:49:35+00:00\" \/>\n<meta name=\"twitter:card\" content=\"summary\" \/>\n<script type=\"application\/ld+json\" class=\"yoast-schema-graph\">{\"@context\":\"https:\/\/schema.org\",\"@graph\":[{\"@type\":\"WebSite\",\"@id\":\"https:\/\/krakbau.com.pl\/#website\",\"url\":\"https:\/\/krakbau.com.pl\/\",\"name\":\"Krakbau S.A.\",\"description\":\"\",\"potentialAction\":[{\"@type\":\"SearchAction\",\"target\":{\"@type\":\"EntryPoint\",\"urlTemplate\":\"https:\/\/krakbau.com.pl\/?s={search_term_string}\"},\"query-input\":\"required name=search_term_string\"}],\"inLanguage\":\"de\"},{\"@type\":\"WebPage\",\"@id\":\"https:\/\/krakbau.com.pl\/de\/bergbau\/#webpage\",\"url\":\"https:\/\/krakbau.com.pl\/de\/bergbau\/\",\"name\":\"Bergbau - Krakbau S.A.\",\"isPartOf\":{\"@id\":\"https:\/\/krakbau.com.pl\/#website\"},\"datePublished\":\"2017-08-28T10:45:11+00:00\",\"dateModified\":\"2017-09-04T12:49:35+00:00\",\"breadcrumb\":{\"@id\":\"https:\/\/krakbau.com.pl\/de\/bergbau\/#breadcrumb\"},\"inLanguage\":\"de\",\"potentialAction\":[{\"@type\":\"ReadAction\",\"target\":[\"https:\/\/krakbau.com.pl\/de\/bergbau\/\"]}]},{\"@type\":\"BreadcrumbList\",\"@id\":\"https:\/\/krakbau.com.pl\/de\/bergbau\/#breadcrumb\",\"itemListElement\":[{\"@type\":\"ListItem\",\"position\":1,\"name\":\"Home\",\"item\":\"https:\/\/krakbau.com.pl\/de\/\"},{\"@type\":\"ListItem\",\"position\":2,\"name\":\"Bergbau\"}]}]}<\/script>\n<!-- \/ Yoast SEO plugin. -->","yoast_head_json":{"title":"Bergbau - Krakbau S.A.","robots":{"index":"index","follow":"follow","max-snippet":"max-snippet:-1","max-image-preview":"max-image-preview:large","max-video-preview":"max-video-preview:-1"},"canonical":"https:\/\/krakbau.com.pl\/de\/bergbau\/","og_locale":"de_DE","og_type":"article","og_title":"Bergbau - Krakbau S.A.","og_description":"Bergbau Firma Krakbau Sp\u00f3\u0142ka Akcyjna spezialisiert sich auf typische Bergbauarbeiten. Bei diesen Arbeiten haben wir zwei unterschiedlichen Methoden verwendet: konventionelle Methode (mit Sprengstoffen) und Einsatz der Vortriebsmaschine AM 105\/045. Die Bergleute von Krakbau S.A. waren in Bergwerken Walsum, Ost-Hamm und &hellip; Continued","og_url":"https:\/\/krakbau.com.pl\/de\/bergbau\/","og_site_name":"Krakbau S.A.","article_modified_time":"2017-09-04T12:49:35+00:00","twitter_card":"summary","schema":{"@context":"https:\/\/schema.org","@graph":[{"@type":"WebSite","@id":"https:\/\/krakbau.com.pl\/#website","url":"https:\/\/krakbau.com.pl\/","name":"Krakbau S.A.","description":"","potentialAction":[{"@type":"SearchAction","target":{"@type":"EntryPoint","urlTemplate":"https:\/\/krakbau.com.pl\/?s={search_term_string}"},"query-input":"required name=search_term_string"}],"inLanguage":"de"},{"@type":"WebPage","@id":"https:\/\/krakbau.com.pl\/de\/bergbau\/#webpage","url":"https:\/\/krakbau.com.pl\/de\/bergbau\/","name":"Bergbau - Krakbau S.A.","isPartOf":{"@id":"https:\/\/krakbau.com.pl\/#website"},"datePublished":"2017-08-28T10:45:11+00:00","dateModified":"2017-09-04T12:49:35+00:00","breadcrumb":{"@id":"https:\/\/krakbau.com.pl\/de\/bergbau\/#breadcrumb"},"inLanguage":"de","potentialAction":[{"@type":"ReadAction","target":["https:\/\/krakbau.com.pl\/de\/bergbau\/"]}]},{"@type":"BreadcrumbList","@id":"https:\/\/krakbau.com.pl\/de\/bergbau\/#breadcrumb","itemListElement":[{"@type":"ListItem","position":1,"name":"Home","item":"https:\/\/krakbau.com.pl\/de\/"},{"@type":"ListItem","position":2,"name":"Bergbau"}]}]}},"_links":{"self":[{"href":"https:\/\/krakbau.com.pl\/de\/wp-json\/wp\/v2\/pages\/1348"}],"collection":[{"href":"https:\/\/krakbau.com.pl\/de\/wp-json\/wp\/v2\/pages"}],"about":[{"href":"https:\/\/krakbau.com.pl\/de\/wp-json\/wp\/v2\/types\/page"}],"author":[{"embeddable":true,"href":"https:\/\/krakbau.com.pl\/de\/wp-json\/wp\/v2\/users\/1"}],"replies":[{"embeddable":true,"href":"https:\/\/krakbau.com.pl\/de\/wp-json\/wp\/v2\/comments?post=1348"}],"version-history":[{"count":3,"href":"https:\/\/krakbau.com.pl\/de\/wp-json\/wp\/v2\/pages\/1348\/revisions"}],"predecessor-version":[{"id":1434,"href":"https:\/\/krakbau.com.pl\/de\/wp-json\/wp\/v2\/pages\/1348\/revisions\/1434"}],"wp:attachment":[{"href":"https:\/\/krakbau.com.pl\/de\/wp-json\/wp\/v2\/media?parent=1348"}],"curies":[{"name":"wp","href":"https:\/\/api.w.org\/{rel}","templated":true}]}}