{"id":1345,"date":"2017-08-28T12:33:59","date_gmt":"2017-08-28T10:33:59","guid":{"rendered":"http:\/\/krakbau.com.pl\/?page_id=1345\/"},"modified":"2017-09-05T09:04:29","modified_gmt":"2017-09-05T07:04:29","slug":"konservatorische-arbeiten","status":"publish","type":"page","link":"https:\/\/krakbau.com.pl\/de\/konservatorische-arbeiten\/","title":{"rendered":"Konservatorische Arbeiten"},"content":{"rendered":"<h1 class=\"title1\">Konservatorische Arbeiten<\/h1>\n<p>Krakbau Sp\u00f3\u0142ka Akcyjna besch\u00e4ftigt hochqualifizierte Steinmetze und spezialisiert sich auf die Renovierung der alten Steinfassaden.<br \/>\nBisher haben wir historische Kirchen aus dem 17. Jahrhundert in Karlsruhe und B\u00fchl Vimbuch restauriert.<\/p>\n<h2 class=\"gallery-title\">Konservatorische Arbeiten<\/h2><div class=\"vls-gf-breadcrumbs\"><span>Konservatorische Arbeiten<\/span><\/div><div class=\"vls-gf-gallery vls-gf-2024 vls-gf-style-light vls-gf-style-none\" data-vls-gf-layout='{\"layout_type\":\"grid\",\"column_count\":3,\"column_count_xs\":1,\"aspect_ratio\":1,\"horizontal_spacing\":4,\"vertical_spacing\":4,\"align_bottom\":false,\"pagination_type\":\"paged-bullets\",\"page_size\":5}' data-vls-gf-settings='{\"pagination_type\":\"paged-bullets\"}'><style type=\"text\/css\">.vls-gf-2024 figure a{display:block;position:absolute;left:0;right:0;top:0;bottom:0;opacity:0;z-index:90;}.vls-gf-2024 figure .vls-gf-overlay{position:absolute;background-color:rgba(0, 0, 0, 0.52);left:0;right:0;bottom:0;opacity:0;z-index:10;transition:opacity 600ms ease;}.vls-gf-2024 figure .vls-gf-overlay .vls-gf-caption{margin:0;padding:10px 10px;color:#fff;text-align:center;font-size:18px;}.vls-gf-2024 figure .vls-gf-overlay .vls-gf-description{margin:0 0 10px 0;padding:2px 10px;color:#fff;font-size:14px;text-align:center;}.vls-gf-2024 figure .vls-gf-overlay .vls-gf-caption em, .vls-gf-description em{font-style:normal;font-weight:600;}.vls-gf-2024 figure:hover .vls-gf-overlay{opacity:1;}<\/style><div class=\"vls-gf-container\"><figure class=\"vls-gf-2025 vls-gf-init vls-gf-lazy\" data-vls-gf-thumbnail-width=\"375\" data-vls-gf-thumbnail-height=\"500\"><a class=\"vls-gf-main\" href=\"https:\/\/krakbau.com.pl\/de\/konservatorische-arbeiten\/katholische-st-johannes-kirche-buhl-vimbuch-deutschland\"><\/a><div class=\"vls-gf-img\"><img data-src=\"https:\/\/krakbau.com.pl\/wp-content\/gf-uploads\/2017\/09\/preview-m\/Ko\u015bci\u00f3\u0142-1-ZDJ\u0118CIE-G\u0141\u00d3WNE-1-0.jpg?t=1601631092\"><\/div><div class=\"vls-gf-overlay\"><h2 class=\"vls-gf-caption\">KATHOLISCHE ST. JOHANNES-KIRCHE, B\u00fchl \u2013 Vimbuch, Deutschland<\/h2><div class=\"vls-gf-description\">Auftraggeber: FRANZ GR\u00d6TZ NATURSTEINE GMBH. Umfang der Arbeiten: Renovierung der Sand- und Granitsteinelemente in der in den Jahren 1888 - Auftraggeber: FRANZ GR\u00d6TZ NATURSTEINE GMBH. Umfang der Arbeiten: Renovierung der Sand- und Granitsteinelemente in der in den Jahren 1888 - Auftraggeber: FRANZ GR\u00d6TZ NATURSTEINE GMBH. Umfang der Arbeiten: Renovierung der Sand- und Granitsteinelemente in der in den Jahren 1888 - 1891 erbauten Kirche.<\/div><\/div><\/figure><\/div><\/div>\n","protected":false},"excerpt":{"rendered":"<p>Konservatorische Arbeiten Krakbau Sp\u00f3\u0142ka Akcyjna besch\u00e4ftigt hochqualifizierte Steinmetze und spezialisiert sich auf die Renovierung der alten Steinfassaden. Bisher haben wir historische Kirchen aus dem 17. Jahrhundert in Karlsruhe und B\u00fchl Vimbuch restauriert.<\/p>\n","protected":false},"author":1,"featured_media":0,"parent":0,"menu_order":0,"comment_status":"closed","ping_status":"closed","template":"template-1.php","meta":[],"yoast_head":"<!-- This site is optimized with the Yoast SEO plugin v18.4.1 - https:\/\/yoast.com\/wordpress\/plugins\/seo\/ -->\n<title>Konservatorische Arbeiten - Krakbau S.A.<\/title>\n<meta name=\"robots\" content=\"index, follow, max-snippet:-1, max-image-preview:large, max-video-preview:-1\" \/>\n<link rel=\"canonical\" href=\"https:\/\/krakbau.com.pl\/de\/konservatorische-arbeiten\/\" \/>\n<meta property=\"og:locale\" content=\"de_DE\" \/>\n<meta property=\"og:type\" content=\"article\" \/>\n<meta property=\"og:title\" content=\"Konservatorische Arbeiten - Krakbau S.A.\" \/>\n<meta property=\"og:description\" content=\"Konservatorische Arbeiten Krakbau Sp\u00f3\u0142ka Akcyjna besch\u00e4ftigt hochqualifizierte Steinmetze und spezialisiert sich auf die Renovierung der alten Steinfassaden. Bisher haben wir historische Kirchen aus dem 17. Jahrhundert in Karlsruhe und B\u00fchl Vimbuch restauriert.\" \/>\n<meta property=\"og:url\" content=\"https:\/\/krakbau.com.pl\/de\/konservatorische-arbeiten\/\" \/>\n<meta property=\"og:site_name\" content=\"Krakbau S.A.\" \/>\n<meta property=\"article:modified_time\" content=\"2017-09-05T07:04:29+00:00\" \/>\n<meta name=\"twitter:card\" content=\"summary\" \/>\n<script type=\"application\/ld+json\" class=\"yoast-schema-graph\">{\"@context\":\"https:\/\/schema.org\",\"@graph\":[{\"@type\":\"WebSite\",\"@id\":\"https:\/\/krakbau.com.pl\/#website\",\"url\":\"https:\/\/krakbau.com.pl\/\",\"name\":\"Krakbau S.A.\",\"description\":\"\",\"potentialAction\":[{\"@type\":\"SearchAction\",\"target\":{\"@type\":\"EntryPoint\",\"urlTemplate\":\"https:\/\/krakbau.com.pl\/?s={search_term_string}\"},\"query-input\":\"required name=search_term_string\"}],\"inLanguage\":\"de\"},{\"@type\":\"WebPage\",\"@id\":\"https:\/\/krakbau.com.pl\/de\/konservatorische-arbeiten\/#webpage\",\"url\":\"https:\/\/krakbau.com.pl\/de\/konservatorische-arbeiten\/\",\"name\":\"Konservatorische Arbeiten - Krakbau S.A.\",\"isPartOf\":{\"@id\":\"https:\/\/krakbau.com.pl\/#website\"},\"datePublished\":\"2017-08-28T10:33:59+00:00\",\"dateModified\":\"2017-09-05T07:04:29+00:00\",\"breadcrumb\":{\"@id\":\"https:\/\/krakbau.com.pl\/de\/konservatorische-arbeiten\/#breadcrumb\"},\"inLanguage\":\"de\",\"potentialAction\":[{\"@type\":\"ReadAction\",\"target\":[\"https:\/\/krakbau.com.pl\/de\/konservatorische-arbeiten\/\"]}]},{\"@type\":\"BreadcrumbList\",\"@id\":\"https:\/\/krakbau.com.pl\/de\/konservatorische-arbeiten\/#breadcrumb\",\"itemListElement\":[{\"@type\":\"ListItem\",\"position\":1,\"name\":\"Home\",\"item\":\"https:\/\/krakbau.com.pl\/de\/\"},{\"@type\":\"ListItem\",\"position\":2,\"name\":\"Konservatorische Arbeiten\"}]}]}<\/script>\n<!-- \/ Yoast SEO plugin. -->","yoast_head_json":{"title":"Konservatorische Arbeiten - Krakbau S.A.","robots":{"index":"index","follow":"follow","max-snippet":"max-snippet:-1","max-image-preview":"max-image-preview:large","max-video-preview":"max-video-preview:-1"},"canonical":"https:\/\/krakbau.com.pl\/de\/konservatorische-arbeiten\/","og_locale":"de_DE","og_type":"article","og_title":"Konservatorische Arbeiten - Krakbau S.A.","og_description":"Konservatorische Arbeiten Krakbau Sp\u00f3\u0142ka Akcyjna besch\u00e4ftigt hochqualifizierte Steinmetze und spezialisiert sich auf die Renovierung der alten Steinfassaden. Bisher haben wir historische Kirchen aus dem 17. Jahrhundert in Karlsruhe und B\u00fchl Vimbuch restauriert.","og_url":"https:\/\/krakbau.com.pl\/de\/konservatorische-arbeiten\/","og_site_name":"Krakbau S.A.","article_modified_time":"2017-09-05T07:04:29+00:00","twitter_card":"summary","schema":{"@context":"https:\/\/schema.org","@graph":[{"@type":"WebSite","@id":"https:\/\/krakbau.com.pl\/#website","url":"https:\/\/krakbau.com.pl\/","name":"Krakbau S.A.","description":"","potentialAction":[{"@type":"SearchAction","target":{"@type":"EntryPoint","urlTemplate":"https:\/\/krakbau.com.pl\/?s={search_term_string}"},"query-input":"required name=search_term_string"}],"inLanguage":"de"},{"@type":"WebPage","@id":"https:\/\/krakbau.com.pl\/de\/konservatorische-arbeiten\/#webpage","url":"https:\/\/krakbau.com.pl\/de\/konservatorische-arbeiten\/","name":"Konservatorische Arbeiten - Krakbau S.A.","isPartOf":{"@id":"https:\/\/krakbau.com.pl\/#website"},"datePublished":"2017-08-28T10:33:59+00:00","dateModified":"2017-09-05T07:04:29+00:00","breadcrumb":{"@id":"https:\/\/krakbau.com.pl\/de\/konservatorische-arbeiten\/#breadcrumb"},"inLanguage":"de","potentialAction":[{"@type":"ReadAction","target":["https:\/\/krakbau.com.pl\/de\/konservatorische-arbeiten\/"]}]},{"@type":"BreadcrumbList","@id":"https:\/\/krakbau.com.pl\/de\/konservatorische-arbeiten\/#breadcrumb","itemListElement":[{"@type":"ListItem","position":1,"name":"Home","item":"https:\/\/krakbau.com.pl\/de\/"},{"@type":"ListItem","position":2,"name":"Konservatorische Arbeiten"}]}]}},"_links":{"self":[{"href":"https:\/\/krakbau.com.pl\/de\/wp-json\/wp\/v2\/pages\/1345"}],"collection":[{"href":"https:\/\/krakbau.com.pl\/de\/wp-json\/wp\/v2\/pages"}],"about":[{"href":"https:\/\/krakbau.com.pl\/de\/wp-json\/wp\/v2\/types\/page"}],"author":[{"embeddable":true,"href":"https:\/\/krakbau.com.pl\/de\/wp-json\/wp\/v2\/users\/1"}],"replies":[{"embeddable":true,"href":"https:\/\/krakbau.com.pl\/de\/wp-json\/wp\/v2\/comments?post=1345"}],"version-history":[{"count":3,"href":"https:\/\/krakbau.com.pl\/de\/wp-json\/wp\/v2\/pages\/1345\/revisions"}],"predecessor-version":[{"id":1442,"href":"https:\/\/krakbau.com.pl\/de\/wp-json\/wp\/v2\/pages\/1345\/revisions\/1442"}],"wp:attachment":[{"href":"https:\/\/krakbau.com.pl\/de\/wp-json\/wp\/v2\/media?parent=1345"}],"curies":[{"name":"wp","href":"https:\/\/api.w.org\/{rel}","templated":true}]}}