{"id":1340,"date":"2017-08-28T12:28:26","date_gmt":"2017-08-28T10:28:26","guid":{"rendered":"http:\/\/krakbau.com.pl\/?page_id=1340\/"},"modified":"2017-09-05T09:47:05","modified_gmt":"2017-09-05T07:47:05","slug":"wasser-und-brueckenbau","status":"publish","type":"page","link":"https:\/\/krakbau.com.pl\/de\/wasser-und-brueckenbau\/","title":{"rendered":"Wasser und Br\u00fcckenbau"},"content":{"rendered":"<h1 class=\"title1\">Wasser und Br\u00fcckenbau<\/h1>\n<p>Krakbau Sp\u00f3\u0142ka Akcyjna spezialisiert sich auf Errichtung komplexer Br\u00fcckenkonstruktionen sowohl mit traditionellen Methoden wie auch unter Einsatz moderner Technologien der Schalung und Vorschubr\u00fcstung.<\/p>\n<p>Im Wasserbau hat Krakbau S.A. Uferbefestigungen mit Stahlbeton in Cuxhaven hergestellt.<\/p>\n<h2 class=\"gallery-title\">Wasser- und Br\u00fcckenbau<\/h2><div class=\"vls-gf-breadcrumbs\"><span>Wasser- und Br\u00fcckenbau<\/span><\/div><div class=\"vls-gf-gallery vls-gf-2173 vls-gf-style-light vls-gf-style-none\" data-vls-gf-layout='{\"layout_type\":\"grid\",\"column_count\":3,\"column_count_xs\":1,\"aspect_ratio\":1,\"horizontal_spacing\":4,\"vertical_spacing\":4,\"align_bottom\":false,\"pagination_type\":\"paged-bullets\",\"page_size\":5}' data-vls-gf-settings='{\"pagination_type\":\"paged-bullets\"}'><style type=\"text\/css\">.vls-gf-2173 figure a{display:block;position:absolute;left:0;right:0;top:0;bottom:0;opacity:0;z-index:90;}.vls-gf-2173 figure .vls-gf-overlay{position:absolute;background-color:rgba(0, 0, 0, 0.52);left:0;right:0;bottom:0;opacity:0;z-index:10;transition:opacity 600ms ease;}.vls-gf-2173 figure .vls-gf-overlay .vls-gf-caption{margin:0;padding:10px 10px;color:#fff;text-align:center;font-size:18px;}.vls-gf-2173 figure .vls-gf-overlay .vls-gf-description{margin:0 0 10px 0;padding:2px 10px;color:#fff;font-size:14px;text-align:center;}.vls-gf-2173 figure .vls-gf-overlay .vls-gf-caption em, .vls-gf-description em{font-style:normal;font-weight:600;}.vls-gf-2173 figure:hover .vls-gf-overlay{opacity:1;}<\/style><div class=\"vls-gf-container\"><figure class=\"vls-gf-3618 vls-gf-init vls-gf-lazy\" data-vls-gf-thumbnail-width=\"800\" data-vls-gf-thumbnail-height=\"450\"><a class=\"vls-gf-main\" href=\"https:\/\/krakbau.com.pl\/de\/wasser-und-brueckenbau\/esbjerg-hafen-esbjerg-danemark\"><\/a><div class=\"vls-gf-img\"><img data-src=\"https:\/\/krakbau.com.pl\/wp-content\/gf-uploads\/2018\/03\/preview-m\/ZDJ\u0118CIE-G\u0141\u00d3WNE-Esbjerg-2-0.jpg?t=1520520468\"><\/div><div class=\"vls-gf-overlay\"><h2 class=\"vls-gf-caption\">ESBJERG HAFEN, Esbjerg, D\u00e4nemark<\/h2><div class=\"vls-gf-description\">Auftraggeber: CG Jensen A\/S<\/div><\/div><\/figure><figure class=\"vls-gf-3642 vls-gf-init vls-gf-lazy\" data-vls-gf-thumbnail-width=\"800\" data-vls-gf-thumbnail-height=\"450\"><a class=\"vls-gf-main\" href=\"https:\/\/krakbau.com.pl\/de\/wasser-und-brueckenbau\/vorschubrustung-stathelle-norwegen\"><\/a><div class=\"vls-gf-img\"><img data-src=\"https:\/\/krakbau.com.pl\/wp-content\/gf-uploads\/2018\/03\/preview-m\/Stathelle-6-2-0.jpg?t=1520519590\"><\/div><div class=\"vls-gf-overlay\"><h2 class=\"vls-gf-caption\">VORSCHUBR\u00dcSTUNG, Stathelle, Norwegen<\/h2><div class=\"vls-gf-description\">Auftraggeber : thyssenkrupp Infrastructure GmbH<\/div><\/div><\/figure><figure class=\"vls-gf-3684 vls-gf-init vls-gf-lazy\" data-vls-gf-thumbnail-width=\"800\" data-vls-gf-thumbnail-height=\"533\"><a class=\"vls-gf-main\" href=\"https:\/\/krakbau.com.pl\/de\/wasser-und-brueckenbau\/talbrucke-kalteiche-haiger-deutschland\"><\/a><div class=\"vls-gf-img\"><img data-src=\"https:\/\/krakbau.com.pl\/wp-content\/gf-uploads\/2018\/03\/preview-m\/ZDJ\u0118CIE-G\u0141\u00d3WNE-Talbrucke-3-1-0.jpg?t=1520582874\"><\/div><div class=\"vls-gf-overlay\"><h2 class=\"vls-gf-caption\">TALBR\u00dcCKE, Kalteiche Haiger, Deutschland<\/h2><div class=\"vls-gf-description\">Auftraggeber: thyssenkrupp Infrastructure GmbH<\/div><\/div><\/figure><figure class=\"vls-gf-2174 vls-gf-init vls-gf-lazy\" data-vls-gf-thumbnail-width=\"500\" data-vls-gf-thumbnail-height=\"333\"><a class=\"vls-gf-main\" href=\"https:\/\/krakbau.com.pl\/de\/wasser-und-brueckenbau\/a3-lahntalbrucke-limburg-deutschland\"><\/a><div class=\"vls-gf-img\"><img data-src=\"https:\/\/krakbau.com.pl\/wp-content\/gf-uploads\/2017\/09\/preview-m\/Limburg-27-1-0.jpg?t=1601631193\"><\/div><div class=\"vls-gf-overlay\"><h2 class=\"vls-gf-caption\">A3 LAHNTALBR\u00dcCKE, Limburg, Deutschland<\/h2><div class=\"vls-gf-description\">Auftraggeber: Thyssenkrupp Infrastructure GmbH<\/div><\/div><\/figure><figure class=\"vls-gf-2208 vls-gf-init vls-gf-lazy\" data-vls-gf-thumbnail-width=\"500\" data-vls-gf-thumbnail-height=\"375\"><a class=\"vls-gf-main\" href=\"https:\/\/krakbau.com.pl\/de\/wasser-und-brueckenbau\/bruckenarbeiten-an-der-a-45-lutzelbachtalbrucke-dillenburg-deutschland\"><\/a><div class=\"vls-gf-img\"><img data-src=\"https:\/\/krakbau.com.pl\/wp-content\/gf-uploads\/2017\/09\/preview-m\/Dilenburg-Niederscheld-10-1-0.jpg?t=1601631202\"><\/div><div class=\"vls-gf-overlay\"><h2 class=\"vls-gf-caption\">BR\u00dcCKENARBEITEN AN DER A-45 - L\u00dcTZELBACHTALBR\u00dcCKE, Dillenburg, Deutschland<\/h2><div class=\"vls-gf-description\">Auftraggeber: Thyssenkrupp Infrastructure GmbH<\/div><\/div><\/figure><figure class=\"vls-gf-2221 vls-gf-init vls-gf-lazy\" data-vls-gf-thumbnail-width=\"500\" data-vls-gf-thumbnail-height=\"375\"><a class=\"vls-gf-main\" href=\"https:\/\/krakbau.com.pl\/de\/wasser-und-brueckenbau\/bau-eines-eisenbahnabschnitts-an-der-strecke-erfurt-halle-hallesaale-deutschland\"><\/a><div class=\"vls-gf-img\"><img data-src=\"https:\/\/krakbau.com.pl\/wp-content\/gf-uploads\/2017\/09\/preview-m\/Budowa-Odcinka-kolejowego-Erfurt-Halle-ZDJ\u0118CIE-G\u0141\u00d3WNE-1-0.jpg?t=1601631205\"><\/div><div class=\"vls-gf-overlay\"><h2 class=\"vls-gf-caption\">BAU EINES EISENBAHNABSCHNITTS AN DER STRECKE ERFURT - HALLE, Halle\/Saale, Deutschland<\/h2><div class=\"vls-gf-description\">Auftraggeber: THYSSENKRUPP BAUSERVICE GMBH GESCH\u00c4FTSBEREICH R\u00d6RO TRAGGER\u00dcSSYSTEME. Umfang der Arbeiten: Vorschubger\u00fcstbau und -bedienung<\/div><\/div><\/figure><figure class=\"vls-gf-2225 vls-gf-init vls-gf-lazy\" data-vls-gf-thumbnail-width=\"500\" data-vls-gf-thumbnail-height=\"375\"><a class=\"vls-gf-main\" href=\"https:\/\/krakbau.com.pl\/de\/wasser-und-brueckenbau\/vorschubgeruste-fur-die-eisenbahnbrucke-modena-italien\"><\/a><div class=\"vls-gf-img\"><img data-src=\"https:\/\/krakbau.com.pl\/wp-content\/gf-uploads\/2017\/09\/preview-m\/Wiadukt-Modena-110-ZDJ\u0118CIE-G\u0141\u00d3WNE-1-0.jpg?t=1601631281\"><\/div><div class=\"vls-gf-overlay\"><h2 class=\"vls-gf-caption\">VORSCHUBGER\u00dcSTE F\u00dcR DIE EISENBAHNBR\u00dcCKE, Modena, Italien<\/h2><div class=\"vls-gf-description\">Auftraggeber: THYSSENKRUPP BAUSERVICE GMBH<\/div><\/div><\/figure><figure class=\"vls-gf-2336 vls-gf-init vls-gf-lazy\" data-vls-gf-thumbnail-width=\"500\" data-vls-gf-thumbnail-height=\"375\"><a class=\"vls-gf-main\" href=\"https:\/\/krakbau.com.pl\/de\/wasser-und-brueckenbau\/vorschubgeruste-fur-die-brucke-muhlenbach-wismar-damelov-deutschland\"><\/a><div class=\"vls-gf-img\"><img data-src=\"https:\/\/krakbau.com.pl\/wp-content\/gf-uploads\/2017\/09\/preview-m\/Most-Muhlenbach-1-ZDJECIE-G\u0141\u00d3WNE-1-0.jpg?t=1601631284\"><\/div><div class=\"vls-gf-overlay\"><h2 class=\"vls-gf-caption\">VORSCHUBGER\u00dcSTE F\u00dcR DIE BR\u00dcCKE M\u00dcHLENBACH, Wismar D\u00e4melov, Deutschland<\/h2><div class=\"vls-gf-description\">Auftraggeber: R\u00d6RO TRAGGER\u00dcSSYSTEME GESCH\u00c4FTSBEREICH DER THYSSENKRUPP BAUSERVICE GMBH<\/div><\/div><\/figure><figure class=\"vls-gf-2339 vls-gf-init vls-gf-lazy\" data-vls-gf-thumbnail-width=\"500\" data-vls-gf-thumbnail-height=\"375\"><a class=\"vls-gf-main\" href=\"https:\/\/krakbau.com.pl\/de\/wasser-und-brueckenbau\/vorschubgeruste-fur-den-bruckenbau-scherkondetalbrucke-krautheim-deutschland\"><\/a><div class=\"vls-gf-img\"><img data-src=\"https:\/\/krakbau.com.pl\/wp-content\/gf-uploads\/2017\/09\/preview-m\/Scherkondetalbrucke-1-0.jpg?t=1601631284\"><\/div><div class=\"vls-gf-overlay\"><h2 class=\"vls-gf-caption\">VORSCHUBGER\u00dcSTE F\u00dcR DEN BRUCKENBAU SCHERKONDETALBR\u00dcCKE, Krautheim, Deutschland<\/h2><div class=\"vls-gf-description\">Auftraggeber: R\u00d6RO TRAGGER\u00dcSSYSTEME GESCH\u00c4FTSBEREICH DER THYSSENKRUPP BAUSERVICE GMBH<\/div><\/div><\/figure><figure class=\"vls-gf-2341 vls-gf-init vls-gf-lazy\" data-vls-gf-thumbnail-width=\"500\" data-vls-gf-thumbnail-height=\"281\"><a class=\"vls-gf-main\" href=\"https:\/\/krakbau.com.pl\/de\/wasser-und-brueckenbau\/autobahnbrucke-an-der-linksseitigen-umgehungsstrasse-von-wroclaw-wroclaw\"><\/a><div class=\"vls-gf-img\"><img data-src=\"https:\/\/krakbau.com.pl\/wp-content\/gf-uploads\/2017\/09\/preview-m\/Wroc\u0142aw-7-ZDJECIE-G\u0141\u00d3WNE-1-0.jpg?t=1601631288\"><\/div><div class=\"vls-gf-overlay\"><h2 class=\"vls-gf-caption\">AUTOBAHNBR\u00dcCKE AN DER LINKSSEITIGEN UMGEHUNGSSTRASSE VON WROC\u0141AW, Wroc\u0142aw<\/h2><div class=\"vls-gf-description\">Auftraggeber: THYSSENKRUPP BAUSERVICE GMBH<\/div><\/div><\/figure><figure class=\"vls-gf-2351 vls-gf-init vls-gf-lazy\" data-vls-gf-thumbnail-width=\"500\" data-vls-gf-thumbnail-height=\"344\"><a class=\"vls-gf-main\" href=\"https:\/\/krakbau.com.pl\/de\/wasser-und-brueckenbau\/brucke-uber-rhein-rheinbrucke-koln-rodenkirchen-deutschland\"><\/a><div class=\"vls-gf-img\"><img data-src=\"https:\/\/krakbau.com.pl\/wp-content\/gf-uploads\/2017\/09\/preview-m\/Rheinbrucke-Koln-1-0.jpg?t=1601631291\"><\/div><div class=\"vls-gf-overlay\"><h2 class=\"vls-gf-caption\">BR\u00dcCKE \u00dcBER RHEIN, RHEINBR\u00dcCKE K\u00d6LN, Rodenkirchen, Deutschland<\/h2><div class=\"vls-gf-description\">Auftraggeber: R\u00d6RO GER\u00dcSTBAU GMBH (jetzt THYSSENKRUPP XERVON GMBH)<\/div><\/div><\/figure><figure class=\"vls-gf-2353 vls-gf-init vls-gf-lazy\" data-vls-gf-thumbnail-width=\"500\" data-vls-gf-thumbnail-height=\"375\"><a class=\"vls-gf-main\" href=\"https:\/\/krakbau.com.pl\/de\/wasser-und-brueckenbau\/vorschubgeruste-fur-bruckenbau-umea-schweden\"><\/a><div class=\"vls-gf-img\"><img data-src=\"https:\/\/krakbau.com.pl\/wp-content\/gf-uploads\/2017\/09\/preview-m\/Most-Umea-ZDJ\u0118CIE-G\u0141\u00d3WNE-1-0.jpg?t=1601631291\"><\/div><div class=\"vls-gf-overlay\"><h2 class=\"vls-gf-caption\">VORSCHUBGER\u00dcSTE F\u00dcR BR\u00dcCKENBAU, Umea, Schweden<\/h2><div class=\"vls-gf-description\">Auftraggeber: THYSSENKRUPP BAUSERVICE GMBH<\/div><\/div><\/figure><figure class=\"vls-gf-2389 vls-gf-init vls-gf-lazy\" data-vls-gf-thumbnail-width=\"500\" data-vls-gf-thumbnail-height=\"375\"><a class=\"vls-gf-main\" href=\"https:\/\/krakbau.com.pl\/de\/wasser-und-brueckenbau\/serbien\"><\/a><div class=\"vls-gf-img\"><img data-src=\"https:\/\/krakbau.com.pl\/wp-content\/gf-uploads\/2017\/09\/preview-m\/Belgrad-Serbia-1-ZDJECIE-G\u0141\u00d3WNE-1-0.jpg?t=1601631315\"><\/div><div class=\"vls-gf-overlay\"><h2 class=\"vls-gf-caption\">Serbien - S\u00dcDLICHE UMGEHUNGSSTRASSE VON BELGRAD - BR\u00dcCKE \u00dcBER DIE SAVE, Belgrad, Serbien<\/h2><div class=\"vls-gf-description\">Auftraggeber: THYSSENKRUPP BAUSERVICE GMBH GESCH\u00c4FTSBEREICH R\u00d6RO TRAGGER\u00dcSSYSTEME<\/div><\/div><\/figure><figure class=\"vls-gf-2394 vls-gf-init vls-gf-lazy\" data-vls-gf-thumbnail-width=\"500\" data-vls-gf-thumbnail-height=\"372\"><a class=\"vls-gf-main\" href=\"https:\/\/krakbau.com.pl\/de\/wasser-und-brueckenbau\/brucke-bw13-oberhausen-deutschland\"><\/a><div class=\"vls-gf-img\"><img data-src=\"https:\/\/krakbau.com.pl\/wp-content\/gf-uploads\/2017\/09\/preview-m\/Most-BW13-1-0.jpg?t=1601631318\"><\/div><div class=\"vls-gf-overlay\"><h2 class=\"vls-gf-caption\">BR\u00dcCKE BW13, Oberhausen, Deutschland<\/h2><div class=\"vls-gf-description\">Auftraggeber: ADAM H\u00d6RNIG BAUGESELLSCHAFT GMBH & CO. Stra\u00dfenbr\u00fccke an B 448 i B 445.<\/div><\/div><\/figure><figure class=\"vls-gf-2396 vls-gf-init vls-gf-lazy\" data-vls-gf-thumbnail-width=\"500\" data-vls-gf-thumbnail-height=\"342\"><a class=\"vls-gf-main\" href=\"https:\/\/krakbau.com.pl\/de\/wasser-und-brueckenbau\/brucke-bw14-oberhausen-deutschland\"><\/a><div class=\"vls-gf-img\"><img data-src=\"https:\/\/krakbau.com.pl\/wp-content\/gf-uploads\/2017\/09\/preview-m\/Most-BW14-1-0.jpg?t=1601631318\"><\/div><div class=\"vls-gf-overlay\"><h2 class=\"vls-gf-caption\">BR\u00dcCKE BW14, Oberhausen, Deutschland<\/h2><div class=\"vls-gf-description\">Auftraggeber: ADAM H\u00d6RNIG BAUGESELLSCHAFT GMBH & CO. Stra\u00dfenbr\u00fccke an B 448 i B 445.<\/div><\/div><\/figure><figure class=\"vls-gf-2398 vls-gf-init vls-gf-lazy\" data-vls-gf-thumbnail-width=\"500\" data-vls-gf-thumbnail-height=\"335\"><a class=\"vls-gf-main\" href=\"https:\/\/krakbau.com.pl\/de\/wasser-und-brueckenbau\/talbrucke-dickesbach-idar-oberstein-deutschland\"><\/a><div class=\"vls-gf-img\"><img data-src=\"https:\/\/krakbau.com.pl\/wp-content\/gf-uploads\/2017\/09\/preview-m\/Most-Talbrucke-1-0.jpg?t=1601631318\"><\/div><div class=\"vls-gf-overlay\"><h2 class=\"vls-gf-caption\">TALBR\u00dcCKE DICKESBACH, Idar - Oberstein, Deutschland<\/h2><div class=\"vls-gf-description\">Auftraggeber: P.A. BUDAU GMBH & CO. KG. Br\u00fccke an der Bundesstra\u00dfe B 41.<\/div><\/div><\/figure><figure class=\"vls-gf-2400 vls-gf-init vls-gf-lazy\" data-vls-gf-thumbnail-width=\"360\" data-vls-gf-thumbnail-height=\"500\"><a class=\"vls-gf-main\" href=\"https:\/\/krakbau.com.pl\/de\/wasser-und-brueckenbau\/ufermauer-wellenbrecher-cuxhaven-deutschland\"><\/a><div class=\"vls-gf-img\"><img data-src=\"https:\/\/krakbau.com.pl\/wp-content\/gf-uploads\/2017\/09\/preview-m\/Nabrze\u017ce-morskie-1-0.jpg?t=1601631321\"><\/div><div class=\"vls-gf-overlay\"><h2 class=\"vls-gf-caption\">UFERMAUER - WELLENBRECHER, Cuxhaven, Deutschland<\/h2><div class=\"vls-gf-description\">Auftraggeber: ARGE ALBKAI CUXHAVEN (AUG. PRIEN BAUUNTERNEHMUNG GMBH & CO., DYCKERHOFF & WIDMANN AG, HEINRICH HECKER GMBH & CO. KG, LUDWIG VOSS GMBH & CO. KG, ED. Z\u00fcblin AG. Umfang der Arbeiten: Schreiner- und Betonarbeiten.<\/div><\/div><\/figure><\/div><\/div>\n","protected":false},"excerpt":{"rendered":"<p>Wasser und Br\u00fcckenbau Krakbau Sp\u00f3\u0142ka Akcyjna spezialisiert sich auf Errichtung komplexer Br\u00fcckenkonstruktionen sowohl mit traditionellen Methoden wie auch unter Einsatz moderner Technologien der Schalung und Vorschubr\u00fcstung. Im Wasserbau hat Krakbau S.A. Uferbefestigungen mit Stahlbeton in Cuxhaven hergestellt.<\/p>\n","protected":false},"author":1,"featured_media":0,"parent":0,"menu_order":0,"comment_status":"closed","ping_status":"closed","template":"template-1.php","meta":[],"yoast_head":"<!-- This site is optimized with the Yoast SEO plugin v18.4.1 - https:\/\/yoast.com\/wordpress\/plugins\/seo\/ -->\n<title>Wasser und Br\u00fcckenbau - Krakbau S.A.<\/title>\n<meta name=\"robots\" content=\"index, follow, max-snippet:-1, max-image-preview:large, max-video-preview:-1\" \/>\n<link rel=\"canonical\" href=\"https:\/\/krakbau.com.pl\/de\/wasser-und-brueckenbau\/\" \/>\n<meta property=\"og:locale\" content=\"de_DE\" \/>\n<meta property=\"og:type\" content=\"article\" \/>\n<meta property=\"og:title\" content=\"Wasser und Br\u00fcckenbau - Krakbau S.A.\" \/>\n<meta property=\"og:description\" content=\"Wasser und Br\u00fcckenbau Krakbau Sp\u00f3\u0142ka Akcyjna spezialisiert sich auf Errichtung komplexer Br\u00fcckenkonstruktionen sowohl mit traditionellen Methoden wie auch unter Einsatz moderner Technologien der Schalung und Vorschubr\u00fcstung. Im Wasserbau hat Krakbau S.A. Uferbefestigungen mit Stahlbeton in Cuxhaven hergestellt.\" \/>\n<meta property=\"og:url\" content=\"https:\/\/krakbau.com.pl\/de\/wasser-und-brueckenbau\/\" \/>\n<meta property=\"og:site_name\" content=\"Krakbau S.A.\" \/>\n<meta property=\"article:modified_time\" content=\"2017-09-05T07:47:05+00:00\" \/>\n<meta name=\"twitter:card\" content=\"summary\" \/>\n<script type=\"application\/ld+json\" class=\"yoast-schema-graph\">{\"@context\":\"https:\/\/schema.org\",\"@graph\":[{\"@type\":\"WebSite\",\"@id\":\"https:\/\/krakbau.com.pl\/#website\",\"url\":\"https:\/\/krakbau.com.pl\/\",\"name\":\"Krakbau S.A.\",\"description\":\"\",\"potentialAction\":[{\"@type\":\"SearchAction\",\"target\":{\"@type\":\"EntryPoint\",\"urlTemplate\":\"https:\/\/krakbau.com.pl\/?s={search_term_string}\"},\"query-input\":\"required name=search_term_string\"}],\"inLanguage\":\"de\"},{\"@type\":\"WebPage\",\"@id\":\"https:\/\/krakbau.com.pl\/de\/wasser-und-brueckenbau\/#webpage\",\"url\":\"https:\/\/krakbau.com.pl\/de\/wasser-und-brueckenbau\/\",\"name\":\"Wasser und Br\u00fcckenbau - Krakbau S.A.\",\"isPartOf\":{\"@id\":\"https:\/\/krakbau.com.pl\/#website\"},\"datePublished\":\"2017-08-28T10:28:26+00:00\",\"dateModified\":\"2017-09-05T07:47:05+00:00\",\"breadcrumb\":{\"@id\":\"https:\/\/krakbau.com.pl\/de\/wasser-und-brueckenbau\/#breadcrumb\"},\"inLanguage\":\"de\",\"potentialAction\":[{\"@type\":\"ReadAction\",\"target\":[\"https:\/\/krakbau.com.pl\/de\/wasser-und-brueckenbau\/\"]}]},{\"@type\":\"BreadcrumbList\",\"@id\":\"https:\/\/krakbau.com.pl\/de\/wasser-und-brueckenbau\/#breadcrumb\",\"itemListElement\":[{\"@type\":\"ListItem\",\"position\":1,\"name\":\"Home\",\"item\":\"https:\/\/krakbau.com.pl\/de\/\"},{\"@type\":\"ListItem\",\"position\":2,\"name\":\"Wasser und Br\u00fcckenbau\"}]}]}<\/script>\n<!-- \/ Yoast SEO plugin. -->","yoast_head_json":{"title":"Wasser und Br\u00fcckenbau - Krakbau S.A.","robots":{"index":"index","follow":"follow","max-snippet":"max-snippet:-1","max-image-preview":"max-image-preview:large","max-video-preview":"max-video-preview:-1"},"canonical":"https:\/\/krakbau.com.pl\/de\/wasser-und-brueckenbau\/","og_locale":"de_DE","og_type":"article","og_title":"Wasser und Br\u00fcckenbau - Krakbau S.A.","og_description":"Wasser und Br\u00fcckenbau Krakbau Sp\u00f3\u0142ka Akcyjna spezialisiert sich auf Errichtung komplexer Br\u00fcckenkonstruktionen sowohl mit traditionellen Methoden wie auch unter Einsatz moderner Technologien der Schalung und Vorschubr\u00fcstung. Im Wasserbau hat Krakbau S.A. Uferbefestigungen mit Stahlbeton in Cuxhaven hergestellt.","og_url":"https:\/\/krakbau.com.pl\/de\/wasser-und-brueckenbau\/","og_site_name":"Krakbau S.A.","article_modified_time":"2017-09-05T07:47:05+00:00","twitter_card":"summary","schema":{"@context":"https:\/\/schema.org","@graph":[{"@type":"WebSite","@id":"https:\/\/krakbau.com.pl\/#website","url":"https:\/\/krakbau.com.pl\/","name":"Krakbau S.A.","description":"","potentialAction":[{"@type":"SearchAction","target":{"@type":"EntryPoint","urlTemplate":"https:\/\/krakbau.com.pl\/?s={search_term_string}"},"query-input":"required name=search_term_string"}],"inLanguage":"de"},{"@type":"WebPage","@id":"https:\/\/krakbau.com.pl\/de\/wasser-und-brueckenbau\/#webpage","url":"https:\/\/krakbau.com.pl\/de\/wasser-und-brueckenbau\/","name":"Wasser und Br\u00fcckenbau - Krakbau S.A.","isPartOf":{"@id":"https:\/\/krakbau.com.pl\/#website"},"datePublished":"2017-08-28T10:28:26+00:00","dateModified":"2017-09-05T07:47:05+00:00","breadcrumb":{"@id":"https:\/\/krakbau.com.pl\/de\/wasser-und-brueckenbau\/#breadcrumb"},"inLanguage":"de","potentialAction":[{"@type":"ReadAction","target":["https:\/\/krakbau.com.pl\/de\/wasser-und-brueckenbau\/"]}]},{"@type":"BreadcrumbList","@id":"https:\/\/krakbau.com.pl\/de\/wasser-und-brueckenbau\/#breadcrumb","itemListElement":[{"@type":"ListItem","position":1,"name":"Home","item":"https:\/\/krakbau.com.pl\/de\/"},{"@type":"ListItem","position":2,"name":"Wasser und Br\u00fcckenbau"}]}]}},"_links":{"self":[{"href":"https:\/\/krakbau.com.pl\/de\/wp-json\/wp\/v2\/pages\/1340"}],"collection":[{"href":"https:\/\/krakbau.com.pl\/de\/wp-json\/wp\/v2\/pages"}],"about":[{"href":"https:\/\/krakbau.com.pl\/de\/wp-json\/wp\/v2\/types\/page"}],"author":[{"embeddable":true,"href":"https:\/\/krakbau.com.pl\/de\/wp-json\/wp\/v2\/users\/1"}],"replies":[{"embeddable":true,"href":"https:\/\/krakbau.com.pl\/de\/wp-json\/wp\/v2\/comments?post=1340"}],"version-history":[{"count":4,"href":"https:\/\/krakbau.com.pl\/de\/wp-json\/wp\/v2\/pages\/1340\/revisions"}],"predecessor-version":[{"id":1443,"href":"https:\/\/krakbau.com.pl\/de\/wp-json\/wp\/v2\/pages\/1340\/revisions\/1443"}],"wp:attachment":[{"href":"https:\/\/krakbau.com.pl\/de\/wp-json\/wp\/v2\/media?parent=1340"}],"curies":[{"name":"wp","href":"https:\/\/api.w.org\/{rel}","templated":true}]}}