{"id":1336,"date":"2017-08-28T12:21:12","date_gmt":"2017-08-28T10:21:12","guid":{"rendered":"http:\/\/krakbau.com.pl\/?page_id=1336\/"},"modified":"2017-09-04T14:51:14","modified_gmt":"2017-09-04T12:51:14","slug":"hochbau","status":"publish","type":"page","link":"https:\/\/krakbau.com.pl\/de\/hochbau\/","title":{"rendered":"Hochbau"},"content":{"rendered":"<h1 class=\"title1\">Hochbau<\/h1>\n<p>Krakbau Sp\u00f3\u0142ka Akcyjna errichtet in Polen als Generalunternehmen schl\u00fcsselfertige Bank-, B\u00fcro-, Krankenhaus-, Hotel-, Schulobjekte und andere \u00f6ffentliche Einrichtungen. In Deutschland und in Frankreich haben wir Rohbauarbeiten (Stahlbetonkonstruktionen) als Subunternehmer von lokalen Bauunternehmen ausgef\u00fchrt.<\/p>\n<h2 class=\"gallery-title\">Hochbau<\/h2><div class=\"vls-gf-breadcrumbs\"><span>Hochbau<\/span><\/div><div class=\"vls-gf-gallery vls-gf-2601 vls-gf-style-light vls-gf-style-none\" data-vls-gf-layout='{\"layout_type\":\"grid\",\"column_count\":3,\"column_count_xs\":1,\"aspect_ratio\":1,\"horizontal_spacing\":4,\"vertical_spacing\":4,\"align_bottom\":false,\"pagination_type\":\"paged-bullets\",\"page_size\":5}' data-vls-gf-settings='{\"pagination_type\":\"paged-bullets\"}'><style type=\"text\/css\">.vls-gf-2601 figure a{display:block;position:absolute;left:0;right:0;top:0;bottom:0;opacity:0;z-index:90;}.vls-gf-2601 figure .vls-gf-overlay{position:absolute;background-color:rgba(0, 0, 0, 0.52);left:0;right:0;bottom:0;opacity:0;z-index:10;transition:opacity 600ms ease;}.vls-gf-2601 figure .vls-gf-overlay .vls-gf-caption{margin:0;padding:10px 10px;color:#fff;text-align:center;font-size:18px;}.vls-gf-2601 figure .vls-gf-overlay .vls-gf-description{margin:0 0 10px 0;padding:2px 10px;color:#fff;font-size:14px;text-align:center;}.vls-gf-2601 figure .vls-gf-overlay .vls-gf-caption em, .vls-gf-description em{font-style:normal;font-weight:600;}.vls-gf-2601 figure:hover .vls-gf-overlay{opacity:1;}<\/style><div class=\"vls-gf-container\"><figure class=\"vls-gf-2602 vls-gf-init vls-gf-lazy\" data-vls-gf-thumbnail-width=\"500\" data-vls-gf-thumbnail-height=\"288\"><a class=\"vls-gf-main\" href=\"https:\/\/krakbau.com.pl\/de\/hochbau\/frankreich\"><\/a><div class=\"vls-gf-img\"><img data-src=\"https:\/\/krakbau.com.pl\/wp-content\/gf-uploads\/2017\/09\/preview-m\/ST-EXUPERY-ILOT-C-0.jpg?t=1601631461\"><\/div><div class=\"vls-gf-overlay\"><h2 class=\"vls-gf-caption\">Frankreich<\/h2><div class=\"vls-gf-description\"><\/div><\/div><\/figure><figure class=\"vls-gf-2639 vls-gf-init vls-gf-lazy\" data-vls-gf-thumbnail-width=\"500\" data-vls-gf-thumbnail-height=\"375\"><a class=\"vls-gf-main\" href=\"https:\/\/krakbau.com.pl\/de\/hochbau\/deutschland\"><\/a><div class=\"vls-gf-img\"><img data-src=\"https:\/\/krakbau.com.pl\/wp-content\/gf-uploads\/2017\/09\/preview-m\/Bud.-biurowy-dla-telewizji-ZDF-0.jpg?t=1601631471\"><\/div><div class=\"vls-gf-overlay\"><h2 class=\"vls-gf-caption\">Deutschland<\/h2><div class=\"vls-gf-description\"><\/div><\/div><\/figure><figure class=\"vls-gf-2642 vls-gf-init vls-gf-lazy\" data-vls-gf-thumbnail-width=\"375\" data-vls-gf-thumbnail-height=\"500\"><a class=\"vls-gf-main\" href=\"https:\/\/krakbau.com.pl\/de\/hochbau\/metrostationen-odenplan-i-vanadisvagen-stockholm-schweden\"><\/a><div class=\"vls-gf-img\"><img data-src=\"https:\/\/krakbau.com.pl\/wp-content\/gf-uploads\/2017\/09\/preview-m\/Odenplan-59-1-0.jpg?t=1601631510\"><\/div><div class=\"vls-gf-overlay\"><h2 class=\"vls-gf-caption\">METROSTATIONEN ODENPLAN I VANADISV\u00c4GEN, Stockholm, Schweden<\/h2><div class=\"vls-gf-description\">Auftraggeber: BILFINGER BERGER ODENPLAN AB<\/div><\/div><\/figure><figure class=\"vls-gf-2946 vls-gf-init vls-gf-lazy\" data-vls-gf-thumbnail-width=\"338\" data-vls-gf-thumbnail-height=\"600\"><a class=\"vls-gf-main\" href=\"https:\/\/krakbau.com.pl\/de\/hochbau\/polen\"><\/a><div class=\"vls-gf-img\"><img data-src=\"https:\/\/krakbau.com.pl\/wp-content\/gf-uploads\/2017\/09\/preview-m\/Polonijna-7-1-0.jpg?t=1504532614\"><\/div><div class=\"vls-gf-overlay\"><h2 class=\"vls-gf-caption\">Polen<\/h2><div class=\"vls-gf-description\"><\/div><\/div><\/figure><\/div><\/div>\n","protected":false},"excerpt":{"rendered":"<p>Hochbau Krakbau Sp\u00f3\u0142ka Akcyjna errichtet in Polen als Generalunternehmen schl\u00fcsselfertige Bank-, B\u00fcro-, Krankenhaus-, Hotel-, Schulobjekte und andere \u00f6ffentliche Einrichtungen. In Deutschland und in Frankreich haben wir Rohbauarbeiten (Stahlbetonkonstruktionen) als Subunternehmer von lokalen Bauunternehmen ausgef\u00fchrt.<\/p>\n","protected":false},"author":1,"featured_media":0,"parent":0,"menu_order":0,"comment_status":"closed","ping_status":"closed","template":"template-1.php","meta":[],"yoast_head":"<!-- This site is optimized with the Yoast SEO plugin v18.4.1 - https:\/\/yoast.com\/wordpress\/plugins\/seo\/ -->\n<title>Hochbau - Krakbau S.A.<\/title>\n<meta name=\"robots\" content=\"index, follow, max-snippet:-1, max-image-preview:large, max-video-preview:-1\" \/>\n<link rel=\"canonical\" href=\"https:\/\/krakbau.com.pl\/de\/hochbau\/\" \/>\n<meta property=\"og:locale\" content=\"de_DE\" \/>\n<meta property=\"og:type\" content=\"article\" \/>\n<meta property=\"og:title\" content=\"Hochbau - Krakbau S.A.\" \/>\n<meta property=\"og:description\" content=\"Hochbau Krakbau Sp\u00f3\u0142ka Akcyjna errichtet in Polen als Generalunternehmen schl\u00fcsselfertige Bank-, B\u00fcro-, Krankenhaus-, Hotel-, Schulobjekte und andere \u00f6ffentliche Einrichtungen. In Deutschland und in Frankreich haben wir Rohbauarbeiten (Stahlbetonkonstruktionen) als Subunternehmer von lokalen Bauunternehmen ausgef\u00fchrt.\" \/>\n<meta property=\"og:url\" content=\"https:\/\/krakbau.com.pl\/de\/hochbau\/\" \/>\n<meta property=\"og:site_name\" content=\"Krakbau S.A.\" \/>\n<meta property=\"article:modified_time\" content=\"2017-09-04T12:51:14+00:00\" \/>\n<meta name=\"twitter:card\" content=\"summary\" \/>\n<script type=\"application\/ld+json\" class=\"yoast-schema-graph\">{\"@context\":\"https:\/\/schema.org\",\"@graph\":[{\"@type\":\"WebSite\",\"@id\":\"https:\/\/krakbau.com.pl\/#website\",\"url\":\"https:\/\/krakbau.com.pl\/\",\"name\":\"Krakbau S.A.\",\"description\":\"\",\"potentialAction\":[{\"@type\":\"SearchAction\",\"target\":{\"@type\":\"EntryPoint\",\"urlTemplate\":\"https:\/\/krakbau.com.pl\/?s={search_term_string}\"},\"query-input\":\"required name=search_term_string\"}],\"inLanguage\":\"de\"},{\"@type\":\"WebPage\",\"@id\":\"https:\/\/krakbau.com.pl\/de\/hochbau\/#webpage\",\"url\":\"https:\/\/krakbau.com.pl\/de\/hochbau\/\",\"name\":\"Hochbau - Krakbau S.A.\",\"isPartOf\":{\"@id\":\"https:\/\/krakbau.com.pl\/#website\"},\"datePublished\":\"2017-08-28T10:21:12+00:00\",\"dateModified\":\"2017-09-04T12:51:14+00:00\",\"breadcrumb\":{\"@id\":\"https:\/\/krakbau.com.pl\/de\/hochbau\/#breadcrumb\"},\"inLanguage\":\"de\",\"potentialAction\":[{\"@type\":\"ReadAction\",\"target\":[\"https:\/\/krakbau.com.pl\/de\/hochbau\/\"]}]},{\"@type\":\"BreadcrumbList\",\"@id\":\"https:\/\/krakbau.com.pl\/de\/hochbau\/#breadcrumb\",\"itemListElement\":[{\"@type\":\"ListItem\",\"position\":1,\"name\":\"Home\",\"item\":\"https:\/\/krakbau.com.pl\/de\/\"},{\"@type\":\"ListItem\",\"position\":2,\"name\":\"Hochbau\"}]}]}<\/script>\n<!-- \/ Yoast SEO plugin. -->","yoast_head_json":{"title":"Hochbau - Krakbau S.A.","robots":{"index":"index","follow":"follow","max-snippet":"max-snippet:-1","max-image-preview":"max-image-preview:large","max-video-preview":"max-video-preview:-1"},"canonical":"https:\/\/krakbau.com.pl\/de\/hochbau\/","og_locale":"de_DE","og_type":"article","og_title":"Hochbau - Krakbau S.A.","og_description":"Hochbau Krakbau Sp\u00f3\u0142ka Akcyjna errichtet in Polen als Generalunternehmen schl\u00fcsselfertige Bank-, B\u00fcro-, Krankenhaus-, Hotel-, Schulobjekte und andere \u00f6ffentliche Einrichtungen. In Deutschland und in Frankreich haben wir Rohbauarbeiten (Stahlbetonkonstruktionen) als Subunternehmer von lokalen Bauunternehmen ausgef\u00fchrt.","og_url":"https:\/\/krakbau.com.pl\/de\/hochbau\/","og_site_name":"Krakbau S.A.","article_modified_time":"2017-09-04T12:51:14+00:00","twitter_card":"summary","schema":{"@context":"https:\/\/schema.org","@graph":[{"@type":"WebSite","@id":"https:\/\/krakbau.com.pl\/#website","url":"https:\/\/krakbau.com.pl\/","name":"Krakbau S.A.","description":"","potentialAction":[{"@type":"SearchAction","target":{"@type":"EntryPoint","urlTemplate":"https:\/\/krakbau.com.pl\/?s={search_term_string}"},"query-input":"required name=search_term_string"}],"inLanguage":"de"},{"@type":"WebPage","@id":"https:\/\/krakbau.com.pl\/de\/hochbau\/#webpage","url":"https:\/\/krakbau.com.pl\/de\/hochbau\/","name":"Hochbau - Krakbau S.A.","isPartOf":{"@id":"https:\/\/krakbau.com.pl\/#website"},"datePublished":"2017-08-28T10:21:12+00:00","dateModified":"2017-09-04T12:51:14+00:00","breadcrumb":{"@id":"https:\/\/krakbau.com.pl\/de\/hochbau\/#breadcrumb"},"inLanguage":"de","potentialAction":[{"@type":"ReadAction","target":["https:\/\/krakbau.com.pl\/de\/hochbau\/"]}]},{"@type":"BreadcrumbList","@id":"https:\/\/krakbau.com.pl\/de\/hochbau\/#breadcrumb","itemListElement":[{"@type":"ListItem","position":1,"name":"Home","item":"https:\/\/krakbau.com.pl\/de\/"},{"@type":"ListItem","position":2,"name":"Hochbau"}]}]}},"_links":{"self":[{"href":"https:\/\/krakbau.com.pl\/de\/wp-json\/wp\/v2\/pages\/1336"}],"collection":[{"href":"https:\/\/krakbau.com.pl\/de\/wp-json\/wp\/v2\/pages"}],"about":[{"href":"https:\/\/krakbau.com.pl\/de\/wp-json\/wp\/v2\/types\/page"}],"author":[{"embeddable":true,"href":"https:\/\/krakbau.com.pl\/de\/wp-json\/wp\/v2\/users\/1"}],"replies":[{"embeddable":true,"href":"https:\/\/krakbau.com.pl\/de\/wp-json\/wp\/v2\/comments?post=1336"}],"version-history":[{"count":2,"href":"https:\/\/krakbau.com.pl\/de\/wp-json\/wp\/v2\/pages\/1336\/revisions"}],"predecessor-version":[{"id":1435,"href":"https:\/\/krakbau.com.pl\/de\/wp-json\/wp\/v2\/pages\/1336\/revisions\/1435"}],"wp:attachment":[{"href":"https:\/\/krakbau.com.pl\/de\/wp-json\/wp\/v2\/media?parent=1336"}],"curies":[{"name":"wp","href":"https:\/\/api.w.org\/{rel}","templated":true}]}}