{"id":1334,"date":"2017-08-28T12:18:32","date_gmt":"2017-08-28T10:18:32","guid":{"rendered":"http:\/\/krakbau.com.pl\/?page_id=1334\/"},"modified":"2017-09-12T15:15:26","modified_gmt":"2017-09-12T13:15:26","slug":"karte-fertiger-projekte","status":"publish","type":"page","link":"https:\/\/krakbau.com.pl\/de\/karte-fertiger-projekte\/","title":{"rendered":"Karte fertiger Projekte"},"content":{"rendered":"<div class=\"map-level\">\n<div class=\"container\">\n<h1 class=\"title1\">Karte fertiger Projekte<\/h1>\n<p>Legende:<\/p>\n<div class=\"row\">\n<div class=\"col-sm-6 col-md-3 col-lg-2\">\n<div class=\"map-l l1\">\nWassers und Br\u00fcckenbau\n<\/div>\n<\/div>\n<div class=\"col-sm-6 col-md-3 col-lg-2\">\n<div class=\"map-l l2\">\nHochbau\n<\/div>\n<\/div>\n<div class=\"col-sm-6 col-md-3 col-lg-2\">\n<div class=\"map-l l3\">\nTunnelbau und Bergbau\n<\/div>\n<\/div>\n<div class=\"col-sm-6 col-md-3 col-lg-2\">\n<div class=\"map-l l4\">\nGer\u00fcstbau\n<\/div>\n<\/div>\n<div class=\"col-sm-6 col-md-3 col-lg-2\">\n<div class=\"map-l l5\">\nElektroarbeiten\n<\/div>\n<\/div>\n<div class=\"col-sm-6 col-md-3 col-lg-2\">\n<div class=\"map-l l6\">\nkonservatorische Arbeiten\n<\/div>\n<\/div>\n<\/div>\n<\/div>\n<\/div>\n<div id=\"unique_iwm_0\"><div class='iwm_map_canvas'><div id='map_canvas_3' data-map-id='3'  class='i_world_map ' class='iwm_map_canvas'><div class='iwm_placeholder'><img width='32px' alt='realizacje (de) Placeholder' title='realizacje (de)' src='https:\/\/krakbau.com.pl\/wp-content\/plugins\/interactive-world-maps\/imgs\/placeholder.png'><br>realizacje (de)<\/div><\/div><\/div><div id='imap3message' style='display:none;'>\n\t\t\t\t<div id=\"map_3_message_Stockholm\" style=\"display:block;\">\/de\/tunnelbau\/tunnel-vasa-schweden\/<\/div><div id=\"map_3_message_Malm\u00f6\" style=\"display:block;\">\/de\/tunnelbau\/tunnel-und-bahnhof-triangeln-schweden<\/div><div id=\"map_3_message_Copenhagen\" style=\"display:block;\">\/de\/tunnelbau\/heizungstunnel-und-schacht-amagervaerket-kopenhagen-danemark\/<\/div><div id=\"map_3_message_Nordhavn\" style=\"display:block;\">\/de\/tunnelbau\/tunnel-der-metrolinie-nordhavn-danemark\/<\/div><div id=\"map_3_message_Betzdorf\" style=\"display:block;\">\/de\/tunnelbau\/tunnel-siegkreisel-betzdorf-deutschland\/<\/div><div id=\"map_3_message_N\u00fcrnberg\" style=\"display:block;\">\/de\/tunnelbau\/bau-eines-neuen-streckenabschnitts-der-metroline-u3-nurnberg-deutschland\/<\/div><div id=\"map_3_message_BadStaffelsstein\" style=\"display:block;\">\/de\/tunnelbau\/tunnel-kulch-bad-staffelsstein-deutschland\/<\/div><div id=\"map_3_message_Schluchtern\" style=\"display:block;\">\/de\/tunnelbau\/tunnel-schluchtern-schluchtern-deutschland\/<\/div><div id=\"map_3_message_Stuttgart\" style=\"display:block;\">\/de\/tunnelbau\/tunnel-bad-cannstatt-s-21-stuttgart-deutschland\/<\/div><div id=\"map_3_message_FrankfurtKolonia\" style=\"display:block;\">\/de\/tunnelbau\/tunnel-sigauer-frankfurt-koln-deutschland\/<\/div><div id=\"map_3_message_N\u00fcrnbergIngolstadt\" style=\"display:block;\">\/de\/tunnelbau\/tunnel-euerwang-nurnberg-ingolstadt-deutschland\/<\/div><div id=\"map_3_message_Konigshain\" style=\"display:block;\">\/de\/tunnelbau\/tunnel-konigshainer-berge-deutschland\/<\/div><div id=\"map_3_message_Eisenach\" style=\"display:block;\">\/de\/tunnelbau\/tunnel-rennsteig-deutschland\/<\/div><div id=\"map_3_message_HessischLichtenau\" style=\"display:block;\">\/de\/tunnelbau\/tunnel-walberg-hopfenberg-hessisch-lichtenau-deutschland\/<\/div><div id=\"map_3_message_Akwizgran\" style=\"display:block;\">\/de\/tunnelbau\/tunnel-bad-cannstatt-s-21-stuttgart-deutschland\/<\/div><div id=\"map_3_message_Ulm\" style=\"display:block;\">\/de\/tunnelbau\/tunnel-albabstieg-ulm-deutschland\/<\/div><div id=\"map_3_message_Bottrop\" style=\"display:block;\">\/de\/bergbau\/bergwerk-prosper-haniel-bottrop-deutschland\/<\/div><div id=\"map_3_message_Hamm\" style=\"display:block;\">\/de\/bergbau\/bergwerk-ost-hamm-deutschland\/<\/div><div id=\"map_3_message_Vianden\" style=\"display:block;\">\/de\/tunnelbau\/vianden-luxemburg\/<\/div><div id=\"map_3_message_Umea\" style=\"display:block;\">\/de\/wasser-und-brueckenbau\/vorschubgeruste-fur-bruckenbau-umea-schweden\/<\/div><div id=\"map_3_message_Wroclaw\" style=\"display:block;\">\/de\/wasser-und-brueckenbau\/autobahnbrucke-an-der-linksseitigen-umgehungsstrasse-von-wroclaw-wroclaw\/<\/div><div id=\"map_3_message_Wismar\" style=\"display:block;\">\/de\/wasser-und-brueckenbau\/vorschubgeruste-fur-die-brucke-muhlenbach-wismar-damelov-deutschland\/<\/div><div id=\"map_3_message_Krautheim\" style=\"display:block;\">\/de\/wasser-und-brueckenbau\/vorschubgeruste-fur-den-bruckenbau-scherkondetalbrucke-krautheim-deutschland\/<\/div><div id=\"map_3_message_Halle\" style=\"display:block;\">\/de\/wasser-und-brueckenbau\/bau-eines-eisenbahnabschnitts-an-der-strecke-erfurt-halle-hallesaale-deutschland\/<\/div><div id=\"map_3_message_Dilenburg\" style=\"display:block;\">\/de\/wasser-und-brueckenbau\/bruckenarbeiten-an-der-a-45-lutzelbachtalbrucke-dillenburg-deutschland\/<\/div><div id=\"map_3_message_Limburg\" style=\"display:block;\">\/de\/wasser-und-brueckenbau\/a3-lahntalbrucke-limburg-deutschland\/<\/div><div id=\"map_3_message_Cuxhaven\" style=\"display:block;\">\/de\/wasser-und-brueckenbau\/brucke-bw14-oberhausen-deutschland\/<\/div><div id=\"map_3_message_Oberhausen\" style=\"display:block;\">\/de\/wasser-und-brueckenbau\/brucke-bw13-oberhausen-deutschland\/<\/div><div id=\"map_3_message_IdarOberstein\" style=\"display:block;\">\/de\/wasser-und-brueckenbau\/talbrucke-dickesbach-idar-oberstein-deutschland\/<\/div><div id=\"map_3_message_Rodenkirchen\" style=\"display:block;\">\/de\/wasser-und-brueckenbau\/brucke-uber-rhein-rheinbrucke-koln-rodenkirchen-deutschland\/<\/div><div id=\"map_3_message_Modena\" style=\"display:block;\">\/de\/wasser-und-brueckenbau\/vorschubgeruste-fur-die-eisenbahnbrucke-modena-italien\/<\/div><div id=\"map_3_message_Belgrad\" style=\"display:block;\">\/de\/wasser-und-brueckenbau\/serbien\/<\/div><div id=\"map_3_message_Cracow\" style=\"display:block;\">\/de\/hochbau\/polen\/conference-centre-faculty-of-medicine-krakow-ul-sw-lazarza-16\/<\/div><div id=\"map_3_message_\u015awierad\u00f3wZdr\u00f3j\" style=\"display:block;\">\/de\/hochbau\/polen\/gondolowa-schiene\/<\/div><div id=\"map_3_message_Bednary\" style=\"display:block;\">\/de\/hochbau\/polen\/andere\/<\/div><div id=\"map_3_message_Tuluza\" style=\"display:block;\">\/de\/hochbau\/frankreich\/<\/div><div id=\"map_3_message_Montpellier\" style=\"display:block;\">\/de\/hochbau\/frankreich\/<\/div><div id=\"map_3_message_CastanetTolosan\" style=\"display:block;\">\/de\/hochbau\/frankreich\/<\/div><div id=\"map_3_message_Pamiers\" style=\"display:block;\">\/de\/hochbau\/frankreich\/<\/div><div id=\"map_3_message_ParkdeLisieux\" style=\"display:block;\">\/de\/hochbau\/frankreich\/<\/div><div id=\"map_3_message_Sete\" style=\"display:block;\">\/de\/hochbau\/frankreich\/<\/div><div id=\"map_3_message_Gramat\" style=\"display:block;\">\/de\/hochbau\/frankreich\/<\/div><div id=\"map_3_message_SaintEmilion\" style=\"display:block;\">\/de\/hochbau\/frankreich\/<\/div><div id=\"map_3_message_Orleans\" style=\"display:block;\">\/de\/hochbau\/frankreich\/<\/div><div id=\"map_3_message_FontRomeu\" style=\"display:block;\">\/de\/hochbau\/frankreich\/<\/div><div id=\"map_3_message_LeCr\u00e8s\" style=\"display:block;\">\/de\/hochbau\/frankreich\/<\/div><div id=\"map_3_message_LeParkdelaMaurine\" style=\"display:block;\">\/de\/hochbau\/frankreich\/<\/div><div id=\"map_3_message_Ramonville\" style=\"display:block;\">\/de\/hochbau\/frankreich\/<\/div><div id=\"map_3_message_Beauzelle\" style=\"display:block;\">\/de\/hochbau\/frankreich\/<\/div><div id=\"map_3_message_Munich\" style=\"display:block;\">\/de\/hochbau\/deutschland\/<\/div><div id=\"map_3_message_Mainz\" style=\"display:block;\">\/de\/hochbau\/deutschland\/<\/div><div id=\"map_3_message_Kartagena\" style=\"display:block;\"><\/div><div id=\"map_3_message_Tarragona\" style=\"display:block;\">\/de\/industriegeruestbau\/spanien\/raffinerie-tarragona\/<\/div><div id=\"map_3_message_Bilbao\" style=\"display:block;\">\/de\/industriegeruestbau\/spanien\/wohnhaus-bilbao\/<\/div><div id=\"map_3_message_NeurathGermany\" style=\"display:block;\">\/de\/industriegeruestbau\/deutschland\/braunkohlekraftwerk-neurath\/<\/div><div id=\"map_3_message_Mannheim\" style=\"display:block;\">\/de\/industriegeruestbau\/deutschland\/raffinerie-mannheim\/<\/div><div id=\"map_3_message_Godorf\" style=\"display:block;\">\/de\/industriegeruestbau\/deutschland\/shell-godorf\/<\/div><div id=\"map_3_message_Rotterdam\" style=\"display:block;\">\/de\/industriegeruestbau\/niederlande\/kraftwerk-maasvlakte\/<\/div><div id=\"map_3_message_Eemshaven\" style=\"display:block;\">\/de\/industriegeruestbau\/niederlande\/kraftwerk-eemshaven\/<\/div><div id=\"map_3_message_Dusseldorf\" style=\"display:block;\">\/de\/elektroarbeiten\/flughafen-dusseldorf-projekt-airport-2000-plus-deutschland\/<\/div><div id=\"map_3_message_Monchengladbach\" style=\"display:block;\">\/de\/elektroarbeiten\/stadion-borussia-monchengladbach-deutschland\/<\/div><div id=\"map_3_message_BuhlVimbuch\" style=\"display:block;\">\/de\/konservatorische-arbeiten\/katholische-st-johannes-kirche-buhl-vimbuch-deutschland\/<\/div><div id=\"map_3_message_Frankfurt\" style=\"display:block;\">\/de\/industriegeruestbau\/deutschland\/<\/div><div id=\"map_3_message_Bergheim\" style=\"display:block;\">\/de\/industriegeruestbau\/deutschland\/kraftwerk-niederaussem\/<\/div><div id=\"map_3_message_Albstadt\" style=\"display:block;\"><\/div><div id=\"map_3_message_L\u00fcdenscheid\" style=\"display:block;\"><\/div><div id=\"map_3_message_SanktGoarshausen\" style=\"display:block;\"><\/div><div id=\"map_3_message_Esbjerg\" style=\"display:block;\">\/de\/wasser-und-brueckenbau\/esbjerg-hafen-esbjerg-danemark<\/div><div id=\"map_3_message_Stathelle\" style=\"display:block;\">\/de\/wasser-und-brueckenbau\/vorschubrustung-stathelle-norwegen<\/div><div id=\"map_3_message_Blessberg\" style=\"display:block;\">\/de\/tunnelbau\/schachtgraben-blessberg-deutschland<\/div><div id=\"map_3_message_Trimberg\" style=\"display:block;\">\/de\/tunnelbau\/tunnelarbeiten-trimberg-deutschland\/<\/div><div id=\"map_3_message_KalteicheHaiger\" style=\"display:block;\">\/de\/wasser-und-brueckenbau\/talbrucke-kalteiche-haiger-deutschland\/<\/div>\n\t\t\t\t<\/div><\/div>\n","protected":false},"excerpt":{"rendered":"<p>Karte fertiger Projekte Legende: Wassers und Br\u00fcckenbau Hochbau Tunnelbau und Bergbau Ger\u00fcstbau Elektroarbeiten konservatorische Arbeiten<\/p>\n","protected":false},"author":1,"featured_media":0,"parent":0,"menu_order":0,"comment_status":"closed","ping_status":"closed","template":"template-0.php","meta":[],"yoast_head":"<!-- This site is optimized with the Yoast SEO plugin v18.4.1 - https:\/\/yoast.com\/wordpress\/plugins\/seo\/ -->\n<title>Karte fertiger Projekte - Krakbau S.A.<\/title>\n<meta name=\"robots\" content=\"index, follow, max-snippet:-1, max-image-preview:large, max-video-preview:-1\" \/>\n<link rel=\"canonical\" href=\"https:\/\/krakbau.com.pl\/de\/karte-fertiger-projekte\/\" \/>\n<meta property=\"og:locale\" content=\"de_DE\" \/>\n<meta property=\"og:type\" content=\"article\" \/>\n<meta property=\"og:title\" content=\"Karte fertiger Projekte - Krakbau S.A.\" \/>\n<meta property=\"og:description\" content=\"Karte fertiger Projekte Legende: Wassers und Br\u00fcckenbau Hochbau Tunnelbau und Bergbau Ger\u00fcstbau Elektroarbeiten konservatorische Arbeiten\" \/>\n<meta property=\"og:url\" content=\"https:\/\/krakbau.com.pl\/de\/karte-fertiger-projekte\/\" \/>\n<meta property=\"og:site_name\" content=\"Krakbau S.A.\" \/>\n<meta property=\"article:modified_time\" content=\"2017-09-12T13:15:26+00:00\" \/>\n<meta name=\"twitter:card\" content=\"summary\" \/>\n<script type=\"application\/ld+json\" class=\"yoast-schema-graph\">{\"@context\":\"https:\/\/schema.org\",\"@graph\":[{\"@type\":\"WebSite\",\"@id\":\"https:\/\/krakbau.com.pl\/#website\",\"url\":\"https:\/\/krakbau.com.pl\/\",\"name\":\"Krakbau S.A.\",\"description\":\"\",\"potentialAction\":[{\"@type\":\"SearchAction\",\"target\":{\"@type\":\"EntryPoint\",\"urlTemplate\":\"https:\/\/krakbau.com.pl\/?s={search_term_string}\"},\"query-input\":\"required name=search_term_string\"}],\"inLanguage\":\"de\"},{\"@type\":\"WebPage\",\"@id\":\"https:\/\/krakbau.com.pl\/de\/karte-fertiger-projekte\/#webpage\",\"url\":\"https:\/\/krakbau.com.pl\/de\/karte-fertiger-projekte\/\",\"name\":\"Karte fertiger Projekte - Krakbau S.A.\",\"isPartOf\":{\"@id\":\"https:\/\/krakbau.com.pl\/#website\"},\"datePublished\":\"2017-08-28T10:18:32+00:00\",\"dateModified\":\"2017-09-12T13:15:26+00:00\",\"breadcrumb\":{\"@id\":\"https:\/\/krakbau.com.pl\/de\/karte-fertiger-projekte\/#breadcrumb\"},\"inLanguage\":\"de\",\"potentialAction\":[{\"@type\":\"ReadAction\",\"target\":[\"https:\/\/krakbau.com.pl\/de\/karte-fertiger-projekte\/\"]}]},{\"@type\":\"BreadcrumbList\",\"@id\":\"https:\/\/krakbau.com.pl\/de\/karte-fertiger-projekte\/#breadcrumb\",\"itemListElement\":[{\"@type\":\"ListItem\",\"position\":1,\"name\":\"Home\",\"item\":\"https:\/\/krakbau.com.pl\/de\/\"},{\"@type\":\"ListItem\",\"position\":2,\"name\":\"Karte fertiger Projekte\"}]}]}<\/script>\n<!-- \/ Yoast SEO plugin. -->","yoast_head_json":{"title":"Karte fertiger Projekte - Krakbau S.A.","robots":{"index":"index","follow":"follow","max-snippet":"max-snippet:-1","max-image-preview":"max-image-preview:large","max-video-preview":"max-video-preview:-1"},"canonical":"https:\/\/krakbau.com.pl\/de\/karte-fertiger-projekte\/","og_locale":"de_DE","og_type":"article","og_title":"Karte fertiger Projekte - Krakbau S.A.","og_description":"Karte fertiger Projekte Legende: Wassers und Br\u00fcckenbau Hochbau Tunnelbau und Bergbau Ger\u00fcstbau Elektroarbeiten konservatorische Arbeiten","og_url":"https:\/\/krakbau.com.pl\/de\/karte-fertiger-projekte\/","og_site_name":"Krakbau S.A.","article_modified_time":"2017-09-12T13:15:26+00:00","twitter_card":"summary","schema":{"@context":"https:\/\/schema.org","@graph":[{"@type":"WebSite","@id":"https:\/\/krakbau.com.pl\/#website","url":"https:\/\/krakbau.com.pl\/","name":"Krakbau S.A.","description":"","potentialAction":[{"@type":"SearchAction","target":{"@type":"EntryPoint","urlTemplate":"https:\/\/krakbau.com.pl\/?s={search_term_string}"},"query-input":"required name=search_term_string"}],"inLanguage":"de"},{"@type":"WebPage","@id":"https:\/\/krakbau.com.pl\/de\/karte-fertiger-projekte\/#webpage","url":"https:\/\/krakbau.com.pl\/de\/karte-fertiger-projekte\/","name":"Karte fertiger Projekte - Krakbau S.A.","isPartOf":{"@id":"https:\/\/krakbau.com.pl\/#website"},"datePublished":"2017-08-28T10:18:32+00:00","dateModified":"2017-09-12T13:15:26+00:00","breadcrumb":{"@id":"https:\/\/krakbau.com.pl\/de\/karte-fertiger-projekte\/#breadcrumb"},"inLanguage":"de","potentialAction":[{"@type":"ReadAction","target":["https:\/\/krakbau.com.pl\/de\/karte-fertiger-projekte\/"]}]},{"@type":"BreadcrumbList","@id":"https:\/\/krakbau.com.pl\/de\/karte-fertiger-projekte\/#breadcrumb","itemListElement":[{"@type":"ListItem","position":1,"name":"Home","item":"https:\/\/krakbau.com.pl\/de\/"},{"@type":"ListItem","position":2,"name":"Karte fertiger Projekte"}]}]}},"_links":{"self":[{"href":"https:\/\/krakbau.com.pl\/de\/wp-json\/wp\/v2\/pages\/1334"}],"collection":[{"href":"https:\/\/krakbau.com.pl\/de\/wp-json\/wp\/v2\/pages"}],"about":[{"href":"https:\/\/krakbau.com.pl\/de\/wp-json\/wp\/v2\/types\/page"}],"author":[{"embeddable":true,"href":"https:\/\/krakbau.com.pl\/de\/wp-json\/wp\/v2\/users\/1"}],"replies":[{"embeddable":true,"href":"https:\/\/krakbau.com.pl\/de\/wp-json\/wp\/v2\/comments?post=1334"}],"version-history":[{"count":2,"href":"https:\/\/krakbau.com.pl\/de\/wp-json\/wp\/v2\/pages\/1334\/revisions"}],"predecessor-version":[{"id":1453,"href":"https:\/\/krakbau.com.pl\/de\/wp-json\/wp\/v2\/pages\/1334\/revisions\/1453"}],"wp:attachment":[{"href":"https:\/\/krakbau.com.pl\/de\/wp-json\/wp\/v2\/media?parent=1334"}],"curies":[{"name":"wp","href":"https:\/\/api.w.org\/{rel}","templated":true}]}}