{"id":1332,"date":"2017-08-28T11:59:22","date_gmt":"2017-08-28T09:59:22","guid":{"rendered":"http:\/\/krakbau.com.pl\/?page_id=1332\/"},"modified":"2019-10-25T08:42:37","modified_gmt":"2019-10-25T06:42:37","slug":"praesentationen","status":"publish","type":"page","link":"https:\/\/krakbau.com.pl\/de\/praesentationen\/","title":{"rendered":"Pr\u00e4sentationen"},"content":{"rendered":"<h1 class=\"title1\">Pr\u00e4sentationen<\/h1>\n<h2 class=\"tp2\">Werbefilm<\/h2>\n<div class=\"film\">\n<div class=\"embed-responsive embed-responsive-16by9\">\n  <iframe class=\"embed-responsive-item\" src=\"https:\/\/www.youtube.com\/embed\/yCfnKYk7-Dw?rel=0\" frameborder=\"0\" allowfullscreen><\/iframe>\n<\/div>\n<\/div>\n<h2 class=\"tp2\">Krakbau auf europ\u00e4ischen M\u00e4rkten<\/h2>\n<div class=\"film\">\n<div class=\"embed-responsive embed-responsive-16by9\">\n  <iframe class=\"embed-responsive-item\" src=\"https:\/\/www.youtube.com\/embed\/ojO3OxK5zis?rel=0\" frameborder=\"0\" allowfullscreen><\/iframe>\n<\/div>\n<\/div>\n<div class=\"film\">\n<div class=\"embed-responsive embed-responsive-16by9\">\n  <iframe class=\"embed-responsive-item\" src=\"https:\/\/www.youtube.com\/embed\/Ob05WlFF4Qo?rel=0\" frameborder=\"0\" allowfullscreen><\/iframe>\n<\/div>\n","protected":false},"excerpt":{"rendered":"<p>Pr\u00e4sentationen Werbefilm Krakbau auf europ\u00e4ischen M\u00e4rkten<\/p>\n","protected":false},"author":1,"featured_media":0,"parent":0,"menu_order":0,"comment_status":"closed","ping_status":"closed","template":"template-1.php","meta":[],"yoast_head":"<!-- This site is optimized with the Yoast SEO plugin v18.4.1 - https:\/\/yoast.com\/wordpress\/plugins\/seo\/ -->\n<title>Pr\u00e4sentationen - Krakbau S.A.<\/title>\n<meta name=\"robots\" content=\"index, follow, max-snippet:-1, max-image-preview:large, max-video-preview:-1\" \/>\n<link rel=\"canonical\" href=\"https:\/\/krakbau.com.pl\/de\/praesentationen\/\" \/>\n<meta property=\"og:locale\" content=\"de_DE\" \/>\n<meta property=\"og:type\" content=\"article\" \/>\n<meta property=\"og:title\" content=\"Pr\u00e4sentationen - Krakbau S.A.\" \/>\n<meta property=\"og:description\" content=\"Pr\u00e4sentationen Werbefilm Krakbau auf europ\u00e4ischen M\u00e4rkten\" \/>\n<meta property=\"og:url\" content=\"https:\/\/krakbau.com.pl\/de\/praesentationen\/\" \/>\n<meta property=\"og:site_name\" content=\"Krakbau S.A.\" \/>\n<meta property=\"article:modified_time\" content=\"2019-10-25T06:42:37+00:00\" \/>\n<meta name=\"twitter:card\" content=\"summary\" \/>\n<script type=\"application\/ld+json\" class=\"yoast-schema-graph\">{\"@context\":\"https:\/\/schema.org\",\"@graph\":[{\"@type\":\"WebSite\",\"@id\":\"https:\/\/krakbau.com.pl\/#website\",\"url\":\"https:\/\/krakbau.com.pl\/\",\"name\":\"Krakbau S.A.\",\"description\":\"\",\"potentialAction\":[{\"@type\":\"SearchAction\",\"target\":{\"@type\":\"EntryPoint\",\"urlTemplate\":\"https:\/\/krakbau.com.pl\/?s={search_term_string}\"},\"query-input\":\"required name=search_term_string\"}],\"inLanguage\":\"de\"},{\"@type\":\"WebPage\",\"@id\":\"https:\/\/krakbau.com.pl\/de\/praesentationen\/#webpage\",\"url\":\"https:\/\/krakbau.com.pl\/de\/praesentationen\/\",\"name\":\"Pr\u00e4sentationen - Krakbau S.A.\",\"isPartOf\":{\"@id\":\"https:\/\/krakbau.com.pl\/#website\"},\"datePublished\":\"2017-08-28T09:59:22+00:00\",\"dateModified\":\"2019-10-25T06:42:37+00:00\",\"breadcrumb\":{\"@id\":\"https:\/\/krakbau.com.pl\/de\/praesentationen\/#breadcrumb\"},\"inLanguage\":\"de\",\"potentialAction\":[{\"@type\":\"ReadAction\",\"target\":[\"https:\/\/krakbau.com.pl\/de\/praesentationen\/\"]}]},{\"@type\":\"BreadcrumbList\",\"@id\":\"https:\/\/krakbau.com.pl\/de\/praesentationen\/#breadcrumb\",\"itemListElement\":[{\"@type\":\"ListItem\",\"position\":1,\"name\":\"Home\",\"item\":\"https:\/\/krakbau.com.pl\/de\/\"},{\"@type\":\"ListItem\",\"position\":2,\"name\":\"Pr\u00e4sentationen\"}]}]}<\/script>\n<!-- \/ Yoast SEO plugin. -->","yoast_head_json":{"title":"Pr\u00e4sentationen - Krakbau S.A.","robots":{"index":"index","follow":"follow","max-snippet":"max-snippet:-1","max-image-preview":"max-image-preview:large","max-video-preview":"max-video-preview:-1"},"canonical":"https:\/\/krakbau.com.pl\/de\/praesentationen\/","og_locale":"de_DE","og_type":"article","og_title":"Pr\u00e4sentationen - Krakbau S.A.","og_description":"Pr\u00e4sentationen Werbefilm Krakbau auf europ\u00e4ischen M\u00e4rkten","og_url":"https:\/\/krakbau.com.pl\/de\/praesentationen\/","og_site_name":"Krakbau S.A.","article_modified_time":"2019-10-25T06:42:37+00:00","twitter_card":"summary","schema":{"@context":"https:\/\/schema.org","@graph":[{"@type":"WebSite","@id":"https:\/\/krakbau.com.pl\/#website","url":"https:\/\/krakbau.com.pl\/","name":"Krakbau S.A.","description":"","potentialAction":[{"@type":"SearchAction","target":{"@type":"EntryPoint","urlTemplate":"https:\/\/krakbau.com.pl\/?s={search_term_string}"},"query-input":"required name=search_term_string"}],"inLanguage":"de"},{"@type":"WebPage","@id":"https:\/\/krakbau.com.pl\/de\/praesentationen\/#webpage","url":"https:\/\/krakbau.com.pl\/de\/praesentationen\/","name":"Pr\u00e4sentationen - Krakbau S.A.","isPartOf":{"@id":"https:\/\/krakbau.com.pl\/#website"},"datePublished":"2017-08-28T09:59:22+00:00","dateModified":"2019-10-25T06:42:37+00:00","breadcrumb":{"@id":"https:\/\/krakbau.com.pl\/de\/praesentationen\/#breadcrumb"},"inLanguage":"de","potentialAction":[{"@type":"ReadAction","target":["https:\/\/krakbau.com.pl\/de\/praesentationen\/"]}]},{"@type":"BreadcrumbList","@id":"https:\/\/krakbau.com.pl\/de\/praesentationen\/#breadcrumb","itemListElement":[{"@type":"ListItem","position":1,"name":"Home","item":"https:\/\/krakbau.com.pl\/de\/"},{"@type":"ListItem","position":2,"name":"Pr\u00e4sentationen"}]}]}},"_links":{"self":[{"href":"https:\/\/krakbau.com.pl\/de\/wp-json\/wp\/v2\/pages\/1332"}],"collection":[{"href":"https:\/\/krakbau.com.pl\/de\/wp-json\/wp\/v2\/pages"}],"about":[{"href":"https:\/\/krakbau.com.pl\/de\/wp-json\/wp\/v2\/types\/page"}],"author":[{"embeddable":true,"href":"https:\/\/krakbau.com.pl\/de\/wp-json\/wp\/v2\/users\/1"}],"replies":[{"embeddable":true,"href":"https:\/\/krakbau.com.pl\/de\/wp-json\/wp\/v2\/comments?post=1332"}],"version-history":[{"count":2,"href":"https:\/\/krakbau.com.pl\/de\/wp-json\/wp\/v2\/pages\/1332\/revisions"}],"predecessor-version":[{"id":1670,"href":"https:\/\/krakbau.com.pl\/de\/wp-json\/wp\/v2\/pages\/1332\/revisions\/1670"}],"wp:attachment":[{"href":"https:\/\/krakbau.com.pl\/de\/wp-json\/wp\/v2\/media?parent=1332"}],"curies":[{"name":"wp","href":"https:\/\/api.w.org\/{rel}","templated":true}]}}