{"id":1324,"date":"2017-08-28T11:45:01","date_gmt":"2017-08-28T09:45:01","guid":{"rendered":"http:\/\/krakbau.com.pl\/?page_id=1324\/"},"modified":"2017-08-28T15:40:57","modified_gmt":"2017-08-28T13:40:57","slug":"angebot","status":"publish","type":"page","link":"https:\/\/krakbau.com.pl\/de\/angebot\/","title":{"rendered":"Angebot"},"content":{"rendered":"<h1 class=\"title1\">Angebot<\/h1>\n<p>Krakbau Sp\u00f3\u0142ka Akcyjna ist ein Bauunternehmen, das in ihrem Portfolio sowohl Auftr\u00e4ge im Bereich Hochbau wie auch konservatorische Ma\u00dfnahmen, Elektroarbeiten und Bergbauauftr\u00e4ge hat. Auf  mehrj\u00e4hrigen Erfahrung aufbauend, konzentriert sich derzeit das Unternehmen auf:<\/p>\n<ul>\n<li><a href=\"\/de\/hochbau\/\">Hochbau<\/a>, <\/li>\n<li><a href=\"\/de\/tunnelbau\/\">Tunnelbau<\/a>,<\/li>\n<li><a href=\"\/de\/wasser-und-brueckenbau\/\">Wasser- und Br\u00fcckenbau<\/a>,<\/li>\n<li><a href=\"\/de\/industriegeruestbau\/\">Industrieger\u00fcstbau<\/a>,<\/li>\n<li><a href=\"\/de\/konservatorische-arbeiten\/\">konservatorischen Arbeiten<\/a>,<\/li>\n<li><a href=\"\/de\/bergbau\/\">Bergbau<\/a>,<\/li>\n<li><a href=\"\/de\/elektroarbeiten\/\">Elektroarbeiten<\/a>. <\/li>\n<\/ul>\n<p>Schauen  Sie sich bitte die Pr\u00e4sentation von <a href=\"\/de\/hochbau\/\">bisherigen<\/a> Leistungen und laufenden <a href=\"http:\/\/www.piaskowyzakatek.pl\/\" target=\"_blank\">Projekten<\/a> der Gesellschaft in Polen und in anderen L\u00e4ndern Europas an. <\/p>\n","protected":false},"excerpt":{"rendered":"<p>Angebot Krakbau Sp\u00f3\u0142ka Akcyjna ist ein Bauunternehmen, das in ihrem Portfolio sowohl Auftr\u00e4ge im Bereich Hochbau wie auch konservatorische Ma\u00dfnahmen, Elektroarbeiten und Bergbauauftr\u00e4ge hat. Auf mehrj\u00e4hrigen Erfahrung aufbauend, konzentriert sich derzeit das Unternehmen auf: Hochbau, Tunnelbau, Wasser- und Br\u00fcckenbau, Industrieger\u00fcstbau, &hellip; <a href=\"https:\/\/krakbau.com.pl\/de\/angebot\/\">Continued<\/a><\/p>\n","protected":false},"author":1,"featured_media":0,"parent":0,"menu_order":0,"comment_status":"closed","ping_status":"closed","template":"template-1.php","meta":[],"yoast_head":"<!-- This site is optimized with the Yoast SEO plugin v18.4.1 - https:\/\/yoast.com\/wordpress\/plugins\/seo\/ -->\n<title>Angebot - Krakbau S.A.<\/title>\n<meta name=\"robots\" content=\"index, follow, max-snippet:-1, max-image-preview:large, max-video-preview:-1\" \/>\n<link rel=\"canonical\" href=\"https:\/\/krakbau.com.pl\/de\/angebot\/\" \/>\n<meta property=\"og:locale\" content=\"de_DE\" \/>\n<meta property=\"og:type\" content=\"article\" \/>\n<meta property=\"og:title\" content=\"Angebot - Krakbau S.A.\" \/>\n<meta property=\"og:description\" content=\"Angebot Krakbau Sp\u00f3\u0142ka Akcyjna ist ein Bauunternehmen, das in ihrem Portfolio sowohl Auftr\u00e4ge im Bereich Hochbau wie auch konservatorische Ma\u00dfnahmen, Elektroarbeiten und Bergbauauftr\u00e4ge hat. Auf mehrj\u00e4hrigen Erfahrung aufbauend, konzentriert sich derzeit das Unternehmen auf: Hochbau, Tunnelbau, Wasser- und Br\u00fcckenbau, Industrieger\u00fcstbau, &hellip; Continued\" \/>\n<meta property=\"og:url\" content=\"https:\/\/krakbau.com.pl\/de\/angebot\/\" \/>\n<meta property=\"og:site_name\" content=\"Krakbau S.A.\" \/>\n<meta property=\"article:modified_time\" content=\"2017-08-28T13:40:57+00:00\" \/>\n<meta name=\"twitter:card\" content=\"summary\" \/>\n<script type=\"application\/ld+json\" class=\"yoast-schema-graph\">{\"@context\":\"https:\/\/schema.org\",\"@graph\":[{\"@type\":\"WebSite\",\"@id\":\"https:\/\/krakbau.com.pl\/#website\",\"url\":\"https:\/\/krakbau.com.pl\/\",\"name\":\"Krakbau S.A.\",\"description\":\"\",\"potentialAction\":[{\"@type\":\"SearchAction\",\"target\":{\"@type\":\"EntryPoint\",\"urlTemplate\":\"https:\/\/krakbau.com.pl\/?s={search_term_string}\"},\"query-input\":\"required name=search_term_string\"}],\"inLanguage\":\"de\"},{\"@type\":\"WebPage\",\"@id\":\"https:\/\/krakbau.com.pl\/de\/angebot\/#webpage\",\"url\":\"https:\/\/krakbau.com.pl\/de\/angebot\/\",\"name\":\"Angebot - Krakbau S.A.\",\"isPartOf\":{\"@id\":\"https:\/\/krakbau.com.pl\/#website\"},\"datePublished\":\"2017-08-28T09:45:01+00:00\",\"dateModified\":\"2017-08-28T13:40:57+00:00\",\"breadcrumb\":{\"@id\":\"https:\/\/krakbau.com.pl\/de\/angebot\/#breadcrumb\"},\"inLanguage\":\"de\",\"potentialAction\":[{\"@type\":\"ReadAction\",\"target\":[\"https:\/\/krakbau.com.pl\/de\/angebot\/\"]}]},{\"@type\":\"BreadcrumbList\",\"@id\":\"https:\/\/krakbau.com.pl\/de\/angebot\/#breadcrumb\",\"itemListElement\":[{\"@type\":\"ListItem\",\"position\":1,\"name\":\"Home\",\"item\":\"https:\/\/krakbau.com.pl\/de\/\"},{\"@type\":\"ListItem\",\"position\":2,\"name\":\"Angebot\"}]}]}<\/script>\n<!-- \/ Yoast SEO plugin. -->","yoast_head_json":{"title":"Angebot - Krakbau S.A.","robots":{"index":"index","follow":"follow","max-snippet":"max-snippet:-1","max-image-preview":"max-image-preview:large","max-video-preview":"max-video-preview:-1"},"canonical":"https:\/\/krakbau.com.pl\/de\/angebot\/","og_locale":"de_DE","og_type":"article","og_title":"Angebot - Krakbau S.A.","og_description":"Angebot Krakbau Sp\u00f3\u0142ka Akcyjna ist ein Bauunternehmen, das in ihrem Portfolio sowohl Auftr\u00e4ge im Bereich Hochbau wie auch konservatorische Ma\u00dfnahmen, Elektroarbeiten und Bergbauauftr\u00e4ge hat. Auf mehrj\u00e4hrigen Erfahrung aufbauend, konzentriert sich derzeit das Unternehmen auf: Hochbau, Tunnelbau, Wasser- und Br\u00fcckenbau, Industrieger\u00fcstbau, &hellip; Continued","og_url":"https:\/\/krakbau.com.pl\/de\/angebot\/","og_site_name":"Krakbau S.A.","article_modified_time":"2017-08-28T13:40:57+00:00","twitter_card":"summary","schema":{"@context":"https:\/\/schema.org","@graph":[{"@type":"WebSite","@id":"https:\/\/krakbau.com.pl\/#website","url":"https:\/\/krakbau.com.pl\/","name":"Krakbau S.A.","description":"","potentialAction":[{"@type":"SearchAction","target":{"@type":"EntryPoint","urlTemplate":"https:\/\/krakbau.com.pl\/?s={search_term_string}"},"query-input":"required name=search_term_string"}],"inLanguage":"de"},{"@type":"WebPage","@id":"https:\/\/krakbau.com.pl\/de\/angebot\/#webpage","url":"https:\/\/krakbau.com.pl\/de\/angebot\/","name":"Angebot - Krakbau S.A.","isPartOf":{"@id":"https:\/\/krakbau.com.pl\/#website"},"datePublished":"2017-08-28T09:45:01+00:00","dateModified":"2017-08-28T13:40:57+00:00","breadcrumb":{"@id":"https:\/\/krakbau.com.pl\/de\/angebot\/#breadcrumb"},"inLanguage":"de","potentialAction":[{"@type":"ReadAction","target":["https:\/\/krakbau.com.pl\/de\/angebot\/"]}]},{"@type":"BreadcrumbList","@id":"https:\/\/krakbau.com.pl\/de\/angebot\/#breadcrumb","itemListElement":[{"@type":"ListItem","position":1,"name":"Home","item":"https:\/\/krakbau.com.pl\/de\/"},{"@type":"ListItem","position":2,"name":"Angebot"}]}]}},"_links":{"self":[{"href":"https:\/\/krakbau.com.pl\/de\/wp-json\/wp\/v2\/pages\/1324"}],"collection":[{"href":"https:\/\/krakbau.com.pl\/de\/wp-json\/wp\/v2\/pages"}],"about":[{"href":"https:\/\/krakbau.com.pl\/de\/wp-json\/wp\/v2\/types\/page"}],"author":[{"embeddable":true,"href":"https:\/\/krakbau.com.pl\/de\/wp-json\/wp\/v2\/users\/1"}],"replies":[{"embeddable":true,"href":"https:\/\/krakbau.com.pl\/de\/wp-json\/wp\/v2\/comments?post=1324"}],"version-history":[{"count":5,"href":"https:\/\/krakbau.com.pl\/de\/wp-json\/wp\/v2\/pages\/1324\/revisions"}],"predecessor-version":[{"id":1390,"href":"https:\/\/krakbau.com.pl\/de\/wp-json\/wp\/v2\/pages\/1324\/revisions\/1390"}],"wp:attachment":[{"href":"https:\/\/krakbau.com.pl\/de\/wp-json\/wp\/v2\/media?parent=1324"}],"curies":[{"name":"wp","href":"https:\/\/api.w.org\/{rel}","templated":true}]}}