{"id":1322,"date":"2017-08-28T11:38:28","date_gmt":"2017-08-28T09:38:28","guid":{"rendered":"http:\/\/krakbau.com.pl\/?page_id=1322\/"},"modified":"2017-08-28T11:38:28","modified_gmt":"2017-08-28T09:38:28","slug":"vorstand","status":"publish","type":"page","link":"https:\/\/krakbau.com.pl\/de\/vorstand\/","title":{"rendered":"Vorstand"},"content":{"rendered":"<h1 class=\"title1\">Vorstand<\/h1>\n<p>\u00dcber den Erfolg einer Firma entscheiden immer die Leute. Die Hauptaufgabe eines Leaders ist die Auswahl des passenden Personals und seine richtige Motivation. Das Unternehmen muss \u00fcber ein Team verf\u00fcgen, das seine Ziele und die Strategie der Firma gut kennt und mit seiner T\u00e4tigkeit zufrieden ist.<\/p>\n<p>Das richtige Verh\u00e4ltnis von jugendlichem Eifer zur Erfahrung der Mitarbeiter entscheidet \u00fcber den Erfolg der Firma. Unsere Kraft ist also das Team  junger, ehrgeiziger Fachleute, die von erfahrenen Experten geleitet werden.<\/p>\n<p>Wir arbeiten nach dem Motto: \u201eM\u00f6chtest du erfolgreich werden, musst du es wirklich wollen, unbedingt konsequent bleiben und dich mit voller Hingabe deinem Ziel widmen\u201c.<\/p>\n<h2 class=\"tp2\">Vorstand<\/h2>\n<div class=\"row\">\n<div class=\"col-md-6\">\n<img src=\"\/wp-content\/uploads\/2017\/05\/jerzy-maria-kaliski.jpg\"><\/p>\n<div class=\"zespol-1\">Vorstandsvorsitzender \u2013 Jerzy Maria Kaliski<\/div>\n<\/div>\n<div class=\"col-md-6\">\n<img src=\"\/wp-content\/uploads\/2017\/06\/patrycja-wlodarczyk.jpg\"><\/p>\n<div class=\"zespol-1\">Stellvertretende Vorstandsvorsitzende \u2013 Patrycja W\u0142odarczyk<\/div>\n<\/div>\n<\/div>\n<h2 class=\"tp2\">Aufsichtsrat<\/h2>\n<div class=\"row\">\n<div class=\"col-md-4\">\n<img src=\"\/wp-content\/uploads\/2017\/05\/rada-nadzorcza1.jpg\"><\/p>\n<div class=\"zespol-1\">Jacek Zygmunt<\/div>\n<\/div>\n<div class=\"col-md-4\">\n<img src=\"\/wp-content\/uploads\/2017\/05\/rada-nadzorcza2.jpg\"><\/p>\n<div class=\"zespol-1\">Antoni Moryc<\/div>\n<\/div>\n<div class=\"col-md-4\">\n<img src=\"\/wp-content\/uploads\/2017\/05\/rada-nadzorcza3.jpg\"><\/p>\n<div class=\"zespol-1\">Juliusz Sikora<\/div>\n<\/div>\n<\/div>\n","protected":false},"excerpt":{"rendered":"<p>Vorstand \u00dcber den Erfolg einer Firma entscheiden immer die Leute. Die Hauptaufgabe eines Leaders ist die Auswahl des passenden Personals und seine richtige Motivation. Das Unternehmen muss \u00fcber ein Team verf\u00fcgen, das seine Ziele und die Strategie der Firma gut &hellip; <a href=\"https:\/\/krakbau.com.pl\/de\/vorstand\/\">Continued<\/a><\/p>\n","protected":false},"author":1,"featured_media":0,"parent":0,"menu_order":0,"comment_status":"closed","ping_status":"closed","template":"template-1.php","meta":[],"yoast_head":"<!-- This site is optimized with the Yoast SEO plugin v18.4.1 - https:\/\/yoast.com\/wordpress\/plugins\/seo\/ -->\n<title>Vorstand - Krakbau S.A.<\/title>\n<meta name=\"robots\" content=\"index, follow, max-snippet:-1, max-image-preview:large, max-video-preview:-1\" \/>\n<link rel=\"canonical\" href=\"https:\/\/krakbau.com.pl\/de\/vorstand\/\" \/>\n<meta property=\"og:locale\" content=\"de_DE\" \/>\n<meta property=\"og:type\" content=\"article\" \/>\n<meta property=\"og:title\" content=\"Vorstand - Krakbau S.A.\" \/>\n<meta property=\"og:description\" content=\"Vorstand \u00dcber den Erfolg einer Firma entscheiden immer die Leute. Die Hauptaufgabe eines Leaders ist die Auswahl des passenden Personals und seine richtige Motivation. Das Unternehmen muss \u00fcber ein Team verf\u00fcgen, das seine Ziele und die Strategie der Firma gut &hellip; Continued\" \/>\n<meta property=\"og:url\" content=\"https:\/\/krakbau.com.pl\/de\/vorstand\/\" \/>\n<meta property=\"og:site_name\" content=\"Krakbau S.A.\" \/>\n<meta property=\"og:image\" content=\"https:\/\/krakbau.com.pl\/wp-content\/uploads\/2017\/05\/jerzy-maria-kaliski.jpg\" \/>\n<meta name=\"twitter:card\" content=\"summary\" \/>\n<meta name=\"twitter:label1\" content=\"Gesch\u00e4tzte Lesezeit\" \/>\n\t<meta name=\"twitter:data1\" content=\"1\u00a0Minute\" \/>\n<script type=\"application\/ld+json\" class=\"yoast-schema-graph\">{\"@context\":\"https:\/\/schema.org\",\"@graph\":[{\"@type\":\"WebSite\",\"@id\":\"https:\/\/krakbau.com.pl\/#website\",\"url\":\"https:\/\/krakbau.com.pl\/\",\"name\":\"Krakbau S.A.\",\"description\":\"\",\"potentialAction\":[{\"@type\":\"SearchAction\",\"target\":{\"@type\":\"EntryPoint\",\"urlTemplate\":\"https:\/\/krakbau.com.pl\/?s={search_term_string}\"},\"query-input\":\"required name=search_term_string\"}],\"inLanguage\":\"de\"},{\"@type\":\"ImageObject\",\"@id\":\"https:\/\/krakbau.com.pl\/de\/vorstand\/#primaryimage\",\"inLanguage\":\"de\",\"url\":\"\/wp-content\/uploads\/2017\/05\/jerzy-maria-kaliski.jpg\",\"contentUrl\":\"\/wp-content\/uploads\/2017\/05\/jerzy-maria-kaliski.jpg\"},{\"@type\":\"WebPage\",\"@id\":\"https:\/\/krakbau.com.pl\/de\/vorstand\/#webpage\",\"url\":\"https:\/\/krakbau.com.pl\/de\/vorstand\/\",\"name\":\"Vorstand - Krakbau S.A.\",\"isPartOf\":{\"@id\":\"https:\/\/krakbau.com.pl\/#website\"},\"primaryImageOfPage\":{\"@id\":\"https:\/\/krakbau.com.pl\/de\/vorstand\/#primaryimage\"},\"datePublished\":\"2017-08-28T09:38:28+00:00\",\"dateModified\":\"2017-08-28T09:38:28+00:00\",\"breadcrumb\":{\"@id\":\"https:\/\/krakbau.com.pl\/de\/vorstand\/#breadcrumb\"},\"inLanguage\":\"de\",\"potentialAction\":[{\"@type\":\"ReadAction\",\"target\":[\"https:\/\/krakbau.com.pl\/de\/vorstand\/\"]}]},{\"@type\":\"BreadcrumbList\",\"@id\":\"https:\/\/krakbau.com.pl\/de\/vorstand\/#breadcrumb\",\"itemListElement\":[{\"@type\":\"ListItem\",\"position\":1,\"name\":\"Home\",\"item\":\"https:\/\/krakbau.com.pl\/de\/\"},{\"@type\":\"ListItem\",\"position\":2,\"name\":\"Vorstand\"}]}]}<\/script>\n<!-- \/ Yoast SEO plugin. -->","yoast_head_json":{"title":"Vorstand - Krakbau S.A.","robots":{"index":"index","follow":"follow","max-snippet":"max-snippet:-1","max-image-preview":"max-image-preview:large","max-video-preview":"max-video-preview:-1"},"canonical":"https:\/\/krakbau.com.pl\/de\/vorstand\/","og_locale":"de_DE","og_type":"article","og_title":"Vorstand - Krakbau S.A.","og_description":"Vorstand \u00dcber den Erfolg einer Firma entscheiden immer die Leute. Die Hauptaufgabe eines Leaders ist die Auswahl des passenden Personals und seine richtige Motivation. Das Unternehmen muss \u00fcber ein Team verf\u00fcgen, das seine Ziele und die Strategie der Firma gut &hellip; Continued","og_url":"https:\/\/krakbau.com.pl\/de\/vorstand\/","og_site_name":"Krakbau S.A.","og_image":[{"url":"https:\/\/krakbau.com.pl\/wp-content\/uploads\/2017\/05\/jerzy-maria-kaliski.jpg"}],"twitter_card":"summary","twitter_misc":{"Gesch\u00e4tzte Lesezeit":"1\u00a0Minute"},"schema":{"@context":"https:\/\/schema.org","@graph":[{"@type":"WebSite","@id":"https:\/\/krakbau.com.pl\/#website","url":"https:\/\/krakbau.com.pl\/","name":"Krakbau S.A.","description":"","potentialAction":[{"@type":"SearchAction","target":{"@type":"EntryPoint","urlTemplate":"https:\/\/krakbau.com.pl\/?s={search_term_string}"},"query-input":"required name=search_term_string"}],"inLanguage":"de"},{"@type":"ImageObject","@id":"https:\/\/krakbau.com.pl\/de\/vorstand\/#primaryimage","inLanguage":"de","url":"\/wp-content\/uploads\/2017\/05\/jerzy-maria-kaliski.jpg","contentUrl":"\/wp-content\/uploads\/2017\/05\/jerzy-maria-kaliski.jpg"},{"@type":"WebPage","@id":"https:\/\/krakbau.com.pl\/de\/vorstand\/#webpage","url":"https:\/\/krakbau.com.pl\/de\/vorstand\/","name":"Vorstand - Krakbau S.A.","isPartOf":{"@id":"https:\/\/krakbau.com.pl\/#website"},"primaryImageOfPage":{"@id":"https:\/\/krakbau.com.pl\/de\/vorstand\/#primaryimage"},"datePublished":"2017-08-28T09:38:28+00:00","dateModified":"2017-08-28T09:38:28+00:00","breadcrumb":{"@id":"https:\/\/krakbau.com.pl\/de\/vorstand\/#breadcrumb"},"inLanguage":"de","potentialAction":[{"@type":"ReadAction","target":["https:\/\/krakbau.com.pl\/de\/vorstand\/"]}]},{"@type":"BreadcrumbList","@id":"https:\/\/krakbau.com.pl\/de\/vorstand\/#breadcrumb","itemListElement":[{"@type":"ListItem","position":1,"name":"Home","item":"https:\/\/krakbau.com.pl\/de\/"},{"@type":"ListItem","position":2,"name":"Vorstand"}]}]}},"_links":{"self":[{"href":"https:\/\/krakbau.com.pl\/de\/wp-json\/wp\/v2\/pages\/1322"}],"collection":[{"href":"https:\/\/krakbau.com.pl\/de\/wp-json\/wp\/v2\/pages"}],"about":[{"href":"https:\/\/krakbau.com.pl\/de\/wp-json\/wp\/v2\/types\/page"}],"author":[{"embeddable":true,"href":"https:\/\/krakbau.com.pl\/de\/wp-json\/wp\/v2\/users\/1"}],"replies":[{"embeddable":true,"href":"https:\/\/krakbau.com.pl\/de\/wp-json\/wp\/v2\/comments?post=1322"}],"version-history":[{"count":1,"href":"https:\/\/krakbau.com.pl\/de\/wp-json\/wp\/v2\/pages\/1322\/revisions"}],"predecessor-version":[{"id":1323,"href":"https:\/\/krakbau.com.pl\/de\/wp-json\/wp\/v2\/pages\/1322\/revisions\/1323"}],"wp:attachment":[{"href":"https:\/\/krakbau.com.pl\/de\/wp-json\/wp\/v2\/media?parent=1322"}],"curies":[{"name":"wp","href":"https:\/\/api.w.org\/{rel}","templated":true}]}}