{"id":1319,"date":"2017-08-28T11:33:53","date_gmt":"2017-08-28T09:33:53","guid":{"rendered":"http:\/\/krakbau.com.pl\/?page_id=1319\/"},"modified":"2018-03-15T13:26:13","modified_gmt":"2018-03-15T12:26:13","slug":"ueber-das-unternehmen","status":"publish","type":"page","link":"https:\/\/krakbau.com.pl\/de\/ueber-das-unternehmen\/","title":{"rendered":"\u00dcber das Unternehmen"},"content":{"rendered":"<h1 class=\"title1\">\u00dcber das Unternehmen<\/h1>\n<p>Die Gesellschaft Krakbau Sp\u00f3\u0142ka Akcyjna mit Sitz in Krak\u00f3w, ul. Hamernia 50 ist die Rechtsnachfolgerin von Przedsi\u0119biorstwo Handlowo-Produkcyjne \u201eKrakbau\u201d Sp. z o.o., im M\u00e4rz 1990 gegr\u00fcndet. Sie ist ein Privatunternehmen mit 100%  polnischem Kapital. Der Gr\u00fcnder der Gesellschaft ist Herr Jerzy Maria Kaliski, der seit 1990 als Gesch\u00e4ftsf\u00fchrer fungiert.<\/p>\n<p>Herr Jerzy Maria Kaliski ist Absolvent der Technischen Universit\u00e4t in Krak\u00f3w mit Schwerpunkt Stahlkonstruktionen und eines Doktorandenstudiums im Bereich  Organisation und Management. Nach dem Hochschulabschluss arbeitete er in den Jahren 1969\u20131990 im Bauunternehmen Przedsi\u0119biorstwo Budownictwa Przemys\u0142owego \u201eChemobudowa-Krak\u00f3w\u201c, wo er in den Jahren 1980\u20131990 Generaldirektor war. In dieser Zeit geh\u00f6rte \u201eChemobudowa-Krak\u00f3w\u201d zu den gr\u00f6\u00dften Bauunternehmen und besch\u00e4ftigte 5 500 Mitarbeiter, davon 50% auf ausl\u00e4ndischen Baustellen.<\/p>\n<p>Krakbau S.A. ist seit 1990 in Polen, D\u00e4nemark, Spanien, Italien, Schweden, Frankreich und Deutschland t\u00e4tig. Im Jahre 1992 wurde in Frankfurt\/Main, Deutschland eine Niederlassung von Krakbau S.A. gegr\u00fcndet, im Jahre 2009 entstand eine Niederlassung in Toulouse, Frankreich (2012 geschlossen). Im Jahre 2016 nahm eine Niederlassung in Kopenhagen ihre T\u00e4tigkeit auf.<\/p>\n<p>Die Firma verbindet umfangreiche Kompetenzen ihres Teams mit langen Traditionen des Unternehmens und wurde zum Spezialist auf den Gebieten des Hochbaus, Tunnelbaus, Wasser- und Br\u00fcckenbaus, Industrieger\u00fcstbaus und Elektroarbeiten. <\/p>\n<p>Im Jahre 2011 wurde die Gesellschaft mit der Auszeichnung \u201eAdler des polnischen Business\u201c durch die Stiftung Lech-Walesa-Institut geehrt.<\/p>\n<p>Die Gesellschaft ist Mitglied der Baukammer Galicyjska Izba Budownictwa und CICA Confederation of International Contractors\u2019 Associations.<\/p>\n<h2 class=\"tp2\">Zertifikate<\/h2>\n<p>Das Unternehmen hat folgende Zertifikate erhalten:<\/p>\n<ul>\n<li>AQAP 2110:2016 <\/li>\n<li>ISO 9001:2015 <\/li>\n<li>SCC &#8211; Sicherheits Certifikat Contractoren <\/li>\n<li>VRO<\/li>\n<\/ul>\n<div class=\"gallery gallery-1319-1\"><div class=\"row gallery-row\"><div class=\"col-sm-3 col-lg-3\"><a class=\"thumbnail img-thumbnail\" href='https:\/\/krakbau.com.pl\/wp-content\/uploads\/2018\/03\/DE-AQAP-2110-2016-page-001.jpg'><img width=\"150\" height=\"150\" src=\"https:\/\/krakbau.com.pl\/wp-content\/uploads\/2018\/03\/DE-AQAP-2110-2016-page-001-150x150.jpg\" class=\"attachment-thumbnail size-thumbnail\" alt=\"\" loading=\"lazy\" \/><\/a><\/div><div class=\"col-sm-3 col-lg-3\"><a class=\"thumbnail img-thumbnail\" href='https:\/\/krakbau.com.pl\/wp-content\/uploads\/2018\/03\/DE-ISO-9001-2015-page-001.jpg'><img width=\"150\" height=\"150\" src=\"https:\/\/krakbau.com.pl\/wp-content\/uploads\/2018\/03\/DE-ISO-9001-2015-page-001-150x150.jpg\" class=\"attachment-thumbnail size-thumbnail\" alt=\"\" loading=\"lazy\" \/><\/a><\/div><div class=\"col-sm-3 col-lg-3\"><a class=\"thumbnail img-thumbnail\" href='https:\/\/krakbau.com.pl\/wp-content\/uploads\/2017\/05\/certyfikat5.jpg'><img width=\"150\" height=\"150\" src=\"https:\/\/krakbau.com.pl\/wp-content\/uploads\/2017\/05\/certyfikat5-150x150.jpg\" class=\"attachment-thumbnail size-thumbnail\" alt=\"\" loading=\"lazy\" \/><\/a><\/div><div class=\"col-sm-3 col-lg-3\"><a class=\"thumbnail img-thumbnail\" href='https:\/\/krakbau.com.pl\/wp-content\/uploads\/2017\/05\/certyfikat6.jpg'><img width=\"150\" height=\"150\" src=\"https:\/\/krakbau.com.pl\/wp-content\/uploads\/2017\/05\/certyfikat6-150x150.jpg\" class=\"attachment-thumbnail size-thumbnail\" alt=\"\" loading=\"lazy\" \/><\/a><\/div><\/div><div class=\"row gallery-row\"><div class=\"col-sm-3 col-lg-3\"><a class=\"thumbnail img-thumbnail\" href='https:\/\/krakbau.com.pl\/wp-content\/uploads\/2017\/05\/certyfikat4.jpg'><img width=\"150\" height=\"150\" src=\"https:\/\/krakbau.com.pl\/wp-content\/uploads\/2017\/05\/certyfikat4-150x150.jpg\" class=\"attachment-thumbnail size-thumbnail\" alt=\"\" loading=\"lazy\" \/><\/a><\/div><\/div><\/div>\n","protected":false},"excerpt":{"rendered":"<p>\u00dcber das Unternehmen Die Gesellschaft Krakbau Sp\u00f3\u0142ka Akcyjna mit Sitz in Krak\u00f3w, ul. Hamernia 50 ist die Rechtsnachfolgerin von Przedsi\u0119biorstwo Handlowo-Produkcyjne \u201eKrakbau\u201d Sp. z o.o., im M\u00e4rz 1990 gegr\u00fcndet. Sie ist ein Privatunternehmen mit 100% polnischem Kapital. Der Gr\u00fcnder der &hellip; <a href=\"https:\/\/krakbau.com.pl\/de\/ueber-das-unternehmen\/\">Continued<\/a><\/p>\n","protected":false},"author":1,"featured_media":0,"parent":0,"menu_order":0,"comment_status":"closed","ping_status":"closed","template":"template-1.php","meta":[],"yoast_head":"<!-- This site is optimized with the Yoast SEO plugin v18.4.1 - https:\/\/yoast.com\/wordpress\/plugins\/seo\/ -->\n<title>\u00dcber das Unternehmen - Krakbau S.A.<\/title>\n<meta name=\"robots\" content=\"index, follow, max-snippet:-1, max-image-preview:large, max-video-preview:-1\" \/>\n<link rel=\"canonical\" href=\"https:\/\/krakbau.com.pl\/de\/ueber-das-unternehmen\/\" \/>\n<meta property=\"og:locale\" content=\"de_DE\" \/>\n<meta property=\"og:type\" content=\"article\" \/>\n<meta property=\"og:title\" content=\"\u00dcber das Unternehmen - Krakbau S.A.\" \/>\n<meta property=\"og:description\" content=\"\u00dcber das Unternehmen Die Gesellschaft Krakbau Sp\u00f3\u0142ka Akcyjna mit Sitz in Krak\u00f3w, ul. Hamernia 50 ist die Rechtsnachfolgerin von Przedsi\u0119biorstwo Handlowo-Produkcyjne \u201eKrakbau\u201d Sp. z o.o., im M\u00e4rz 1990 gegr\u00fcndet. Sie ist ein Privatunternehmen mit 100% polnischem Kapital. Der Gr\u00fcnder der &hellip; Continued\" \/>\n<meta property=\"og:url\" content=\"https:\/\/krakbau.com.pl\/de\/ueber-das-unternehmen\/\" \/>\n<meta property=\"og:site_name\" content=\"Krakbau S.A.\" \/>\n<meta property=\"article:modified_time\" content=\"2018-03-15T12:26:13+00:00\" \/>\n<meta property=\"og:image\" content=\"https:\/\/krakbau.com.pl\/wp-content\/uploads\/2018\/03\/DE-AQAP-2110-2016-page-001-150x150.jpg\" \/>\n<meta name=\"twitter:card\" content=\"summary\" \/>\n<meta name=\"twitter:label1\" content=\"Gesch\u00e4tzte Lesezeit\" \/>\n\t<meta name=\"twitter:data1\" content=\"1\u00a0Minute\" \/>\n<script type=\"application\/ld+json\" class=\"yoast-schema-graph\">{\"@context\":\"https:\/\/schema.org\",\"@graph\":[{\"@type\":\"WebSite\",\"@id\":\"https:\/\/krakbau.com.pl\/#website\",\"url\":\"https:\/\/krakbau.com.pl\/\",\"name\":\"Krakbau S.A.\",\"description\":\"\",\"potentialAction\":[{\"@type\":\"SearchAction\",\"target\":{\"@type\":\"EntryPoint\",\"urlTemplate\":\"https:\/\/krakbau.com.pl\/?s={search_term_string}\"},\"query-input\":\"required name=search_term_string\"}],\"inLanguage\":\"de\"},{\"@type\":\"WebPage\",\"@id\":\"https:\/\/krakbau.com.pl\/de\/ueber-das-unternehmen\/#webpage\",\"url\":\"https:\/\/krakbau.com.pl\/de\/ueber-das-unternehmen\/\",\"name\":\"\u00dcber das Unternehmen - Krakbau S.A.\",\"isPartOf\":{\"@id\":\"https:\/\/krakbau.com.pl\/#website\"},\"datePublished\":\"2017-08-28T09:33:53+00:00\",\"dateModified\":\"2018-03-15T12:26:13+00:00\",\"breadcrumb\":{\"@id\":\"https:\/\/krakbau.com.pl\/de\/ueber-das-unternehmen\/#breadcrumb\"},\"inLanguage\":\"de\",\"potentialAction\":[{\"@type\":\"ReadAction\",\"target\":[\"https:\/\/krakbau.com.pl\/de\/ueber-das-unternehmen\/\"]}]},{\"@type\":\"BreadcrumbList\",\"@id\":\"https:\/\/krakbau.com.pl\/de\/ueber-das-unternehmen\/#breadcrumb\",\"itemListElement\":[{\"@type\":\"ListItem\",\"position\":1,\"name\":\"Home\",\"item\":\"https:\/\/krakbau.com.pl\/de\/\"},{\"@type\":\"ListItem\",\"position\":2,\"name\":\"\u00dcber das Unternehmen\"}]}]}<\/script>\n<!-- \/ Yoast SEO plugin. -->","yoast_head_json":{"title":"\u00dcber das Unternehmen - Krakbau S.A.","robots":{"index":"index","follow":"follow","max-snippet":"max-snippet:-1","max-image-preview":"max-image-preview:large","max-video-preview":"max-video-preview:-1"},"canonical":"https:\/\/krakbau.com.pl\/de\/ueber-das-unternehmen\/","og_locale":"de_DE","og_type":"article","og_title":"\u00dcber das Unternehmen - Krakbau S.A.","og_description":"\u00dcber das Unternehmen Die Gesellschaft Krakbau Sp\u00f3\u0142ka Akcyjna mit Sitz in Krak\u00f3w, ul. Hamernia 50 ist die Rechtsnachfolgerin von Przedsi\u0119biorstwo Handlowo-Produkcyjne \u201eKrakbau\u201d Sp. z o.o., im M\u00e4rz 1990 gegr\u00fcndet. Sie ist ein Privatunternehmen mit 100% polnischem Kapital. Der Gr\u00fcnder der &hellip; Continued","og_url":"https:\/\/krakbau.com.pl\/de\/ueber-das-unternehmen\/","og_site_name":"Krakbau S.A.","article_modified_time":"2018-03-15T12:26:13+00:00","og_image":[{"url":"https:\/\/krakbau.com.pl\/wp-content\/uploads\/2018\/03\/DE-AQAP-2110-2016-page-001-150x150.jpg"}],"twitter_card":"summary","twitter_misc":{"Gesch\u00e4tzte Lesezeit":"1\u00a0Minute"},"schema":{"@context":"https:\/\/schema.org","@graph":[{"@type":"WebSite","@id":"https:\/\/krakbau.com.pl\/#website","url":"https:\/\/krakbau.com.pl\/","name":"Krakbau S.A.","description":"","potentialAction":[{"@type":"SearchAction","target":{"@type":"EntryPoint","urlTemplate":"https:\/\/krakbau.com.pl\/?s={search_term_string}"},"query-input":"required name=search_term_string"}],"inLanguage":"de"},{"@type":"WebPage","@id":"https:\/\/krakbau.com.pl\/de\/ueber-das-unternehmen\/#webpage","url":"https:\/\/krakbau.com.pl\/de\/ueber-das-unternehmen\/","name":"\u00dcber das Unternehmen - Krakbau S.A.","isPartOf":{"@id":"https:\/\/krakbau.com.pl\/#website"},"datePublished":"2017-08-28T09:33:53+00:00","dateModified":"2018-03-15T12:26:13+00:00","breadcrumb":{"@id":"https:\/\/krakbau.com.pl\/de\/ueber-das-unternehmen\/#breadcrumb"},"inLanguage":"de","potentialAction":[{"@type":"ReadAction","target":["https:\/\/krakbau.com.pl\/de\/ueber-das-unternehmen\/"]}]},{"@type":"BreadcrumbList","@id":"https:\/\/krakbau.com.pl\/de\/ueber-das-unternehmen\/#breadcrumb","itemListElement":[{"@type":"ListItem","position":1,"name":"Home","item":"https:\/\/krakbau.com.pl\/de\/"},{"@type":"ListItem","position":2,"name":"\u00dcber das Unternehmen"}]}]}},"_links":{"self":[{"href":"https:\/\/krakbau.com.pl\/de\/wp-json\/wp\/v2\/pages\/1319"}],"collection":[{"href":"https:\/\/krakbau.com.pl\/de\/wp-json\/wp\/v2\/pages"}],"about":[{"href":"https:\/\/krakbau.com.pl\/de\/wp-json\/wp\/v2\/types\/page"}],"author":[{"embeddable":true,"href":"https:\/\/krakbau.com.pl\/de\/wp-json\/wp\/v2\/users\/1"}],"replies":[{"embeddable":true,"href":"https:\/\/krakbau.com.pl\/de\/wp-json\/wp\/v2\/comments?post=1319"}],"version-history":[{"count":3,"href":"https:\/\/krakbau.com.pl\/de\/wp-json\/wp\/v2\/pages\/1319\/revisions"}],"predecessor-version":[{"id":1581,"href":"https:\/\/krakbau.com.pl\/de\/wp-json\/wp\/v2\/pages\/1319\/revisions\/1581"}],"wp:attachment":[{"href":"https:\/\/krakbau.com.pl\/de\/wp-json\/wp\/v2\/media?parent=1319"}],"curies":[{"name":"wp","href":"https:\/\/api.w.org\/{rel}","templated":true}]}}